{"id":180,"date":"2025-11-27T10:36:43","date_gmt":"2025-11-27T10:36:43","guid":{"rendered":"https:\/\/fundaciocoravant.org\/contacta\/"},"modified":"2025-12-12T09:42:40","modified_gmt":"2025-12-12T09:42:40","slug":"contacta","status":"publish","type":"page","link":"https:\/\/fundaciocoravant.org\/es\/contacta\/","title":{"rendered":"Contacta"},"content":{"rendered":"\n<div class=\"wp-block-columns is-layout-flex wp-container-core-columns-is-layout-9d6595d7 wp-block-columns-is-layout-flex\">\n<div class=\"wp-block-column is-layout-flow wp-block-column-is-layout-flow\">\n<div class=\"wp-block-contact-form-7-contact-form-selector\">\n<div class=\"wpcf7 no-js\" id=\"wpcf7-f142-o1\" lang=\"ca\" dir=\"ltr\" data-wpcf7-id=\"142\">\n<div class=\"screen-reader-response\"><p role=\"status\" aria-live=\"polite\" aria-atomic=\"true\"><\/p> <ul><\/ul><\/div>\n<form action=\"\/es\/wp-json\/wp\/v2\/pages\/180#wpcf7-f142-o1\" method=\"post\" class=\"wpcf7-form init\" aria-label=\"Formulari de contacte\" novalidate=\"novalidate\" data-status=\"init\">\n<fieldset class=\"hidden-fields-container\"><input type=\"hidden\" name=\"_wpcf7\" value=\"142\" \/><input type=\"hidden\" name=\"_wpcf7_version\" value=\"6.1.5\" \/><input type=\"hidden\" name=\"_wpcf7_locale\" value=\"ca\" \/><input type=\"hidden\" name=\"_wpcf7_unit_tag\" value=\"wpcf7-f142-o1\" \/><input type=\"hidden\" name=\"_wpcf7_container_post\" value=\"0\" \/><input type=\"hidden\" name=\"_wpcf7_posted_data_hash\" value=\"\" \/><input type=\"hidden\" name=\"_wpcf7_recaptcha_response\" value=\"\" \/>\n<\/fieldset>\n<p>Nom i cognoms*\n<\/p>\n<p><span class=\"wpcf7-form-control-wrap\" data-name=\"text-801\"><input size=\"40\" maxlength=\"400\" class=\"wpcf7-form-control wpcf7-text wpcf7-validates-as-required\" aria-required=\"true\" aria-invalid=\"false\" value=\"\" type=\"text\" name=\"text-801\" \/><\/span>\n<\/p>\n<p>Poblaci\u00f3*\n<\/p>\n<p><span class=\"wpcf7-form-control-wrap\" data-name=\"text-128\"><input size=\"40\" maxlength=\"400\" class=\"wpcf7-form-control wpcf7-text wpcf7-validates-as-required\" aria-required=\"true\" aria-invalid=\"false\" value=\"\" type=\"text\" name=\"text-128\" \/><\/span>\n<\/p>\n<p>Correu electr\u00f2nic*\n<\/p>\n<p><span class=\"wpcf7-form-control-wrap\" data-name=\"email-570\"><input size=\"40\" maxlength=\"400\" class=\"wpcf7-form-control wpcf7-email wpcf7-validates-as-required wpcf7-text wpcf7-validates-as-email\" aria-required=\"true\" aria-invalid=\"false\" value=\"\" type=\"email\" name=\"email-570\" \/><\/span>\n<\/p>\n<p>N\u00famero de tel\u00e8fon*\n<\/p>\n<p><span class=\"wpcf7-form-control-wrap\" data-name=\"tel-548\"><input size=\"40\" maxlength=\"400\" class=\"wpcf7-form-control wpcf7-tel wpcf7-validates-as-required wpcf7-text wpcf7-validates-as-tel\" aria-required=\"true\" aria-invalid=\"false\" value=\"\" type=\"tel\" name=\"tel-548\" \/><\/span>\n<\/p>\n<p>Missatge*\n<\/p>\n<p><span class=\"wpcf7-form-control-wrap\" data-name=\"textarea-778\"><textarea cols=\"40\" rows=\"10\" maxlength=\"2000\" class=\"wpcf7-form-control wpcf7-textarea wpcf7-validates-as-required\" aria-required=\"true\" aria-invalid=\"false\" name=\"textarea-778\"><\/textarea><\/span>\n<\/p>\n<p>Vols rebre informaci\u00f3 de tot el qu\u00e8 fem?*\n<\/p>\n<p><span class=\"wpcf7-form-control-wrap\" data-name=\"checkbox-113\"><span class=\"wpcf7-form-control wpcf7-checkbox wpcf7-validates-as-required wpcf7-exclusive-checkbox\"><span class=\"wpcf7-list-item first\"><label><input type=\"checkbox\" name=\"checkbox-113\" value=\"S\u00ed, tinc un\/a fill\/a amb cardiopatia\" \/><span class=\"wpcf7-list-item-label\">S\u00ed, tinc un\/a fill\/a amb cardiopatia<\/span><\/label><\/span><span class=\"wpcf7-list-item\"><label><input type=\"checkbox\" name=\"checkbox-113\" value=\"S\u00ed, tinc un\/a familiar amb cardiopatia\" \/><span class=\"wpcf7-list-item-label\">S\u00ed, tinc un\/a familiar amb cardiopatia<\/span><\/label><\/span><span class=\"wpcf7-list-item\"><label><input type=\"checkbox\" name=\"checkbox-113\" value=\"S\u00ed, tinc una cardiopatia\" \/><span class=\"wpcf7-list-item-label\">S\u00ed, tinc una cardiopatia<\/span><\/label><\/span><span class=\"wpcf7-list-item\"><label><input type=\"checkbox\" name=\"checkbox-113\" value=\"S\u00ed, perqu\u00e8...\" \/><span class=\"wpcf7-list-item-label\">S\u00ed, perqu\u00e8...<\/span><\/label><\/span><span class=\"wpcf7-list-item last\"><label><input type=\"checkbox\" name=\"checkbox-113\" value=\"No\" \/><span class=\"wpcf7-list-item-label\">No<\/span><\/label><\/span><\/span><\/span>\n<\/p>\n<p>Si has indicat \"S\u00ed, perqu\u00e8...\" explica'ns el motiu per poder-te enviar la informaci\u00f3 que m\u00e9s s'adequi als teus interessos\n<\/p>\n<p><span class=\"wpcf7-form-control-wrap\" data-name=\"text-230\"><input size=\"40\" maxlength=\"400\" class=\"wpcf7-form-control wpcf7-text\" aria-invalid=\"false\" value=\"\" type=\"text\" name=\"text-230\" \/><\/span>\n<\/p>\n<p>*camps obligatoris\n<\/p>\n<p><input class=\"wpcf7-form-control wpcf7-submit has-spinner\" type=\"submit\" value=\"Enviar\" \/><br \/>\n<small>Aquest lloc est\u00e0 protegit per reCAPTCHA i s'apliquen la <a href=\"https:\/\/policies.google.com\/privacy\">pol\u00edtica de privadesa<\/a> i <a href=\"https:\/\/policies.google.com\/terms\">termes del servei<\/a> de Google.<\/small><br \/>\n<small>De conformitat amb el que s'estableix al Reglament Europeu 2016\/679 del Parlament Europeu i la Llei Org\u00e0nica 3\/2018 de Protecci\u00f3 de Dades Personals i Garantia de Drets Digitals, t'informem que les dades incorporades en aquest formulari queden incorporades als sistemes d'informaci\u00f3 propietat de la Fundaci\u00f3 CorAvant, responsable del tractament. <\/small><br \/>\n<small>En qualsevol moment pots exercir els drets de supressi\u00f3, acc\u00e9s, limitaci\u00f3, oposici\u00f3, portabilitat, rectificaci\u00f3 i revocaci\u00f3 del consentiment a trav\u00e9s de l'adre\u00e7a de correu electr\u00f2nic a coravant@fundaciocoravant.org<\/small><br \/>\n<small>Per a m\u00e9s informaci\u00f3 sobre el tractament de les teves dades personals <a href=\" https:\/\/fundaciocoravant.org\/ca\/politica-de-privacitat\/\">consulta la nostra pol\u00edtica de privacitat en el seg\u00fcent enlla\u00e7<\/a><\/small>\n<\/p><div class=\"wpcf7-response-output\" aria-hidden=\"true\"><\/div>\n<\/form>\n<\/div>\n<\/div>\n<\/div>\n\n\n\n<div class=\"wp-block-column is-layout-flow wp-block-column-is-layout-flow\">\n<h2 class=\"wp-block-heading\">\u00bfD\u00f3nde estamos?<\/h2>\n\n\n\n<p>Atendemos tanto presencialmente como virtualmente y las psic\u00f3logas de nuestro equipo se desplazan a los hospitales de referencia con unidades de cardiolog\u00eda del adulto.<\/p>\n\n\n\n<h2 class=\"wp-block-heading\">CorAvant Barcelona<\/h2>\n\n\n\n<p>Carrer Mart\u00ed i Alsina, n\u00fam. 22, local. Barcelona<br\/>93 458 66 53<br\/>Horario de atenci\u00f3n: de lunes a viernes de 9 a 16.30 horas<\/p>\n\n\n\n<p><strong>Psic\u00f3loga de referencia: Rosana Moyano<\/strong><br\/><a href=\"mailto:barcelonacoravant@fundaciocoravant.org\" target=\"_blank\" rel=\"noreferrer noopener\">barcelonacoravant@fundaciocoravant.org<\/a><br\/>610 46 82 39<\/p>\n\n\n\n<h2 class=\"wp-block-heading\">CorAvant Girona<\/h2>\n\n\n\n<p>Local d\u2019Entitats. Passeig d\u2019en Pep Ventura, 1 baixos. Fornells de la Selva<br\/>Horario de atenci\u00f3n: con cita previa<\/p>\n\n\n\n<p><strong>Psic\u00f3loga de referencia: Gemma Solsona<br\/><\/strong><a href=\"mailto:gironacoravant@fundaciocoravant.org\" target=\"_blank\" rel=\"noreferrer noopener\">gironacoravant@fundaciocoravant.org<\/a><br\/>685 274 405<\/p>\n\n\n\n<h2 class=\"wp-block-heading\">CorAvant Tarragona<\/h2>\n\n\n\n<p>Carrer Fortuny, 23. 1r pis. Sala 9. (Edifici Cooperativa Obrera). Tarragona<br\/>Horario de atenci\u00f3n: con cita previa<\/p>\n\n\n\n<p><strong>Psic\u00f3loga de referencia: \u00c0ngels Est\u00e9vez<br\/><\/strong><a href=\"mailto:tarragonacoravant@fundaciocoravant.org\" target=\"_blank\" rel=\"noreferrer noopener\">tarragonacoravant@fundaciocoravant.org<\/a><br\/>661 255 717<\/p>\n\n\n\n<h2 class=\"wp-block-heading\">CorAvant Lleida<\/h2>\n\n\n\n<p>Espai d\u2019Entitats de Salut de Lleida (Gesti\u00f3 de Serveis Sanitaris \u2013 GSS) Carrer Henry Dunant, 1. Lleida<br\/>Horario de atenci\u00f3n: con cita previa<\/p>\n\n\n\n<p><strong>Psic\u00f3loga de referencia: \u00c0ngels Est\u00e9vez<br\/><\/strong><a href=\"mailto:lleidacoravant@fundaciocoravant.org\" target=\"_blank\" rel=\"noreferrer noopener\">lleidacoravant@fundaciocoravant.org<\/a><br\/>661 255 717<\/p>\n\n\n\n<h2 class=\"wp-block-heading\">CorAvant Terres de l&#8217;Ebre<\/h2>\n\n\n\n<p>Carrer Teodora Gonz\u00e1lez, 43. Tortosa<br\/>Horario de atenci\u00f3n: con cita previa<\/p>\n\n\n\n<p><strong>Psic\u00f3loga de referencia: Mireia Salvador<br\/><\/strong>682 74 01 77<br\/><a href=\"mailto:coravant@fundaciocoravant.org\"><strong>msalvador@fundaciocoravant.org<\/strong><\/a><\/p>\n<\/div>\n<\/div>\n","protected":false},"excerpt":{"rendered":"<p>\u00bfD\u00f3nde estamos? Atendemos tanto presencialmente como virtualmente y las psic\u00f3logas de nuestro equipo se desplazan a los hospitales de referencia con unidades de cardiolog\u00eda del adulto. CorAvant Barcelona Carrer Mart\u00ed i Alsina, n\u00fam. 22, local. Barcelona93 458 66 53Horario de atenci\u00f3n: de lunes a viernes de 9 a 16.30 horas Psic\u00f3loga de referencia: Rosana Moyanobarcelonacoravant@fundaciocoravant.org610<a href=\"https:\/\/fundaciocoravant.org\/es\/contacta\/\">Continue reading <span class=\"sr-only\">\u00abContacta\u00bb<\/span><\/a><\/p>\n","protected":false},"author":1,"featured_media":0,"parent":0,"menu_order":0,"comment_status":"closed","ping_status":"closed","template":"","meta":{"_acf_changed":false,"give_campaign_id":0,"footnotes":""},"class_list":["post-180","page","type-page","status-publish","hentry"],"acf":[],"yoast_head":"<!-- This site is optimized with the Yoast SEO plugin v27.2 - https:\/\/yoast.com\/product\/yoast-seo-wordpress\/ -->\n<title>Contacta - CorAvant<\/title>\n<meta name=\"robots\" content=\"index, follow, max-snippet:-1, max-image-preview:large, max-video-preview:-1\" \/>\n<link rel=\"canonical\" href=\"https:\/\/fundaciocoravant.org\/es\/contacta\/\" \/>\n<meta property=\"og:locale\" content=\"es_ES\" \/>\n<meta property=\"og:type\" content=\"article\" \/>\n<meta property=\"og:title\" content=\"Contacta - CorAvant\" \/>\n<meta property=\"og:description\" content=\"\u00bfD\u00f3nde estamos? Atendemos tanto presencialmente como virtualmente y las psic\u00f3logas de nuestro equipo se desplazan a los hospitales de referencia con unidades de cardiolog\u00eda del adulto. CorAvant Barcelona Carrer Mart\u00ed i Alsina, n\u00fam. 22, local. Barcelona93 458 66 53Horario de atenci\u00f3n: de lunes a viernes de 9 a 16.30 horas Psic\u00f3loga de referencia: Rosana Moyanobarcelonacoravant@fundaciocoravant.org610Continue reading &quot;Contacta&quot;\" \/>\n<meta property=\"og:url\" content=\"https:\/\/fundaciocoravant.org\/es\/contacta\/\" \/>\n<meta property=\"og:site_name\" content=\"CorAvant\" \/>\n<meta property=\"article:publisher\" content=\"https:\/\/www.facebook.com\/coravantaacic\" \/>\n<meta property=\"article:modified_time\" content=\"2025-12-12T09:42:40+00:00\" \/>\n<meta name=\"twitter:card\" content=\"summary_large_image\" \/>\n<meta name=\"twitter:site\" content=\"@coravant\" \/>\n<meta name=\"twitter:label1\" content=\"Tiempo de lectura\" \/>\n\t<meta name=\"twitter:data1\" content=\"1 minuto\" \/>\n<script type=\"application\/ld+json\" class=\"yoast-schema-graph\">{\"@context\":\"https:\/\/schema.org\",\"@graph\":[{\"@type\":\"WebPage\",\"@id\":\"https:\/\/fundaciocoravant.org\/es\/contacta\/\",\"url\":\"https:\/\/fundaciocoravant.org\/es\/contacta\/\",\"name\":\"Contacta - CorAvant\",\"isPartOf\":{\"@id\":\"https:\/\/fundaciocoravant.org\/#website\"},\"datePublished\":\"2025-11-27T10:36:43+00:00\",\"dateModified\":\"2025-12-12T09:42:40+00:00\",\"breadcrumb\":{\"@id\":\"https:\/\/fundaciocoravant.org\/es\/contacta\/#breadcrumb\"},\"inLanguage\":\"es\",\"potentialAction\":[{\"@type\":\"ReadAction\",\"target\":[\"https:\/\/fundaciocoravant.org\/es\/contacta\/\"]}]},{\"@type\":\"BreadcrumbList\",\"@id\":\"https:\/\/fundaciocoravant.org\/es\/contacta\/#breadcrumb\",\"itemListElement\":[{\"@type\":\"ListItem\",\"position\":1,\"name\":\"Home\",\"item\":\"https:\/\/fundaciocoravant.org\/es\/\"},{\"@type\":\"ListItem\",\"position\":2,\"name\":\"Contacta\"}]},{\"@type\":\"WebSite\",\"@id\":\"https:\/\/fundaciocoravant.org\/#website\",\"url\":\"https:\/\/fundaciocoravant.org\/\",\"name\":\"CorAvant\",\"description\":\"Fundaci\u00f3 de joves i adults amb cardiopatia\",\"publisher\":{\"@id\":\"https:\/\/fundaciocoravant.org\/#organization\"},\"potentialAction\":[{\"@type\":\"SearchAction\",\"target\":{\"@type\":\"EntryPoint\",\"urlTemplate\":\"https:\/\/fundaciocoravant.org\/?s={search_term_string}\"},\"query-input\":{\"@type\":\"PropertyValueSpecification\",\"valueRequired\":true,\"valueName\":\"search_term_string\"}}],\"inLanguage\":\"es\"},{\"@type\":\"Organization\",\"@id\":\"https:\/\/fundaciocoravant.org\/#organization\",\"name\":\"CorAvant\",\"url\":\"https:\/\/fundaciocoravant.org\/\",\"logo\":{\"@type\":\"ImageObject\",\"inLanguage\":\"es\",\"@id\":\"https:\/\/fundaciocoravant.org\/#\/schema\/logo\/image\/\",\"url\":\"https:\/\/fundaciocoravant.org\/wp-content\/uploads\/2025\/11\/cropped-cropped-LOGO_CORAVANT-15-anys_CASTELLANO.png\",\"contentUrl\":\"https:\/\/fundaciocoravant.org\/wp-content\/uploads\/2025\/11\/cropped-cropped-LOGO_CORAVANT-15-anys_CASTELLANO.png\",\"width\":1404,\"height\":979,\"caption\":\"CorAvant\"},\"image\":{\"@id\":\"https:\/\/fundaciocoravant.org\/#\/schema\/logo\/image\/\"},\"sameAs\":[\"https:\/\/www.facebook.com\/coravantaacic\",\"https:\/\/x.com\/coravant\",\"https:\/\/www.instagram.com\/coravantaacic\/\",\"https:\/\/www.youtube.com\/@CorAvantAACIC_cardiopaties\",\"https:\/\/www.linkedin.com\/company\/fundacio-coravant\/\"]}]}<\/script>\n<!-- \/ Yoast SEO plugin. -->","yoast_head_json":{"title":"Contacta - CorAvant","robots":{"index":"index","follow":"follow","max-snippet":"max-snippet:-1","max-image-preview":"max-image-preview:large","max-video-preview":"max-video-preview:-1"},"canonical":"https:\/\/fundaciocoravant.org\/es\/contacta\/","og_locale":"es_ES","og_type":"article","og_title":"Contacta - CorAvant","og_description":"\u00bfD\u00f3nde estamos? Atendemos tanto presencialmente como virtualmente y las psic\u00f3logas de nuestro equipo se desplazan a los hospitales de referencia con unidades de cardiolog\u00eda del adulto. CorAvant Barcelona Carrer Mart\u00ed i Alsina, n\u00fam. 22, local. Barcelona93 458 66 53Horario de atenci\u00f3n: de lunes a viernes de 9 a 16.30 horas Psic\u00f3loga de referencia: Rosana Moyanobarcelonacoravant@fundaciocoravant.org610Continue reading \"Contacta\"","og_url":"https:\/\/fundaciocoravant.org\/es\/contacta\/","og_site_name":"CorAvant","article_publisher":"https:\/\/www.facebook.com\/coravantaacic","article_modified_time":"2025-12-12T09:42:40+00:00","twitter_card":"summary_large_image","twitter_site":"@coravant","twitter_misc":{"Tiempo de lectura":"1 minuto"},"schema":{"@context":"https:\/\/schema.org","@graph":[{"@type":"WebPage","@id":"https:\/\/fundaciocoravant.org\/es\/contacta\/","url":"https:\/\/fundaciocoravant.org\/es\/contacta\/","name":"Contacta - CorAvant","isPartOf":{"@id":"https:\/\/fundaciocoravant.org\/#website"},"datePublished":"2025-11-27T10:36:43+00:00","dateModified":"2025-12-12T09:42:40+00:00","breadcrumb":{"@id":"https:\/\/fundaciocoravant.org\/es\/contacta\/#breadcrumb"},"inLanguage":"es","potentialAction":[{"@type":"ReadAction","target":["https:\/\/fundaciocoravant.org\/es\/contacta\/"]}]},{"@type":"BreadcrumbList","@id":"https:\/\/fundaciocoravant.org\/es\/contacta\/#breadcrumb","itemListElement":[{"@type":"ListItem","position":1,"name":"Home","item":"https:\/\/fundaciocoravant.org\/es\/"},{"@type":"ListItem","position":2,"name":"Contacta"}]},{"@type":"WebSite","@id":"https:\/\/fundaciocoravant.org\/#website","url":"https:\/\/fundaciocoravant.org\/","name":"CorAvant","description":"Fundaci\u00f3 de joves i adults amb cardiopatia","publisher":{"@id":"https:\/\/fundaciocoravant.org\/#organization"},"potentialAction":[{"@type":"SearchAction","target":{"@type":"EntryPoint","urlTemplate":"https:\/\/fundaciocoravant.org\/?s={search_term_string}"},"query-input":{"@type":"PropertyValueSpecification","valueRequired":true,"valueName":"search_term_string"}}],"inLanguage":"es"},{"@type":"Organization","@id":"https:\/\/fundaciocoravant.org\/#organization","name":"CorAvant","url":"https:\/\/fundaciocoravant.org\/","logo":{"@type":"ImageObject","inLanguage":"es","@id":"https:\/\/fundaciocoravant.org\/#\/schema\/logo\/image\/","url":"https:\/\/fundaciocoravant.org\/wp-content\/uploads\/2025\/11\/cropped-cropped-LOGO_CORAVANT-15-anys_CASTELLANO.png","contentUrl":"https:\/\/fundaciocoravant.org\/wp-content\/uploads\/2025\/11\/cropped-cropped-LOGO_CORAVANT-15-anys_CASTELLANO.png","width":1404,"height":979,"caption":"CorAvant"},"image":{"@id":"https:\/\/fundaciocoravant.org\/#\/schema\/logo\/image\/"},"sameAs":["https:\/\/www.facebook.com\/coravantaacic","https:\/\/x.com\/coravant","https:\/\/www.instagram.com\/coravantaacic\/","https:\/\/www.youtube.com\/@CorAvantAACIC_cardiopaties","https:\/\/www.linkedin.com\/company\/fundacio-coravant\/"]}]}},"campaignId":"","_links":{"self":[{"href":"https:\/\/fundaciocoravant.org\/es\/wp-json\/wp\/v2\/pages\/180","targetHints":{"allow":["GET"]}}],"collection":[{"href":"https:\/\/fundaciocoravant.org\/es\/wp-json\/wp\/v2\/pages"}],"about":[{"href":"https:\/\/fundaciocoravant.org\/es\/wp-json\/wp\/v2\/types\/page"}],"author":[{"embeddable":true,"href":"https:\/\/fundaciocoravant.org\/es\/wp-json\/wp\/v2\/users\/1"}],"replies":[{"embeddable":true,"href":"https:\/\/fundaciocoravant.org\/es\/wp-json\/wp\/v2\/comments?post=180"}],"version-history":[{"count":2,"href":"https:\/\/fundaciocoravant.org\/es\/wp-json\/wp\/v2\/pages\/180\/revisions"}],"predecessor-version":[{"id":227,"href":"https:\/\/fundaciocoravant.org\/es\/wp-json\/wp\/v2\/pages\/180\/revisions\/227"}],"wp:attachment":[{"href":"https:\/\/fundaciocoravant.org\/es\/wp-json\/wp\/v2\/media?parent=180"}],"curies":[{"name":"wp","href":"https:\/\/api.w.org\/{rel}","templated":true}]}}