{"id":183,"date":"2025-11-27T10:36:22","date_gmt":"2025-11-27T10:36:22","guid":{"rendered":"https:\/\/fundaciocoravant.org\/que-fem\/"},"modified":"2026-03-20T15:40:35","modified_gmt":"2026-03-20T15:40:35","slug":"apoyo-cardiopatias","status":"publish","type":"page","link":"https:\/\/fundaciocoravant.org\/es\/apoyo-cardiopatias\/","title":{"rendered":"Qu\u00e9 hacemos: apoyo para personas con cardiopat\u00eda y sus familias"},"content":{"rendered":"\n<h2 class=\"wp-block-heading mb-4\" style=\"font-size:24px\">Atenci\u00f3n psicosocial, acompa\u00f1amiento emocional y orientaci\u00f3n personalizada a j\u00f3venes y adultos con cardiopat\u00eda<\/h2>\n\n\n\n<ul class=\"wp-block-list\">\n<li>Te apoyamos y te acompa\u00f1amos de forma individual para <strong>empoderarte y capacitarte<\/strong> a superar las dificultades que te puedes encontrar en tu d\u00eda a d\u00eda cuando vives con una cardiopat\u00eda. <\/li>\n\n\n\n<li>Te informamos y orientamos sobre tu <strong>cardiopat\u00eda y sus repercusiones<\/strong>, ofreci\u00e9ndote recursos para pacientes cardiopatas adaptados a cada situaci\u00f3n. <\/li>\n\n\n\n<li>Te asesoramos, acompa\u00f1amos y te damos apoyo emocional en cardiopat\u00edas en los distintos momentos del <strong>diagn\u00f3stico<\/strong> y la <strong>adaptaci\u00f3n a tu vida cotidiana.<\/strong><\/li>\n\n\n\n<li>Te ofrecemos recursos que te ayudaran a adaptarte a un <strong>estilo de vida adecuado<\/strong> para ti y a disminuir y\/o eliminar las posibles situaciones de riesgo relacionadas con tu patolog\u00eda. <\/li>\n\n\n\n<li>Te acompa\u00f1amos en los distintos momentos relacionados con los <strong>cambios en tu diagn\u00f3stico y en el tratamiento de la patolog\u00eda antes, durante y despu\u00e9s dela intervenci\u00f3n quir\u00fargica<\/strong>, durante las estancias de ingreso en el hospital i despu\u00e9s del alta hospitalaria con las visitas de consultas externas (proyecto Con\u00e9ctate)<\/li>\n\n\n\n<li><strong>Orientaci\u00f3n y asesoramiento laboral<\/strong> para personas con cardiopat\u00edas. <\/li>\n\n\n\n<li><strong>Espacios de encuentro:<\/strong> el intercambio de experiencias siempre ha sido la base de nuestra entidad, porqu\u00e9 creemos que compartiendo vivencias similares podemos alentar a las personas que est\u00e1n pasando por una situaci\u00f3n complicada a tirar adelante. Te ofrecemos un espacio donde compartir miedos, alegr\u00edas, angustias, experiencias y sentimientos con otras personas que, como t\u00fa, tambi\u00e9n tienen una cardiopat\u00eda. <\/li>\n\n\n\n<li><strong>Promoci\u00f3n de h\u00e1bitos saludables<\/strong> para personas con cardiopat\u00edas. <\/li>\n\n\n\n<li><strong>Taller de relajaci\u00f3n Cuerpo y Mente:<\/strong> nuestro cuerpo est\u00e1 expuesto a una serie de actividades que nos avocan a hacer movimientos repetitivos que tienen un impacto en nuestra postura y en el estado corporal. Te ofrecemos un espacio para ti, de una hora a la semana, para <strong>conectar con tu cuerpo y tu mente<\/strong>, potenciar el autoconocimiento, controlar el estr\u00e9s y favorecer tu bienestar emocional y f\u00edsico. <\/li>\n<\/ul>\n\n\n\n<div style=\"height:20px\" aria-hidden=\"true\" class=\"wp-block-spacer\"><\/div>\n\n\n\n<p>El <strong>proyecto de atenci\u00f3n psicosocial, acompa\u00f1amiento emocional y orientaci\u00f3n personalizada a j\u00f3venes y adultos con <a href=\"https:\/\/fundaciocoravant.org\/es\/las-cardiopatias\/\">cardiopat\u00eda<\/a>, <\/strong>cuenta con la <strong>colaboraci\u00f3n del <strong>Departament de Promoci\u00f3 Salut P\u00fablica de<\/strong> la Diputaci\u00f3 de Tarragona<\/strong> (2.805,25\u20ac) con el proyecto Suport a Joves i Adults amb Malalties Cardiovasculars, de la <strong>Diputaci\u00f3 de Lleida<\/strong> y de la <strong>Generalitat de Catalunya<\/strong>.<\/p>\n\n\n\n<div style=\"height:20px\" aria-hidden=\"true\" class=\"wp-block-spacer\"><\/div>\n\n\n\n<p>El <strong>proyecto de orientaci\u00f3n y asesoramiento laboral para personas con cardiopat\u00edas<\/strong>, cuenta con la <strong>colaboraci\u00f3n del \u00c0rea de Persones i Talent de la Diputaci\u00f3 de Tarragona <\/strong>(4.919,86\u20ac)<\/p>\n\n\n\n<div style=\"height:50px\" aria-hidden=\"true\" class=\"wp-block-spacer\"><\/div>\n\n\n\n<h2 class=\"wp-block-heading\" style=\"font-size:24px\">Atenci\u00f3n psicosocial, apoyo cardiopat\u00edas y acompa\u00f1amiento emocional a las familias que tienen un familiar con una enfermedad cardiovascular<\/h2>\n\n\n\n<p>Cuando una persona de la familias tiene dificultades de salud importantes, <strong>toda la familia lo vive<\/strong>. Por eso ofrecemos apoyo para familias con cardiopat\u00edas, ayudando a comprender las dificultades y necesidades concretas que pueden surgir. <\/p>\n\n\n\n<p>Te ofrecemos acompa\u00f1amiento familiar en los distintos momentos relacionados con los cambios de diagn\u00f3stico y en el tratamiento de la patolog\u00eda de tu familiar (proyecto Con\u00e9ctate)<\/p>\n\n\n\n<div style=\"height:50px\" aria-hidden=\"true\" class=\"wp-block-spacer\"><\/div>\n\n\n\n<h2 class=\"wp-block-heading\" style=\"font-size:24px\">Atenci\u00f3n psicosocial a los profesionales que tienen relaci\u00f3n con j\u00f3venes y adultos con cardiopat\u00eda<\/h2>\n\n\n\n<p>Queremos que la sociedad est\u00e9 preparada para entender las dificultades de las persones que viven con una cardiopat\u00eda cuando les llegan las situaciones de crisis y las bajadas en su estado de salud. Si lo necesitas, ofrecemos apoyo y orientaci\u00f3n a profesionales que acompa\u00f1an a pacientes del coraz\u00f3n, ayud\u00e1ndoles a comprender mejor estas situaciones. <\/p>\n\n\n\n<div style=\"height:50px\" aria-hidden=\"true\" class=\"wp-block-spacer\"><\/div>\n\n\n\n<h2 class=\"wp-block-heading\" style=\"font-size:24px\">Investigaci\u00f3n<\/h2>\n\n\n\n<p>La investigaci\u00f3n nos permite <strong>crecer y avanza<\/strong>r dentro del mundo de las cardiopat\u00edas cong\u00e9nitas, <strong>investigar, conocer, innovar, aprender y evolucionar en la mejora del d\u00eda a d\u00eda de las personas que viven con una cardiopat\u00eda y sus familias. <\/strong> <\/p>\n\n\n\n<p>Constantemente se hace investigaci\u00f3n porque las patolog\u00edas var\u00edan y evolucionan. Hay una evoluci\u00f3n m\u00e9dica en investigaci\u00f3n y nosotros vamos de la mano para investigar su impacto psicol\u00f3gico y sus repercusiones no m\u00e9dicas.<\/p>\n\n\n\n<div style=\"height:50px\" aria-hidden=\"true\" class=\"wp-block-spacer\"><\/div>\n\n\n\n<h2 class=\"wp-block-heading\" style=\"font-size:24px\">Cooperaci\u00f3n internacional<\/h2>\n\n\n\n<p>El proyecto Cors Valents nace el marzo de 2016<strong> <\/strong>fijando la mirada en aquellos ni\u00f1os y ni\u00f1as que han nacido en guerra o fuera de su pa\u00eds, y, actualmente, est\u00e1n sufriendo las consecuencias de no haber tenido un diagn\u00f3stico a tiempo ni haber sido intervenidos quir\u00fargicamente cuando tocaba. Algunas de estas consecuencias son: insuficiencias card\u00edacas, falta de ox\u00edgeno, condiciones de salud malas que pueden comportar riesgo de infecciones, desnutrici\u00f3n\u2026 <\/p>\n\n\n\n<p>El objetivo principal del <strong>proyecto Cors Valents<\/strong> es ofrecer apoyo a ni\u00f1os y ni\u00f1as con enfermedades del coraz\u00f3n en contextos de alta vulnerabilidad: identificar las necesidades de los ni\u00f1os y las ni\u00f1as con cardiopat\u00eda cong\u00e9nita, emprender procesos legales y trasladarlos a Espa\u00f1a u otros pa\u00edses de acogida de Europa para poder intervenirlos quir\u00fargicamente y tratarlos en los hospitales de referencia. En el caso de la poblaci\u00f3n saharaui, se adaptar\u00e1 este objetivo a la legislaci\u00f3n espa\u00f1ola a trav\u00e9s de los programas espec\u00edficos de soporte a esta poblaci\u00f3n.<\/p>\n\n\n\n<div class=\"wp-block-buttons is-layout-flex wp-block-buttons-is-layout-flex\">\n<div class=\"wp-block-button\"><a class=\"wp-block-button__link wp-element-button\" href=\"https:\/\/fundaciocoravant.org\/wp-content\/uploads\/2023\/03\/MEMORIA-PROJECTE-UCRAINA_FUNDACIO-CORAVANT.pdf\" target=\"_blank\" rel=\"noreferrer noopener\">Memoria del proyecto de apoyo y acogida de familias ucranianas<\/a><\/div>\n<\/div>\n","protected":false},"excerpt":{"rendered":"<p>Atenci\u00f3n psicosocial, acompa\u00f1amiento emocional y orientaci\u00f3n personalizada a j\u00f3venes y adultos con cardiopat\u00eda El proyecto de atenci\u00f3n psicosocial, acompa\u00f1amiento emocional y orientaci\u00f3n personalizada a j\u00f3venes y adultos con cardiopat\u00eda, cuenta con la colaboraci\u00f3n del Departament de Promoci\u00f3 Salut P\u00fablica de la Diputaci\u00f3 de Tarragona (2.805,25\u20ac) con el proyecto Suport a Joves i Adults amb Malalties<a href=\"https:\/\/fundaciocoravant.org\/es\/apoyo-cardiopatias\/\">Continue reading <span class=\"sr-only\">\u00abQu\u00e9 hacemos: apoyo para personas con cardiopat\u00eda y sus familias\u00bb<\/span><\/a><\/p>\n","protected":false},"author":1,"featured_media":0,"parent":0,"menu_order":0,"comment_status":"closed","ping_status":"closed","template":"","meta":{"_acf_changed":false,"give_campaign_id":0,"footnotes":""},"class_list":["post-183","page","type-page","status-publish","hentry"],"acf":[],"yoast_head":"<!-- This site is optimized with the Yoast SEO plugin v27.2 - https:\/\/yoast.com\/product\/yoast-seo-wordpress\/ -->\n<title>Apoyo cardiopat\u00edas | Acompa\u00f1amiento Fundaci\u00f3n CorAvant<\/title>\n<meta name=\"description\" content=\"Apoyo para personas con cardiopat\u00eda y sus familias: orientaci\u00f3n, recursos y atenci\u00f3n psicosocial para mejorar la calidad de vida.\" \/>\n<meta name=\"robots\" content=\"index, follow, max-snippet:-1, max-image-preview:large, max-video-preview:-1\" \/>\n<link rel=\"canonical\" href=\"https:\/\/fundaciocoravant.org\/es\/apoyo-cardiopatias\/\" \/>\n<meta property=\"og:locale\" content=\"es_ES\" \/>\n<meta property=\"og:type\" content=\"article\" \/>\n<meta property=\"og:title\" content=\"Apoyo cardiopat\u00edas | Acompa\u00f1amiento Fundaci\u00f3n CorAvant\" \/>\n<meta property=\"og:description\" content=\"Apoyo para personas con cardiopat\u00eda y sus familias: orientaci\u00f3n, recursos y atenci\u00f3n psicosocial para mejorar la calidad de vida.\" \/>\n<meta property=\"og:url\" content=\"https:\/\/fundaciocoravant.org\/es\/apoyo-cardiopatias\/\" \/>\n<meta property=\"og:site_name\" content=\"CorAvant\" \/>\n<meta property=\"article:publisher\" content=\"https:\/\/www.facebook.com\/coravantaacic\" \/>\n<meta property=\"article:modified_time\" content=\"2026-03-20T15:40:35+00:00\" \/>\n<meta name=\"twitter:card\" content=\"summary_large_image\" \/>\n<meta name=\"twitter:site\" content=\"@coravant\" \/>\n<meta name=\"twitter:label1\" content=\"Tiempo de lectura\" \/>\n\t<meta name=\"twitter:data1\" content=\"5 minutos\" \/>\n<script type=\"application\/ld+json\" class=\"yoast-schema-graph\">{\"@context\":\"https:\/\/schema.org\",\"@graph\":[{\"@type\":\"WebPage\",\"@id\":\"https:\/\/fundaciocoravant.org\/es\/apoyo-cardiopatias\/\",\"url\":\"https:\/\/fundaciocoravant.org\/es\/apoyo-cardiopatias\/\",\"name\":\"Apoyo cardiopat\u00edas | Acompa\u00f1amiento Fundaci\u00f3n CorAvant\",\"isPartOf\":{\"@id\":\"https:\/\/fundaciocoravant.org\/#website\"},\"datePublished\":\"2025-11-27T10:36:22+00:00\",\"dateModified\":\"2026-03-20T15:40:35+00:00\",\"description\":\"Apoyo para personas con cardiopat\u00eda y sus familias: orientaci\u00f3n, recursos y atenci\u00f3n psicosocial para mejorar la calidad de vida.\",\"breadcrumb\":{\"@id\":\"https:\/\/fundaciocoravant.org\/es\/apoyo-cardiopatias\/#breadcrumb\"},\"inLanguage\":\"es\",\"potentialAction\":[{\"@type\":\"ReadAction\",\"target\":[\"https:\/\/fundaciocoravant.org\/es\/apoyo-cardiopatias\/\"]}]},{\"@type\":\"BreadcrumbList\",\"@id\":\"https:\/\/fundaciocoravant.org\/es\/apoyo-cardiopatias\/#breadcrumb\",\"itemListElement\":[{\"@type\":\"ListItem\",\"position\":1,\"name\":\"Home\",\"item\":\"https:\/\/fundaciocoravant.org\/es\/\"},{\"@type\":\"ListItem\",\"position\":2,\"name\":\"Qu\u00e9 hacemos: apoyo para personas con cardiopat\u00eda y sus familias\"}]},{\"@type\":\"WebSite\",\"@id\":\"https:\/\/fundaciocoravant.org\/#website\",\"url\":\"https:\/\/fundaciocoravant.org\/\",\"name\":\"CorAvant\",\"description\":\"Fundaci\u00f3 de joves i adults amb cardiopatia\",\"publisher\":{\"@id\":\"https:\/\/fundaciocoravant.org\/#organization\"},\"potentialAction\":[{\"@type\":\"SearchAction\",\"target\":{\"@type\":\"EntryPoint\",\"urlTemplate\":\"https:\/\/fundaciocoravant.org\/?s={search_term_string}\"},\"query-input\":{\"@type\":\"PropertyValueSpecification\",\"valueRequired\":true,\"valueName\":\"search_term_string\"}}],\"inLanguage\":\"es\"},{\"@type\":\"Organization\",\"@id\":\"https:\/\/fundaciocoravant.org\/#organization\",\"name\":\"CorAvant\",\"url\":\"https:\/\/fundaciocoravant.org\/\",\"logo\":{\"@type\":\"ImageObject\",\"inLanguage\":\"es\",\"@id\":\"https:\/\/fundaciocoravant.org\/#\/schema\/logo\/image\/\",\"url\":\"https:\/\/fundaciocoravant.org\/wp-content\/uploads\/2025\/11\/cropped-cropped-LOGO_CORAVANT-15-anys_CASTELLANO.png\",\"contentUrl\":\"https:\/\/fundaciocoravant.org\/wp-content\/uploads\/2025\/11\/cropped-cropped-LOGO_CORAVANT-15-anys_CASTELLANO.png\",\"width\":1404,\"height\":979,\"caption\":\"CorAvant\"},\"image\":{\"@id\":\"https:\/\/fundaciocoravant.org\/#\/schema\/logo\/image\/\"},\"sameAs\":[\"https:\/\/www.facebook.com\/coravantaacic\",\"https:\/\/x.com\/coravant\",\"https:\/\/www.instagram.com\/coravantaacic\/\",\"https:\/\/www.youtube.com\/@CorAvantAACIC_cardiopaties\",\"https:\/\/www.linkedin.com\/company\/fundacio-coravant\/\"]}]}<\/script>\n<!-- \/ Yoast SEO plugin. -->","yoast_head_json":{"title":"Apoyo cardiopat\u00edas | Acompa\u00f1amiento Fundaci\u00f3n CorAvant","description":"Apoyo para personas con cardiopat\u00eda y sus familias: orientaci\u00f3n, recursos y atenci\u00f3n psicosocial para mejorar la calidad de vida.","robots":{"index":"index","follow":"follow","max-snippet":"max-snippet:-1","max-image-preview":"max-image-preview:large","max-video-preview":"max-video-preview:-1"},"canonical":"https:\/\/fundaciocoravant.org\/es\/apoyo-cardiopatias\/","og_locale":"es_ES","og_type":"article","og_title":"Apoyo cardiopat\u00edas | Acompa\u00f1amiento Fundaci\u00f3n CorAvant","og_description":"Apoyo para personas con cardiopat\u00eda y sus familias: orientaci\u00f3n, recursos y atenci\u00f3n psicosocial para mejorar la calidad de vida.","og_url":"https:\/\/fundaciocoravant.org\/es\/apoyo-cardiopatias\/","og_site_name":"CorAvant","article_publisher":"https:\/\/www.facebook.com\/coravantaacic","article_modified_time":"2026-03-20T15:40:35+00:00","twitter_card":"summary_large_image","twitter_site":"@coravant","twitter_misc":{"Tiempo de lectura":"5 minutos"},"schema":{"@context":"https:\/\/schema.org","@graph":[{"@type":"WebPage","@id":"https:\/\/fundaciocoravant.org\/es\/apoyo-cardiopatias\/","url":"https:\/\/fundaciocoravant.org\/es\/apoyo-cardiopatias\/","name":"Apoyo cardiopat\u00edas | Acompa\u00f1amiento Fundaci\u00f3n CorAvant","isPartOf":{"@id":"https:\/\/fundaciocoravant.org\/#website"},"datePublished":"2025-11-27T10:36:22+00:00","dateModified":"2026-03-20T15:40:35+00:00","description":"Apoyo para personas con cardiopat\u00eda y sus familias: orientaci\u00f3n, recursos y atenci\u00f3n psicosocial para mejorar la calidad de vida.","breadcrumb":{"@id":"https:\/\/fundaciocoravant.org\/es\/apoyo-cardiopatias\/#breadcrumb"},"inLanguage":"es","potentialAction":[{"@type":"ReadAction","target":["https:\/\/fundaciocoravant.org\/es\/apoyo-cardiopatias\/"]}]},{"@type":"BreadcrumbList","@id":"https:\/\/fundaciocoravant.org\/es\/apoyo-cardiopatias\/#breadcrumb","itemListElement":[{"@type":"ListItem","position":1,"name":"Home","item":"https:\/\/fundaciocoravant.org\/es\/"},{"@type":"ListItem","position":2,"name":"Qu\u00e9 hacemos: apoyo para personas con cardiopat\u00eda y sus familias"}]},{"@type":"WebSite","@id":"https:\/\/fundaciocoravant.org\/#website","url":"https:\/\/fundaciocoravant.org\/","name":"CorAvant","description":"Fundaci\u00f3 de joves i adults amb cardiopatia","publisher":{"@id":"https:\/\/fundaciocoravant.org\/#organization"},"potentialAction":[{"@type":"SearchAction","target":{"@type":"EntryPoint","urlTemplate":"https:\/\/fundaciocoravant.org\/?s={search_term_string}"},"query-input":{"@type":"PropertyValueSpecification","valueRequired":true,"valueName":"search_term_string"}}],"inLanguage":"es"},{"@type":"Organization","@id":"https:\/\/fundaciocoravant.org\/#organization","name":"CorAvant","url":"https:\/\/fundaciocoravant.org\/","logo":{"@type":"ImageObject","inLanguage":"es","@id":"https:\/\/fundaciocoravant.org\/#\/schema\/logo\/image\/","url":"https:\/\/fundaciocoravant.org\/wp-content\/uploads\/2025\/11\/cropped-cropped-LOGO_CORAVANT-15-anys_CASTELLANO.png","contentUrl":"https:\/\/fundaciocoravant.org\/wp-content\/uploads\/2025\/11\/cropped-cropped-LOGO_CORAVANT-15-anys_CASTELLANO.png","width":1404,"height":979,"caption":"CorAvant"},"image":{"@id":"https:\/\/fundaciocoravant.org\/#\/schema\/logo\/image\/"},"sameAs":["https:\/\/www.facebook.com\/coravantaacic","https:\/\/x.com\/coravant","https:\/\/www.instagram.com\/coravantaacic\/","https:\/\/www.youtube.com\/@CorAvantAACIC_cardiopaties","https:\/\/www.linkedin.com\/company\/fundacio-coravant\/"]}]}},"campaignId":"","_links":{"self":[{"href":"https:\/\/fundaciocoravant.org\/es\/wp-json\/wp\/v2\/pages\/183","targetHints":{"allow":["GET"]}}],"collection":[{"href":"https:\/\/fundaciocoravant.org\/es\/wp-json\/wp\/v2\/pages"}],"about":[{"href":"https:\/\/fundaciocoravant.org\/es\/wp-json\/wp\/v2\/types\/page"}],"author":[{"embeddable":true,"href":"https:\/\/fundaciocoravant.org\/es\/wp-json\/wp\/v2\/users\/1"}],"replies":[{"embeddable":true,"href":"https:\/\/fundaciocoravant.org\/es\/wp-json\/wp\/v2\/comments?post=183"}],"version-history":[{"count":19,"href":"https:\/\/fundaciocoravant.org\/es\/wp-json\/wp\/v2\/pages\/183\/revisions"}],"predecessor-version":[{"id":1647,"href":"https:\/\/fundaciocoravant.org\/es\/wp-json\/wp\/v2\/pages\/183\/revisions\/1647"}],"wp:attachment":[{"href":"https:\/\/fundaciocoravant.org\/es\/wp-json\/wp\/v2\/media?parent=183"}],"curies":[{"name":"wp","href":"https:\/\/api.w.org\/{rel}","templated":true}]}}