{"id":184,"date":"2025-11-27T10:36:52","date_gmt":"2025-11-27T10:36:52","guid":{"rendered":"https:\/\/fundaciocoravant.org\/collabora\/"},"modified":"2025-12-16T09:13:20","modified_gmt":"2025-12-16T09:13:20","slug":"colabora","status":"publish","type":"page","link":"https:\/\/fundaciocoravant.org\/es\/colabora\/","title":{"rendered":"Colabora"},"content":{"rendered":"\n<p>T\u00fa tambi\u00e9n puedes apoyar a las personas que viven con una cardiopat\u00eda cong\u00e9nita, a sus familias, y a la gente de su entorno. <\/p>\n\n\n\n<p>Te proponemos distintas maneras de colaborar con nosotras.<\/p>\n\n\n\n<h3 class=\"wp-block-heading\">Haz una donaci\u00f3n a la Fundaci\u00f3n CorAvant<\/h3>\n\n\n\n<p>Tu aportaci\u00f3n financiar\u00e1 los proyectos y servicios de atenci\u00f3n directa a los j\u00f3venes y personas adultas que viven con una cardiopat\u00eda y a sus familias.<\/p>\n\n\n\n<div class=\"wp-block-buttons is-layout-flex wp-block-buttons-is-layout-flex\">\n<div class=\"wp-block-button\"><a class=\"wp-block-button__link wp-element-button\" href=\"https:\/\/fundaciocoravant.org\/es\/collabora\/haz-una-donacion-a-la-fundacion-coravant\/\">Dona<\/a><\/div>\n<\/div>\n\n\n\n<div style=\"height:50px\" aria-hidden=\"true\" class=\"wp-block-spacer\"><\/div>\n\n\n\n<h3 class=\"wp-block-heading\">Hazte socio\/a de la Fundaci\u00f3n CorAvant<\/h3>\n\n\n\n<p>Las<strong> enfermedades cardiovasculares<\/strong> pueden afectar a todo el mundo y pueden aparecer en cualquier momento, incluso cuando menos las esperas.<\/p>\n\n\n\n<p>Una buena <strong>gesti\u00f3n emocional<\/strong> es importante para poder afrontar todo el proceso y los cambios que se deriven de la mejor forma.<\/p>\n\n\n\n<p>Desde la <strong>Fundaci\u00f3n CorAvant<\/strong> trabajamos el impacto de la enfermedad en el d\u00eda a d\u00eda y acompa\u00f1amos y apoyamos a las personas que tienen una cardiopat\u00eda u otra patolog\u00eda de coraz\u00f3n y a sus familias.<\/p>\n\n\n\n<div class=\"wp-block-buttons is-layout-flex wp-block-buttons-is-layout-flex\">\n<div class=\"wp-block-button\"><a class=\"wp-block-button__link wp-element-button\" href=\"https:\/\/fundaciocoravant.org\/es\/colabora\/hazte-socio-o-socia-de-coravant\/\">As\u00f3ciate<\/a><\/div>\n<\/div>\n\n\n\n<div style=\"height:50px\" aria-hidden=\"true\" class=\"wp-block-spacer\"><\/div>\n\n\n\n<h3 class=\"wp-block-heading\">Haz una donaci\u00f3n al Fondo Aventuras.Cor<\/h3>\n\n\n\n<p>Necesitamos tu apoyo para continuar ofreciendo c<strong>olonias dirigidas a ni\u00f1os, ni\u00f1as y adolescentes que tienen una cardiopat\u00eda cong\u00e9nita<\/strong>. Estas colonias, creadas en el a\u00f1o 2006, nacieron porqu\u00e9 las familias ve\u00edan que muchos proyectos de ocio no estaban preparados para acoger ni\u00f1os y ni\u00f1as con esta patolog\u00eda. <\/p>\n\n\n\n<p>Las colonias no solo permiten a los ni\u00f1os y ni\u00f1as con cardiopat\u00eda disfrutar de las <strong>actividades inclusivas<\/strong>, sino que tambi\u00e9n ofrecen un espacio seguro donde hermanos, hermanas, familiares y amistades pueden participar, creando un <strong>entorno de normalizaci\u00f3n<\/strong> y de <strong>apoyo mutuo<\/strong>.<\/p>\n\n\n\n<p><strong>Con tu donaci\u00f3n<\/strong> al Fondo Aventuras.Cor <strong>est\u00e1s contribuyendo a ofrecer una experiencia inolvidable y vital<\/strong> a estos ni\u00f1os, ni\u00f1as y adolescentes y a sus familias.<\/p>\n\n\n\n<div class=\"wp-block-buttons is-layout-flex wp-block-buttons-is-layout-flex\">\n<div class=\"wp-block-button\"><a class=\"wp-block-button__link wp-element-button\" href=\"https:\/\/fundaciocoravant.org\/es\/colabora\/haz-una-donacion-al-fondo-aventuras-cor\/\">Haz crecer el fondo Aventuras.Cor<\/a><\/div>\n<\/div>\n\n\n\n<div style=\"height:50px\" aria-hidden=\"true\" class=\"wp-block-spacer\"><\/div>\n\n\n\n<h3 class=\"wp-block-heading\">Crea tu iniciativa solidaria<\/h3>\n\n\n\n<p>Pon en marcha una actividad y recauda fondos para las personas j\u00f3venes y adultas que tienen una cardiopat\u00eda, y sus familias.<\/p>\n\n\n\n<div class=\"wp-block-buttons is-layout-flex wp-block-buttons-is-layout-flex\">\n<div class=\"wp-block-button\"><a class=\"wp-block-button__link wp-element-button\" href=\"https:\/\/fundaciocoravant.org\/es\/colabora\/crea-tu-iniciativa-solidaria\/\">Cu\u00e9ntanos tu idea<\/a><\/div>\n<\/div>\n\n\n\n<div style=\"height:50px\" aria-hidden=\"true\" class=\"wp-block-spacer\"><\/div>\n\n\n\n<h3 class=\"wp-block-heading\">Impl\u00edcate como empresa<\/h3>\n\n\n\n<p>Si eres empresario o empresaria y te gustar\u00eda hacer alguna colaboraci\u00f3n solidaria y\/o desarrollar el programa de Responsabilidad Social Corporativa de tu empresa, nos gustar\u00eda mucho que tuvieras en cuenta a la Fundaci\u00f3n CorAvant.<\/p>\n\n\n\n<p>Dentro de nuestro Plan Estrat\u00e9gico desarrollamos l\u00edneas de acercamiento a la empresa privada para buscar sinergias que faciliten el logro de objetivos comunes.<\/p>\n\n\n\n<p>A lo largo de estos a\u00f1os hemos contado y continuamos haci\u00e9ndolo con empresas de diferentes dimensiones que han adoptado distintas f\u00f3rmulas de colaboraci\u00f3n con nosotras para garantizar la sostenibilidad y calidad de los servicios que destinamos a los j\u00f3venes y adultos con problemas de coraz\u00f3n desde la infancia.<\/p>\n\n\n\n<p>Te contamos algunos ejemplos:<\/p>\n\n\n\n<h4 class=\"wp-block-heading\">Patrocina una actividad<\/h4>\n\n\n\n<p>El patrocinio puede ser directamente a una acci\u00f3n, proyecto o servicio. Algunos ejemplos pueden ser la campa\u00f1a de sensibilizaci\u00f3n con la Fiesta del Coraz\u00f3n en el Tibidabo, los proyectos en los hospitales, las colonias terap\u00e9uticas Tambi\u00e9n puedes colaborar con materiales, cesi\u00f3n de espacios, gastos de difusi\u00f3n y publicidad\u2026 <\/p>\n\n\n\n<h4 class=\"wp-block-heading\">Implica a tus trabajadores y trabajadoras<\/h4>\n\n\n\n<p>La implicaci\u00f3n conjunta entre la empresa y sus empleados y empleadas es un proyecto solidario con un objetivo com\u00fan: reforzar v\u00ednculos. Hay muchas formas de implicar a tu plantilla, pero te queremos explicar dos: <\/p>\n\n\n\n<p><strong>Propuesta de proyectos sociales para la captaci\u00f3n de fondos<\/strong>: entre los trabajadores y trabajadoras y la empresa se dise\u00f1a un sistema de participaci\u00f3n en la decisi\u00f3n de las acciones de captaci\u00f3n de fondos para la financiaci\u00f3n de proyectos como, por ejemplo, realizar peque\u00f1as aportaciones econ\u00f3micas a trav\u00e9s de las n\u00f3minas, de un porcentaje de los beneficios obtenidos, de la compra de loter\u00eda de Navidad de nuestras entidad\u2026<\/p>\n\n\n\n<p><strong>Voluntariado corporativo<\/strong>: los trabajadores y trabajadoras que lo deseen pueden hacer voluntariado con nuestra entidad a trav\u00e9s de un porcentaje de horas de su tiempo libre y un porcentaje de horas que la empresa le puede facilitar.<\/p>\n\n\n\n<p>Para m\u00e1s informaci\u00f3n, nos puedes escribir a <a href=\"mailto:coravant@fundaciocoravant.org\">coravant@fundaciocoravant.org<\/a><\/p>\n\n\n\n<div style=\"height:50px\" aria-hidden=\"true\" class=\"wp-block-spacer\"><\/div>\n\n\n\n<h3 class=\"wp-block-heading\">D\u00e9janos tu legado solidario<\/h3>\n\n\n\n<p>El legado solidario es un <strong>acto de generosidad en tu testamento.<\/strong><\/p>\n\n\n\n<p>La legislaci\u00f3n catalana en materia de sucesiones fija la leg\u00edtima en el 25 % del patrimonio, siendo el resto a libre disposici\u00f3n.<\/p>\n\n\n\n<p>Si no hab\u00edas pensado antes en esto y te interesa dejar parte de tu herencia a la Fundaci\u00f3n CorAvant porqu\u00e9 crees en nosotras y en la labor que hacemos, te podemos poner en contacto, sin ning\u00fan tipo de compromiso, con asesores externos que conocen bien el tema para que te puedan informar.<\/p>\n\n\n\n<p>Piensa en el futuro una vez t\u00fa ya no est\u00e9s. Incluye a la Fundaci\u00f3 CorAvant en tu <strong>testamento <\/strong>y ay\u00fadanos a continuar adelante con nuestra labor. <\/p>\n\n\n\n<p>Para m\u00e1s informaci\u00f3n, nos puedes escribir a <a href=\"mailto:coravant@fundaciocoravant.org\">coravant@fundaciocoravant.org<\/a><\/p>\n","protected":false},"excerpt":{"rendered":"<p>T\u00fa tambi\u00e9n puedes apoyar a las personas que viven con una cardiopat\u00eda cong\u00e9nita, a sus familias, y a la gente de su entorno. Te proponemos distintas maneras de colaborar con nosotras. Haz una donaci\u00f3n a la Fundaci\u00f3n CorAvant Tu aportaci\u00f3n financiar\u00e1 los proyectos y servicios de atenci\u00f3n directa a los j\u00f3venes y personas adultas que<a href=\"https:\/\/fundaciocoravant.org\/es\/colabora\/\">Continue reading <span class=\"sr-only\">\u00abColabora\u00bb<\/span><\/a><\/p>\n","protected":false},"author":1,"featured_media":0,"parent":0,"menu_order":0,"comment_status":"closed","ping_status":"closed","template":"","meta":{"_acf_changed":false,"give_campaign_id":0,"footnotes":""},"class_list":["post-184","page","type-page","status-publish","hentry"],"acf":[],"yoast_head":"<!-- This site is optimized with the Yoast SEO plugin v27.2 - https:\/\/yoast.com\/product\/yoast-seo-wordpress\/ -->\n<title>Colabora - CorAvant<\/title>\n<meta name=\"robots\" content=\"index, follow, max-snippet:-1, max-image-preview:large, max-video-preview:-1\" \/>\n<link rel=\"canonical\" href=\"https:\/\/fundaciocoravant.org\/es\/colabora\/\" \/>\n<meta property=\"og:locale\" content=\"es_ES\" \/>\n<meta property=\"og:type\" content=\"article\" \/>\n<meta property=\"og:title\" content=\"Colabora - CorAvant\" \/>\n<meta property=\"og:description\" content=\"T\u00fa tambi\u00e9n puedes apoyar a las personas que viven con una cardiopat\u00eda cong\u00e9nita, a sus familias, y a la gente de su entorno. Te proponemos distintas maneras de colaborar con nosotras. Haz una donaci\u00f3n a la Fundaci\u00f3n CorAvant Tu aportaci\u00f3n financiar\u00e1 los proyectos y servicios de atenci\u00f3n directa a los j\u00f3venes y personas adultas queContinue reading &quot;Colabora&quot;\" \/>\n<meta property=\"og:url\" content=\"https:\/\/fundaciocoravant.org\/es\/colabora\/\" \/>\n<meta property=\"og:site_name\" content=\"CorAvant\" \/>\n<meta property=\"article:publisher\" content=\"https:\/\/www.facebook.com\/coravantaacic\" \/>\n<meta property=\"article:modified_time\" content=\"2025-12-16T09:13:20+00:00\" \/>\n<meta name=\"twitter:card\" content=\"summary_large_image\" \/>\n<meta name=\"twitter:site\" content=\"@coravant\" \/>\n<meta name=\"twitter:label1\" content=\"Tiempo de lectura\" \/>\n\t<meta name=\"twitter:data1\" content=\"4 minutos\" \/>\n<script type=\"application\/ld+json\" class=\"yoast-schema-graph\">{\"@context\":\"https:\/\/schema.org\",\"@graph\":[{\"@type\":\"WebPage\",\"@id\":\"https:\/\/fundaciocoravant.org\/es\/colabora\/\",\"url\":\"https:\/\/fundaciocoravant.org\/es\/colabora\/\",\"name\":\"Colabora - CorAvant\",\"isPartOf\":{\"@id\":\"https:\/\/fundaciocoravant.org\/#website\"},\"datePublished\":\"2025-11-27T10:36:52+00:00\",\"dateModified\":\"2025-12-16T09:13:20+00:00\",\"breadcrumb\":{\"@id\":\"https:\/\/fundaciocoravant.org\/es\/colabora\/#breadcrumb\"},\"inLanguage\":\"es\",\"potentialAction\":[{\"@type\":\"ReadAction\",\"target\":[\"https:\/\/fundaciocoravant.org\/es\/colabora\/\"]}]},{\"@type\":\"BreadcrumbList\",\"@id\":\"https:\/\/fundaciocoravant.org\/es\/colabora\/#breadcrumb\",\"itemListElement\":[{\"@type\":\"ListItem\",\"position\":1,\"name\":\"Home\",\"item\":\"https:\/\/fundaciocoravant.org\/es\/\"},{\"@type\":\"ListItem\",\"position\":2,\"name\":\"Colabora\"}]},{\"@type\":\"WebSite\",\"@id\":\"https:\/\/fundaciocoravant.org\/#website\",\"url\":\"https:\/\/fundaciocoravant.org\/\",\"name\":\"CorAvant\",\"description\":\"Fundaci\u00f3 de joves i adults amb cardiopatia\",\"publisher\":{\"@id\":\"https:\/\/fundaciocoravant.org\/#organization\"},\"potentialAction\":[{\"@type\":\"SearchAction\",\"target\":{\"@type\":\"EntryPoint\",\"urlTemplate\":\"https:\/\/fundaciocoravant.org\/?s={search_term_string}\"},\"query-input\":{\"@type\":\"PropertyValueSpecification\",\"valueRequired\":true,\"valueName\":\"search_term_string\"}}],\"inLanguage\":\"es\"},{\"@type\":\"Organization\",\"@id\":\"https:\/\/fundaciocoravant.org\/#organization\",\"name\":\"CorAvant\",\"url\":\"https:\/\/fundaciocoravant.org\/\",\"logo\":{\"@type\":\"ImageObject\",\"inLanguage\":\"es\",\"@id\":\"https:\/\/fundaciocoravant.org\/#\/schema\/logo\/image\/\",\"url\":\"https:\/\/fundaciocoravant.org\/wp-content\/uploads\/2025\/11\/cropped-cropped-LOGO_CORAVANT-15-anys_CASTELLANO.png\",\"contentUrl\":\"https:\/\/fundaciocoravant.org\/wp-content\/uploads\/2025\/11\/cropped-cropped-LOGO_CORAVANT-15-anys_CASTELLANO.png\",\"width\":1404,\"height\":979,\"caption\":\"CorAvant\"},\"image\":{\"@id\":\"https:\/\/fundaciocoravant.org\/#\/schema\/logo\/image\/\"},\"sameAs\":[\"https:\/\/www.facebook.com\/coravantaacic\",\"https:\/\/x.com\/coravant\",\"https:\/\/www.instagram.com\/coravantaacic\/\",\"https:\/\/www.youtube.com\/@CorAvantAACIC_cardiopaties\",\"https:\/\/www.linkedin.com\/company\/fundacio-coravant\/\"]}]}<\/script>\n<!-- \/ Yoast SEO plugin. -->","yoast_head_json":{"title":"Colabora - CorAvant","robots":{"index":"index","follow":"follow","max-snippet":"max-snippet:-1","max-image-preview":"max-image-preview:large","max-video-preview":"max-video-preview:-1"},"canonical":"https:\/\/fundaciocoravant.org\/es\/colabora\/","og_locale":"es_ES","og_type":"article","og_title":"Colabora - CorAvant","og_description":"T\u00fa tambi\u00e9n puedes apoyar a las personas que viven con una cardiopat\u00eda cong\u00e9nita, a sus familias, y a la gente de su entorno. Te proponemos distintas maneras de colaborar con nosotras. Haz una donaci\u00f3n a la Fundaci\u00f3n CorAvant Tu aportaci\u00f3n financiar\u00e1 los proyectos y servicios de atenci\u00f3n directa a los j\u00f3venes y personas adultas queContinue reading \"Colabora\"","og_url":"https:\/\/fundaciocoravant.org\/es\/colabora\/","og_site_name":"CorAvant","article_publisher":"https:\/\/www.facebook.com\/coravantaacic","article_modified_time":"2025-12-16T09:13:20+00:00","twitter_card":"summary_large_image","twitter_site":"@coravant","twitter_misc":{"Tiempo de lectura":"4 minutos"},"schema":{"@context":"https:\/\/schema.org","@graph":[{"@type":"WebPage","@id":"https:\/\/fundaciocoravant.org\/es\/colabora\/","url":"https:\/\/fundaciocoravant.org\/es\/colabora\/","name":"Colabora - CorAvant","isPartOf":{"@id":"https:\/\/fundaciocoravant.org\/#website"},"datePublished":"2025-11-27T10:36:52+00:00","dateModified":"2025-12-16T09:13:20+00:00","breadcrumb":{"@id":"https:\/\/fundaciocoravant.org\/es\/colabora\/#breadcrumb"},"inLanguage":"es","potentialAction":[{"@type":"ReadAction","target":["https:\/\/fundaciocoravant.org\/es\/colabora\/"]}]},{"@type":"BreadcrumbList","@id":"https:\/\/fundaciocoravant.org\/es\/colabora\/#breadcrumb","itemListElement":[{"@type":"ListItem","position":1,"name":"Home","item":"https:\/\/fundaciocoravant.org\/es\/"},{"@type":"ListItem","position":2,"name":"Colabora"}]},{"@type":"WebSite","@id":"https:\/\/fundaciocoravant.org\/#website","url":"https:\/\/fundaciocoravant.org\/","name":"CorAvant","description":"Fundaci\u00f3 de joves i adults amb cardiopatia","publisher":{"@id":"https:\/\/fundaciocoravant.org\/#organization"},"potentialAction":[{"@type":"SearchAction","target":{"@type":"EntryPoint","urlTemplate":"https:\/\/fundaciocoravant.org\/?s={search_term_string}"},"query-input":{"@type":"PropertyValueSpecification","valueRequired":true,"valueName":"search_term_string"}}],"inLanguage":"es"},{"@type":"Organization","@id":"https:\/\/fundaciocoravant.org\/#organization","name":"CorAvant","url":"https:\/\/fundaciocoravant.org\/","logo":{"@type":"ImageObject","inLanguage":"es","@id":"https:\/\/fundaciocoravant.org\/#\/schema\/logo\/image\/","url":"https:\/\/fundaciocoravant.org\/wp-content\/uploads\/2025\/11\/cropped-cropped-LOGO_CORAVANT-15-anys_CASTELLANO.png","contentUrl":"https:\/\/fundaciocoravant.org\/wp-content\/uploads\/2025\/11\/cropped-cropped-LOGO_CORAVANT-15-anys_CASTELLANO.png","width":1404,"height":979,"caption":"CorAvant"},"image":{"@id":"https:\/\/fundaciocoravant.org\/#\/schema\/logo\/image\/"},"sameAs":["https:\/\/www.facebook.com\/coravantaacic","https:\/\/x.com\/coravant","https:\/\/www.instagram.com\/coravantaacic\/","https:\/\/www.youtube.com\/@CorAvantAACIC_cardiopaties","https:\/\/www.linkedin.com\/company\/fundacio-coravant\/"]}]}},"campaignId":"","_links":{"self":[{"href":"https:\/\/fundaciocoravant.org\/es\/wp-json\/wp\/v2\/pages\/184","targetHints":{"allow":["GET"]}}],"collection":[{"href":"https:\/\/fundaciocoravant.org\/es\/wp-json\/wp\/v2\/pages"}],"about":[{"href":"https:\/\/fundaciocoravant.org\/es\/wp-json\/wp\/v2\/types\/page"}],"author":[{"embeddable":true,"href":"https:\/\/fundaciocoravant.org\/es\/wp-json\/wp\/v2\/users\/1"}],"replies":[{"embeddable":true,"href":"https:\/\/fundaciocoravant.org\/es\/wp-json\/wp\/v2\/comments?post=184"}],"version-history":[{"count":11,"href":"https:\/\/fundaciocoravant.org\/es\/wp-json\/wp\/v2\/pages\/184\/revisions"}],"predecessor-version":[{"id":488,"href":"https:\/\/fundaciocoravant.org\/es\/wp-json\/wp\/v2\/pages\/184\/revisions\/488"}],"wp:attachment":[{"href":"https:\/\/fundaciocoravant.org\/es\/wp-json\/wp\/v2\/media?parent=184"}],"curies":[{"name":"wp","href":"https:\/\/api.w.org\/{rel}","templated":true}]}}