{"id":2336,"date":"2026-05-05T10:45:01","date_gmt":"2026-05-05T10:45:01","guid":{"rendered":"https:\/\/fundaciocoravant.org\/investigacion-en-cardiopatias\/"},"modified":"2026-05-05T14:03:39","modified_gmt":"2026-05-05T14:03:39","slug":"investigacion-en-cardiopatias","status":"publish","type":"page","link":"https:\/\/fundaciocoravant.org\/es\/investigacion-en-cardiopatias\/","title":{"rendered":"Investigaci\u00f3n en cardiopat\u00edas"},"content":{"rendered":"\n<h2 class=\"wp-block-heading has-background-color has-primary-background-color has-text-color has-background has-link-color wp-elements-7095e69d3ffdb2f80dabecaaecaf559a\">Impacto del diagn\u00f3stico de una cardiopat\u00eda cong\u00e9nita en las relacionas familiares<\/h2>\n\n\n\n<p>Esta es una <strong>investigaci\u00f3n pionera<\/strong> llevada a cabo por la <strong>Fundaci\u00f3n CorAvant<\/strong>, la Fundaci\u00f3n Hospital Universitari Vall Hebron-Institut de Recerca, <strong>ICS-Hospital Universitari Vall d\u2019Hebron<\/strong> y la <strong>Fundaci\u00f3n Blanquerna<\/strong>, porqu\u00e9 ha tenido en cuenta los dos progenitores y porqu\u00e9 ha sido un estudio longitudinal donde se han valorado los padres y las madres en cuatro etapas distintas: a partir de la veintena semana de gestaci\u00f3n cuando la pareja recibe el diagn\u00f3stico (1\u00aa fase), despu\u00e9s del alta de la intervenci\u00f3n quir\u00fargica que corresponde entre los dos y seis meses del beb\u00e9 (2\u00aa fase), cuando el beb\u00e9 tiene un a\u00f1o (3\u00aa fase) y cuando tiene dos a\u00f1os (4\u00aa fase)<\/p>\n\n\n\n<div class=\"wp-block-buttons is-layout-flex wp-block-buttons-is-layout-flex\">\n<div class=\"wp-block-button\"><a class=\"wp-block-button__link wp-element-button\" href=\"https:\/\/fundaciocoravant.org\/es\/investigacion-sobre-el-impacto-del-diagnostico-de-una-cardiopatia-congenita-en-las-relaciones-familiares\/\">Resultados de la investigaci\u00f3n sobre el Impacto del diagn\u00f3stico de una cardiopat\u00eda cong\u00e9nita en las relaciones familiares<\/a><\/div>\n<\/div>\n\n\n\n<div style=\"height:25px\" aria-hidden=\"true\" class=\"wp-block-spacer\"><\/div>\n\n\n\n<h3 class=\"wp-block-heading\"><strong>Art\u00edculos relacionados con la investigaci\u00f3n Impacto del diagn\u00f3stico de una cardiopat\u00eda cong\u00e9nita en las relaciones familiares<\/strong><\/h3>\n\n\n\n<ul class=\"wp-block-list\">\n<li><a href=\"https:\/\/www.analesdepediatria.org\/es-malestar-psicologico-ajuste-diadico-dinamica-articulo-S169540332100237X?referer=buscador\" target=\"_blank\" rel=\"noreferrer noopener\"><u>Malestar psicol\u00f3gico, ajuste di\u00e1dico y din\u00e1mica familiar tras el diagn\u00f3stico prenatal de cardiopat\u00eda cong\u00e9nita<\/u><\/a>. Mireia Salvador, Anna Vilaregut, Rosana Moyano, Queralt Ferrer, Olga G\u00f2mez, Teresa Moratalla, Elisa Llurba. Publicado en la revista <em>Anales de Pediatria<\/em> (setembre 2022).  <\/li>\n\n\n\n<li><a href=\"https:\/\/www.aacic.org\/wp-content\/uploads\/2020\/03\/C%C3%B3mo-afecta-el-diagn%C3%B3stico-prenatal-de-una-cardiopat%C3%ADa-cong%C3%A9nita-en-las-relaciones-conyugales-de-los-padres.pdf\" target=\"_blank\" rel=\"noreferrer noopener\"><u>C\u00f3mo afecta el diagn\u00f3stico prenatal de una cardiopat\u00eda cong\u00e9nita en las relaciones conyugales de los padres<\/u><\/a>. Mireia Salvador Lluesma, Anna Vilaregut Puigdesens, Elisa Llurba Olive, Queralt Ferrer Mendui\u00f1a, Rosana Moyano Ciurans, \u00c0ngels Est\u00e9vez Roca. Publicado en la revista <em>Apuntes de Psicolog\u00eda<\/em> (2019).  <\/li>\n<\/ul>\n\n\n\n<div style=\"height:25px\" aria-hidden=\"true\" class=\"wp-block-spacer\"><\/div>\n\n\n\n<h2 class=\"wp-block-heading has-background-color has-primary-background-color has-text-color has-background has-link-color wp-elements-afcd9f3383b387083cea55555d31176e\">Relaciones familiares durante la crisis por alerta sanitaria<\/h2>\n\n\n\n<p>En <strong>abril de 2020<\/strong>, se inici\u00f3 un estudio de la Asociaci\u00f3n de Cardiopat\u00edas Cong\u00e9nitas (<strong>AACIC<\/strong>) y la Fundaci\u00f3n CorAvant conjuntamente con el <strong>Grupo de Recerca de Parella i Fam\u00edlia de la Facultat de Psicologia Ci\u00e8ncies de l\u2019Educaci\u00f3 i de l\u2019Esport Blanquerna (Universitat Ramon Llull)<\/strong> con la finalidad de poder conocer c\u00f3mo afectaba la situaci\u00f3n que se estaba viviendo a causa de la crisis sanitaria de la <strong>COVID-19<\/strong> en las familias con un hijo\/a con cardiopat\u00eda cong\u00e9nita. El objetivo era poder dise\u00f1ar y dar una respuesta tan ajustada como fuese posible a las nuevas necesidades durante y despu\u00e9s de la crisis sanitaria. <\/p>\n\n\n\n<div class=\"wp-block-buttons is-layout-flex wp-block-buttons-is-layout-flex\">\n<div class=\"wp-block-button\"><a class=\"wp-block-button__link wp-element-button\" href=\"https:\/\/fundaciocoravant.org\/es\/investigacion-relaciones-familiares-durante-la-crisis-por-alerta-sanitaria\/\">Resultados de la investigaci\u00f3n Relaciones familiares durante la crisis por alerta sanitaria<\/a><\/div>\n<\/div>\n\n\n\n<div style=\"height:25px\" aria-hidden=\"true\" class=\"wp-block-spacer\"><\/div>\n\n\n\n<h2 class=\"wp-block-heading has-background-color has-primary-background-color has-text-color has-background has-link-color wp-elements-315f03776904473640467c8568ed7a36\">Impacto de la crisis por alerta sanitaria en personas con problemas de coraz\u00f3n en la infancia<\/h2>\n\n\n\n<p>En<strong> abril de 2020, <\/strong>el <strong>Institut Cardiovascular de l\u2019Hospital Cl\u00ednic, con la Dra. Sanz de la Garza y Raquel Arranz<\/strong> al frente, iniciaraon una investigaci\u00f3n con la colaboraci\u00f3n de la <strong>Asociaci\u00f3n de Cardiopat\u00edas Cong\u00e9nitas (AACIC)<\/strong> y la <strong>Fundaci\u00f3n CorAvant<\/strong> para saber c\u00f3mo estaban viviendo el confinamiento por la Covid-19 las personas con cardiopat\u00eda cong\u00e9nita. El objetivo era conocer el impacto que ten\u00eda en sus rutinas de actividad f\u00edsica y alimentaci\u00f3n y en el estado emocional y poder dar una mejor respuesta a las necesidades durante y despu\u00e9s de la situaci\u00f3n de crisis sanitaria. <\/p>\n\n\n\n<div class=\"wp-block-buttons is-layout-flex wp-block-buttons-is-layout-flex\">\n<div class=\"wp-block-button\"><a class=\"wp-block-button__link wp-element-button\" href=\"https:\/\/fundaciocoravant.org\/es\/investigacion-impacto-de-la-crisis-por-alerta-sanitaria-en-personas-con-problemas-de-corazon-en-la-infancia\/\">Resultados de la investigaci\u00f3n de la crisis por alerta sanitaria en personas con problemas de coraz\u00f3n en la infancia<\/a><\/div>\n<\/div>\n\n\n\n<div style=\"height:25px\" aria-hidden=\"true\" class=\"wp-block-spacer\"><\/div>\n\n\n\n<h2 class=\"wp-block-heading has-background-color has-primary-background-color has-text-color has-background has-link-color wp-elements-f3d5ee1a2a760e167067521af1f8fa1e\">Estudio multidisciplinario para la mejora de la calidad de vida de la infancia con cardiopat\u00eda cong\u00e9nita<\/h2>\n\n\n\n<p>La <strong>Asociaci\u00f3n de Cardiopat\u00edas Cong\u00e9nitas (AACIC)<\/strong> detect\u00f3 que los ni\u00f1os, ni\u00f1as y adolescentes con cardiopat\u00eda cong\u00e9nita presentan m\u00e1s dificultades de aprendizaje y de desarrollo que el resto de ni\u00f1os. Delante de este hecho se decidi\u00f3 investigar en este campo para poder <strong>definir las necesidades del alumnado con cardiopat\u00eda cong\u00e9nita, especialmente las socioeducativas<\/strong>; detectar las necesidades de formaci\u00f3n de los profesionales de la educaci\u00f3n que atienden estos ni\u00f1os y elaborar un protocolo de actuaci\u00f3n para los profesionales del entorno educativo. <\/p>\n\n\n\n<p><strong>A partir de les conclusiones de este estudio se han elaborado dos gu\u00edas que recogen las respuestas obtenidas<\/strong>: una para orientar a los profesionales de la educaci\u00f3n y la otra gu\u00eda para las familias de los ni\u00f1os y ni\u00f1as con cardiopat\u00eda cong\u00e9nita:<\/p>\n\n\n\n<p><a href=\"https:\/\/www.aacic.org\/ca\/stocks\/guia-vivir-y-convivir\/\"><\/a><a href=\"https:\/\/www.aacic.org\/ca\/stocks\/guia-vivir-y-convivir\/\">Vivir y convivir. Orientaciones para familias de ni\u00f1os y ni\u00f1as con cardiopat\u00eda cong\u00e9nita<\/a> <\/p>\n\n\n\n<p><a href=\"https:\/\/www.aacic.org\/ca\/stocks\/guia-infancia-con-cardiopatia-congenita\/\"><\/a><a href=\"https:\/\/www.aacic.org\/ca\/stocks\/guia-infancia-con-cardiopatia-congenita\/\">Infancia con cardiopat\u00eda. Orientaciones para profesionales de la educaci\u00f3n<\/a> <\/p>\n\n\n\n<p>El equipo que llev\u00f3 a cabo esta investigaci\u00f3n est\u00e1 formado por:<\/p>\n\n\n\n<ul class=\"wp-block-list\">\n<li><strong>Rosa Armengol<\/strong>, <strong>Montse Armengol<\/strong> y <strong>Rosana Moyano<\/strong>, de AACIC.<\/li>\n\n\n\n<li><strong>Pedro Jurado<\/strong> y <strong>Josep M. Sanahuja<\/strong>, de la Universitat Aut\u00f2noma de Barcelona.<\/li>\n\n\n\n<li><strong>M. Cruz Molina<\/strong>, <strong>Crescencia Pastor<\/strong> y <strong>Ver\u00f3nica Violant<\/strong>, de la Universitat de Barcelona.<\/li>\n\n\n\n<li><strong>M. \u00c0ngels Balsells<\/strong> y <strong>Amparo Mi\u00f1ambres<\/strong>, de la Universitat de Lleida.<\/li>\n\n\n\n<li><strong>M. Carmen P\u00e9rez<\/strong>, <strong>Carmen Ponce<\/strong> y <strong>Cristina Salmeron<\/strong>, de la Universitat Rovira i Virgili de Tarragona.<\/li>\n<\/ul>\n\n\n\n<div style=\"height:25px\" aria-hidden=\"true\" class=\"wp-block-spacer\"><\/div>\n\n\n\n<h2 class=\"wp-block-heading has-background-color has-primary-background-color has-text-color has-background has-link-color wp-elements-d0165e2ba4c5ba91587b797964334d37\">Patrones de cambio en las familias con ni\u00f1os y ni\u00f1as con cardiopat\u00edas cong\u00e9nitas<\/h2>\n\n\n\n<p>Tanto los padres como las madres de los ni\u00f1os y ni\u00f1as que tienen una cardiopat\u00eda cong\u00e9nita recorren un largo camino que se inicia cuando se recibe la noticia del diagn\u00f3stico de la enfermedad, y termina cuando esta est\u00e1 asumida o aceptada. Este es un proceso de duelo: ilusiones alteradas, sentimientos opuestos y miedos constantes acompa\u00f1aran a los protagonistas de esta investigaci\u00f3n. <\/p>\n\n\n\n<p>Para hacer esta investigaci\u00f3n se contact\u00f3 con dos asociaciones de familias: <strong>Associaci\u00f3 de Cel\u00edacs de Catalunya<\/strong> y <strong>Asociaci\u00f3n de Cardiopat\u00edas Cong\u00e9nitas (AACIC)<\/strong>.<\/p>\n\n\n\n<div class=\"wp-block-buttons is-layout-flex wp-block-buttons-is-layout-flex\">\n<div class=\"wp-block-button\"><a class=\"wp-block-button__link wp-element-button\" href=\"https:\/\/fundaciocoravant.org\/es\/investigacion-patrones-de-cambio-en-las-familias-con-ninos-y-ninas-con-cardiopatias-congenitas\/\">Resultados de la investigaci\u00f3n Patrones de cambio en las familias con ni\u00f1os y ni\u00f1as con cardiopat\u00edas cong\u00e9nitas<\/a><\/div>\n<\/div>\n\n\n\n<div style=\"height:25px\" aria-hidden=\"true\" class=\"wp-block-spacer\"><\/div>\n","protected":false},"excerpt":{"rendered":"<p>Impacto del diagn\u00f3stico de una cardiopat\u00eda cong\u00e9nita en las relacionas familiares Esta es una investigaci\u00f3n pionera llevada a cabo por la Fundaci\u00f3n CorAvant, la Fundaci\u00f3n Hospital Universitari Vall Hebron-Institut de Recerca, ICS-Hospital Universitari Vall d\u2019Hebron y la Fundaci\u00f3n Blanquerna, porqu\u00e9 ha tenido en cuenta los dos progenitores y porqu\u00e9 ha sido un estudio longitudinal donde<a href=\"https:\/\/fundaciocoravant.org\/es\/investigacion-en-cardiopatias\/\">Continue reading <span class=\"sr-only\">\u00abInvestigaci\u00f3n en cardiopat\u00edas\u00bb<\/span><\/a><\/p>\n","protected":false},"author":2,"featured_media":0,"parent":0,"menu_order":0,"comment_status":"closed","ping_status":"closed","template":"","meta":{"_acf_changed":false,"give_campaign_id":0,"footnotes":""},"class_list":["post-2336","page","type-page","status-publish","hentry"],"acf":[],"yoast_head":"<!-- This site is optimized with the Yoast SEO plugin v27.2 - https:\/\/yoast.com\/product\/yoast-seo-wordpress\/ -->\n<title>Investigaci\u00f3n en cardiopat\u00edas - CorAvant<\/title>\n<meta name=\"robots\" content=\"index, follow, max-snippet:-1, max-image-preview:large, max-video-preview:-1\" \/>\n<link rel=\"canonical\" href=\"https:\/\/fundaciocoravant.org\/es\/investigacion-en-cardiopatias\/\" \/>\n<meta property=\"og:locale\" content=\"es_ES\" \/>\n<meta property=\"og:type\" content=\"article\" \/>\n<meta property=\"og:title\" content=\"Investigaci\u00f3n en cardiopat\u00edas - CorAvant\" \/>\n<meta property=\"og:description\" content=\"Impacto del diagn\u00f3stico de una cardiopat\u00eda cong\u00e9nita en las relacionas familiares Esta es una investigaci\u00f3n pionera llevada a cabo por la Fundaci\u00f3n CorAvant, la Fundaci\u00f3n Hospital Universitari Vall Hebron-Institut de Recerca, ICS-Hospital Universitari Vall d\u2019Hebron y la Fundaci\u00f3n Blanquerna, porqu\u00e9 ha tenido en cuenta los dos progenitores y porqu\u00e9 ha sido un estudio longitudinal dondeContinue reading &quot;Investigaci\u00f3n en cardiopat\u00edas&quot;\" \/>\n<meta property=\"og:url\" content=\"https:\/\/fundaciocoravant.org\/es\/investigacion-en-cardiopatias\/\" \/>\n<meta property=\"og:site_name\" content=\"CorAvant\" \/>\n<meta property=\"article:publisher\" content=\"https:\/\/www.facebook.com\/coravantaacic\" \/>\n<meta property=\"article:modified_time\" content=\"2026-05-05T14:03:39+00:00\" \/>\n<meta name=\"twitter:card\" content=\"summary_large_image\" \/>\n<meta name=\"twitter:site\" content=\"@coravant\" \/>\n<meta name=\"twitter:label1\" content=\"Tiempo de lectura\" \/>\n\t<meta name=\"twitter:data1\" content=\"5 minutos\" \/>\n<script type=\"application\/ld+json\" class=\"yoast-schema-graph\">{\"@context\":\"https:\/\/schema.org\",\"@graph\":[{\"@type\":\"WebPage\",\"@id\":\"https:\/\/fundaciocoravant.org\/es\/investigacion-en-cardiopatias\/\",\"url\":\"https:\/\/fundaciocoravant.org\/es\/investigacion-en-cardiopatias\/\",\"name\":\"Investigaci\u00f3n en cardiopat\u00edas - CorAvant\",\"isPartOf\":{\"@id\":\"https:\/\/fundaciocoravant.org\/#website\"},\"datePublished\":\"2026-05-05T10:45:01+00:00\",\"dateModified\":\"2026-05-05T14:03:39+00:00\",\"breadcrumb\":{\"@id\":\"https:\/\/fundaciocoravant.org\/es\/investigacion-en-cardiopatias\/#breadcrumb\"},\"inLanguage\":\"es\",\"potentialAction\":[{\"@type\":\"ReadAction\",\"target\":[\"https:\/\/fundaciocoravant.org\/es\/investigacion-en-cardiopatias\/\"]}]},{\"@type\":\"BreadcrumbList\",\"@id\":\"https:\/\/fundaciocoravant.org\/es\/investigacion-en-cardiopatias\/#breadcrumb\",\"itemListElement\":[{\"@type\":\"ListItem\",\"position\":1,\"name\":\"Home\",\"item\":\"https:\/\/fundaciocoravant.org\/es\/\"},{\"@type\":\"ListItem\",\"position\":2,\"name\":\"Investigaci\u00f3n en cardiopat\u00edas\"}]},{\"@type\":\"WebSite\",\"@id\":\"https:\/\/fundaciocoravant.org\/#website\",\"url\":\"https:\/\/fundaciocoravant.org\/\",\"name\":\"CorAvant\",\"description\":\"Fundaci\u00f3 de joves i adults amb cardiopatia\",\"publisher\":{\"@id\":\"https:\/\/fundaciocoravant.org\/#organization\"},\"potentialAction\":[{\"@type\":\"SearchAction\",\"target\":{\"@type\":\"EntryPoint\",\"urlTemplate\":\"https:\/\/fundaciocoravant.org\/?s={search_term_string}\"},\"query-input\":{\"@type\":\"PropertyValueSpecification\",\"valueRequired\":true,\"valueName\":\"search_term_string\"}}],\"inLanguage\":\"es\"},{\"@type\":\"Organization\",\"@id\":\"https:\/\/fundaciocoravant.org\/#organization\",\"name\":\"CorAvant\",\"url\":\"https:\/\/fundaciocoravant.org\/\",\"logo\":{\"@type\":\"ImageObject\",\"inLanguage\":\"es\",\"@id\":\"https:\/\/fundaciocoravant.org\/#\/schema\/logo\/image\/\",\"url\":\"https:\/\/fundaciocoravant.org\/wp-content\/uploads\/2025\/11\/cropped-cropped-LOGO_CORAVANT-15-anys_CASTELLANO.png\",\"contentUrl\":\"https:\/\/fundaciocoravant.org\/wp-content\/uploads\/2025\/11\/cropped-cropped-LOGO_CORAVANT-15-anys_CASTELLANO.png\",\"width\":1404,\"height\":979,\"caption\":\"CorAvant\"},\"image\":{\"@id\":\"https:\/\/fundaciocoravant.org\/#\/schema\/logo\/image\/\"},\"sameAs\":[\"https:\/\/www.facebook.com\/coravantaacic\",\"https:\/\/x.com\/coravant\",\"https:\/\/www.instagram.com\/coravantaacic\/\",\"https:\/\/www.youtube.com\/@CorAvantAACIC_cardiopaties\",\"https:\/\/www.linkedin.com\/company\/fundacio-coravant\/\"]}]}<\/script>\n<!-- \/ Yoast SEO plugin. -->","yoast_head_json":{"title":"Investigaci\u00f3n en cardiopat\u00edas - CorAvant","robots":{"index":"index","follow":"follow","max-snippet":"max-snippet:-1","max-image-preview":"max-image-preview:large","max-video-preview":"max-video-preview:-1"},"canonical":"https:\/\/fundaciocoravant.org\/es\/investigacion-en-cardiopatias\/","og_locale":"es_ES","og_type":"article","og_title":"Investigaci\u00f3n en cardiopat\u00edas - CorAvant","og_description":"Impacto del diagn\u00f3stico de una cardiopat\u00eda cong\u00e9nita en las relacionas familiares Esta es una investigaci\u00f3n pionera llevada a cabo por la Fundaci\u00f3n CorAvant, la Fundaci\u00f3n Hospital Universitari Vall Hebron-Institut de Recerca, ICS-Hospital Universitari Vall d\u2019Hebron y la Fundaci\u00f3n Blanquerna, porqu\u00e9 ha tenido en cuenta los dos progenitores y porqu\u00e9 ha sido un estudio longitudinal dondeContinue reading \"Investigaci\u00f3n en cardiopat\u00edas\"","og_url":"https:\/\/fundaciocoravant.org\/es\/investigacion-en-cardiopatias\/","og_site_name":"CorAvant","article_publisher":"https:\/\/www.facebook.com\/coravantaacic","article_modified_time":"2026-05-05T14:03:39+00:00","twitter_card":"summary_large_image","twitter_site":"@coravant","twitter_misc":{"Tiempo de lectura":"5 minutos"},"schema":{"@context":"https:\/\/schema.org","@graph":[{"@type":"WebPage","@id":"https:\/\/fundaciocoravant.org\/es\/investigacion-en-cardiopatias\/","url":"https:\/\/fundaciocoravant.org\/es\/investigacion-en-cardiopatias\/","name":"Investigaci\u00f3n en cardiopat\u00edas - CorAvant","isPartOf":{"@id":"https:\/\/fundaciocoravant.org\/#website"},"datePublished":"2026-05-05T10:45:01+00:00","dateModified":"2026-05-05T14:03:39+00:00","breadcrumb":{"@id":"https:\/\/fundaciocoravant.org\/es\/investigacion-en-cardiopatias\/#breadcrumb"},"inLanguage":"es","potentialAction":[{"@type":"ReadAction","target":["https:\/\/fundaciocoravant.org\/es\/investigacion-en-cardiopatias\/"]}]},{"@type":"BreadcrumbList","@id":"https:\/\/fundaciocoravant.org\/es\/investigacion-en-cardiopatias\/#breadcrumb","itemListElement":[{"@type":"ListItem","position":1,"name":"Home","item":"https:\/\/fundaciocoravant.org\/es\/"},{"@type":"ListItem","position":2,"name":"Investigaci\u00f3n en cardiopat\u00edas"}]},{"@type":"WebSite","@id":"https:\/\/fundaciocoravant.org\/#website","url":"https:\/\/fundaciocoravant.org\/","name":"CorAvant","description":"Fundaci\u00f3 de joves i adults amb cardiopatia","publisher":{"@id":"https:\/\/fundaciocoravant.org\/#organization"},"potentialAction":[{"@type":"SearchAction","target":{"@type":"EntryPoint","urlTemplate":"https:\/\/fundaciocoravant.org\/?s={search_term_string}"},"query-input":{"@type":"PropertyValueSpecification","valueRequired":true,"valueName":"search_term_string"}}],"inLanguage":"es"},{"@type":"Organization","@id":"https:\/\/fundaciocoravant.org\/#organization","name":"CorAvant","url":"https:\/\/fundaciocoravant.org\/","logo":{"@type":"ImageObject","inLanguage":"es","@id":"https:\/\/fundaciocoravant.org\/#\/schema\/logo\/image\/","url":"https:\/\/fundaciocoravant.org\/wp-content\/uploads\/2025\/11\/cropped-cropped-LOGO_CORAVANT-15-anys_CASTELLANO.png","contentUrl":"https:\/\/fundaciocoravant.org\/wp-content\/uploads\/2025\/11\/cropped-cropped-LOGO_CORAVANT-15-anys_CASTELLANO.png","width":1404,"height":979,"caption":"CorAvant"},"image":{"@id":"https:\/\/fundaciocoravant.org\/#\/schema\/logo\/image\/"},"sameAs":["https:\/\/www.facebook.com\/coravantaacic","https:\/\/x.com\/coravant","https:\/\/www.instagram.com\/coravantaacic\/","https:\/\/www.youtube.com\/@CorAvantAACIC_cardiopaties","https:\/\/www.linkedin.com\/company\/fundacio-coravant\/"]}]}},"campaignId":"","_links":{"self":[{"href":"https:\/\/fundaciocoravant.org\/es\/wp-json\/wp\/v2\/pages\/2336","targetHints":{"allow":["GET"]}}],"collection":[{"href":"https:\/\/fundaciocoravant.org\/es\/wp-json\/wp\/v2\/pages"}],"about":[{"href":"https:\/\/fundaciocoravant.org\/es\/wp-json\/wp\/v2\/types\/page"}],"author":[{"embeddable":true,"href":"https:\/\/fundaciocoravant.org\/es\/wp-json\/wp\/v2\/users\/2"}],"replies":[{"embeddable":true,"href":"https:\/\/fundaciocoravant.org\/es\/wp-json\/wp\/v2\/comments?post=2336"}],"version-history":[{"count":7,"href":"https:\/\/fundaciocoravant.org\/es\/wp-json\/wp\/v2\/pages\/2336\/revisions"}],"predecessor-version":[{"id":2487,"href":"https:\/\/fundaciocoravant.org\/es\/wp-json\/wp\/v2\/pages\/2336\/revisions\/2487"}],"wp:attachment":[{"href":"https:\/\/fundaciocoravant.org\/es\/wp-json\/wp\/v2\/media?parent=2336"}],"curies":[{"name":"wp","href":"https:\/\/api.w.org\/{rel}","templated":true}]}}