{"id":2428,"date":"2008-01-08T11:54:00","date_gmt":"2008-01-08T11:54:00","guid":{"rendered":"https:\/\/fundaciocoravant.org\/investigacion-patrones-de-cambio-en-las-familias-con-ninos-y-ninas-con-cardiopatias-congenitas\/"},"modified":"2026-05-05T13:39:50","modified_gmt":"2026-05-05T13:39:50","slug":"investigacion-patrones-de-cambio-en-las-familias-con-ninos-y-ninas-con-cardiopatias-congenitas","status":"publish","type":"page","link":"https:\/\/fundaciocoravant.org\/es\/investigacion-patrones-de-cambio-en-las-familias-con-ninos-y-ninas-con-cardiopatias-congenitas\/","title":{"rendered":"Investigaci\u00f3n Patrones de cambio en las familias con ni\u00f1os y ni\u00f1as con cardiopat\u00edas cong\u00e9nitas"},"content":{"rendered":"\n<p>Investigaci\u00f3n antropol\u00f3gica del <strong>Dr. Jaime Llopis Ca\u00f1ameras.<\/strong><\/p>\n\n<p><strong>Tanto los padres como las madres de los ni\u00f1os y ni\u00f1as que tienen una cardiopat\u00eda cong\u00e9nita recorren un largo camino que se inicia cuando se recibe la noticia del diagn\u00f3stico de la enfermedad, y acaba cuando esta est\u00e1 asumida o aceptada.<\/strong><\/p>\n\n<p>Este es un <strong>proceso de duelo<\/strong>: ilusiones alteradas, sentimientos opuestos y miedos constantes acompa\u00f1ar\u00e1n a los protagonistas de esta investigaci\u00f3n.<\/p>\n\n<p><strong>La familia, las amistades y las entidades sociales tendr\u00e1n un papel fundamental <\/strong>en la provisi\u00f3n de apoyo. El apoyo afectivo, material o de informaci\u00f3n ser\u00e1n verdaderos motores para reducir la situaci\u00f3n de estr\u00e9s que la nueva situaci\u00f3n ha provocado. <\/p>\n\n<p>Al mismo tiempo, las personas que tienen una cardiopat\u00eda discurren por las mismas etapas que sus progenitores. Su socializaci\u00f3n en la escuela se ve alterada por actitudes de rechazo o paternalistas, en el mejor de los casos. Su adolescencia se ver\u00e1 alterada por problemas de imagen. La actitud de sus padres y madres ser\u00e1 de especial importancia para el desarrollo psicol\u00f3gico de estos ni\u00f1os ante la enfermedad: <strong>una actitud positiva de padres y madres ante la cardiopat\u00eda cong\u00e9nita favorecer\u00e1 una actitud positiva de los hijos e hijas.<\/strong>   <\/p>\n\n<p><strong>Los antecedentes de esta investigaci\u00f3n se encuentran en el Trabajo de Mestria en Antropolog\u00eda Social y Cultural realizada en la Universitat Aut\u00f2noma de Barcelona Gluten y coraz\u00f3n. <em>Una aproximaci\u00f3n antropol\u00f3gica a los cambios sociales y culturales experimentados miedo familias cono hijos cono enfermedades cr\u00f3nicas<\/em> (julio de 2006).<\/strong><\/p>\n\n<p>Para hacer esta investigaci\u00f3n se contact\u00f3 con dos asociaciones de familias: la Associaci\u00f3n de Cel\u00edacs de Catalunya y la Asociaci\u00f3n de Cardiopat\u00edas Cong\u00e9nitas (AACIC).<\/p>\n\n<p>Con esta investigaci\u00f3n se pudo constatar que la aparici\u00f3n de una enfermedad cr\u00f3nica y con riesgo de muerte prematura de un hijo, puede desencadenar en sus progenitores un aislamiento social, una falta de comunicaci\u00f3n entra la pareja, esto como sentimientos de culpabilidad. Cada persona adopta una estrategia diferente para hacer frente a la enfermedad. <\/p>\n","protected":false},"excerpt":{"rendered":"<p>Investigaci\u00f3n antropol\u00f3gica del Dr. Jaime Llopis Ca\u00f1ameras. Tanto los padres como las madres de los ni\u00f1os y ni\u00f1as que tienen una cardiopat\u00eda cong\u00e9nita recorren un largo camino que se inicia cuando se recibe la noticia del diagn\u00f3stico de la enfermedad, y acaba cuando esta est\u00e1 asumida o aceptada. Este es un proceso de duelo: ilusiones<a href=\"https:\/\/fundaciocoravant.org\/es\/investigacion-patrones-de-cambio-en-las-familias-con-ninos-y-ninas-con-cardiopatias-congenitas\/\">Continue reading <span class=\"sr-only\">\u00abInvestigaci\u00f3n Patrones de cambio en las familias con ni\u00f1os y ni\u00f1as con cardiopat\u00edas cong\u00e9nitas\u00bb<\/span><\/a><\/p>\n","protected":false},"author":2,"featured_media":0,"parent":0,"menu_order":0,"comment_status":"closed","ping_status":"closed","template":"","meta":{"_acf_changed":false,"give_campaign_id":0,"footnotes":""},"class_list":["post-2428","page","type-page","status-publish","hentry"],"acf":[],"yoast_head":"<!-- This site is optimized with the Yoast SEO plugin v27.2 - https:\/\/yoast.com\/product\/yoast-seo-wordpress\/ -->\n<title>Investigaci\u00f3n Patrones de cambio en las familias con ni\u00f1os y ni\u00f1as con cardiopat\u00edas cong\u00e9nitas - CorAvant<\/title>\n<meta name=\"robots\" content=\"index, follow, max-snippet:-1, max-image-preview:large, max-video-preview:-1\" \/>\n<link rel=\"canonical\" href=\"https:\/\/fundaciocoravant.org\/es\/investigacion-patrones-de-cambio-en-las-familias-con-ninos-y-ninas-con-cardiopatias-congenitas\/\" \/>\n<meta property=\"og:locale\" content=\"es_ES\" \/>\n<meta property=\"og:type\" content=\"article\" \/>\n<meta property=\"og:title\" content=\"Investigaci\u00f3n Patrones de cambio en las familias con ni\u00f1os y ni\u00f1as con cardiopat\u00edas cong\u00e9nitas - CorAvant\" \/>\n<meta property=\"og:description\" content=\"Investigaci\u00f3n antropol\u00f3gica del Dr. Jaime Llopis Ca\u00f1ameras. Tanto los padres como las madres de los ni\u00f1os y ni\u00f1as que tienen una cardiopat\u00eda cong\u00e9nita recorren un largo camino que se inicia cuando se recibe la noticia del diagn\u00f3stico de la enfermedad, y acaba cuando esta est\u00e1 asumida o aceptada. Este es un proceso de duelo: ilusionesContinue reading &quot;Investigaci\u00f3n Patrones de cambio en las familias con ni\u00f1os y ni\u00f1as con cardiopat\u00edas cong\u00e9nitas&quot;\" \/>\n<meta property=\"og:url\" content=\"https:\/\/fundaciocoravant.org\/es\/investigacion-patrones-de-cambio-en-las-familias-con-ninos-y-ninas-con-cardiopatias-congenitas\/\" \/>\n<meta property=\"og:site_name\" content=\"CorAvant\" \/>\n<meta property=\"article:publisher\" content=\"https:\/\/www.facebook.com\/coravantaacic\" \/>\n<meta property=\"article:modified_time\" content=\"2026-05-05T13:39:50+00:00\" \/>\n<meta name=\"twitter:card\" content=\"summary_large_image\" \/>\n<meta name=\"twitter:site\" content=\"@coravant\" \/>\n<meta name=\"twitter:label1\" content=\"Tiempo de lectura\" \/>\n\t<meta name=\"twitter:data1\" content=\"2 minutos\" \/>\n<script type=\"application\/ld+json\" class=\"yoast-schema-graph\">{\"@context\":\"https:\/\/schema.org\",\"@graph\":[{\"@type\":\"WebPage\",\"@id\":\"https:\/\/fundaciocoravant.org\/es\/investigacion-patrones-de-cambio-en-las-familias-con-ninos-y-ninas-con-cardiopatias-congenitas\/\",\"url\":\"https:\/\/fundaciocoravant.org\/es\/investigacion-patrones-de-cambio-en-las-familias-con-ninos-y-ninas-con-cardiopatias-congenitas\/\",\"name\":\"Investigaci\u00f3n Patrones de cambio en las familias con ni\u00f1os y ni\u00f1as con cardiopat\u00edas cong\u00e9nitas - CorAvant\",\"isPartOf\":{\"@id\":\"https:\/\/fundaciocoravant.org\/#website\"},\"datePublished\":\"2008-01-08T11:54:00+00:00\",\"dateModified\":\"2026-05-05T13:39:50+00:00\",\"breadcrumb\":{\"@id\":\"https:\/\/fundaciocoravant.org\/es\/investigacion-patrones-de-cambio-en-las-familias-con-ninos-y-ninas-con-cardiopatias-congenitas\/#breadcrumb\"},\"inLanguage\":\"es\",\"potentialAction\":[{\"@type\":\"ReadAction\",\"target\":[\"https:\/\/fundaciocoravant.org\/es\/investigacion-patrones-de-cambio-en-las-familias-con-ninos-y-ninas-con-cardiopatias-congenitas\/\"]}]},{\"@type\":\"BreadcrumbList\",\"@id\":\"https:\/\/fundaciocoravant.org\/es\/investigacion-patrones-de-cambio-en-las-familias-con-ninos-y-ninas-con-cardiopatias-congenitas\/#breadcrumb\",\"itemListElement\":[{\"@type\":\"ListItem\",\"position\":1,\"name\":\"Home\",\"item\":\"https:\/\/fundaciocoravant.org\/es\/\"},{\"@type\":\"ListItem\",\"position\":2,\"name\":\"Investigaci\u00f3n Patrones de cambio en las familias con ni\u00f1os y ni\u00f1as con cardiopat\u00edas cong\u00e9nitas\"}]},{\"@type\":\"WebSite\",\"@id\":\"https:\/\/fundaciocoravant.org\/#website\",\"url\":\"https:\/\/fundaciocoravant.org\/\",\"name\":\"CorAvant\",\"description\":\"Fundaci\u00f3 de joves i adults amb cardiopatia\",\"publisher\":{\"@id\":\"https:\/\/fundaciocoravant.org\/#organization\"},\"potentialAction\":[{\"@type\":\"SearchAction\",\"target\":{\"@type\":\"EntryPoint\",\"urlTemplate\":\"https:\/\/fundaciocoravant.org\/?s={search_term_string}\"},\"query-input\":{\"@type\":\"PropertyValueSpecification\",\"valueRequired\":true,\"valueName\":\"search_term_string\"}}],\"inLanguage\":\"es\"},{\"@type\":\"Organization\",\"@id\":\"https:\/\/fundaciocoravant.org\/#organization\",\"name\":\"CorAvant\",\"url\":\"https:\/\/fundaciocoravant.org\/\",\"logo\":{\"@type\":\"ImageObject\",\"inLanguage\":\"es\",\"@id\":\"https:\/\/fundaciocoravant.org\/#\/schema\/logo\/image\/\",\"url\":\"https:\/\/fundaciocoravant.org\/wp-content\/uploads\/2025\/11\/cropped-cropped-LOGO_CORAVANT-15-anys_CASTELLANO.png\",\"contentUrl\":\"https:\/\/fundaciocoravant.org\/wp-content\/uploads\/2025\/11\/cropped-cropped-LOGO_CORAVANT-15-anys_CASTELLANO.png\",\"width\":1404,\"height\":979,\"caption\":\"CorAvant\"},\"image\":{\"@id\":\"https:\/\/fundaciocoravant.org\/#\/schema\/logo\/image\/\"},\"sameAs\":[\"https:\/\/www.facebook.com\/coravantaacic\",\"https:\/\/x.com\/coravant\",\"https:\/\/www.instagram.com\/coravantaacic\/\",\"https:\/\/www.youtube.com\/@CorAvantAACIC_cardiopaties\",\"https:\/\/www.linkedin.com\/company\/fundacio-coravant\/\"]}]}<\/script>\n<!-- \/ Yoast SEO plugin. -->","yoast_head_json":{"title":"Investigaci\u00f3n Patrones de cambio en las familias con ni\u00f1os y ni\u00f1as con cardiopat\u00edas cong\u00e9nitas - CorAvant","robots":{"index":"index","follow":"follow","max-snippet":"max-snippet:-1","max-image-preview":"max-image-preview:large","max-video-preview":"max-video-preview:-1"},"canonical":"https:\/\/fundaciocoravant.org\/es\/investigacion-patrones-de-cambio-en-las-familias-con-ninos-y-ninas-con-cardiopatias-congenitas\/","og_locale":"es_ES","og_type":"article","og_title":"Investigaci\u00f3n Patrones de cambio en las familias con ni\u00f1os y ni\u00f1as con cardiopat\u00edas cong\u00e9nitas - CorAvant","og_description":"Investigaci\u00f3n antropol\u00f3gica del Dr. Jaime Llopis Ca\u00f1ameras. Tanto los padres como las madres de los ni\u00f1os y ni\u00f1as que tienen una cardiopat\u00eda cong\u00e9nita recorren un largo camino que se inicia cuando se recibe la noticia del diagn\u00f3stico de la enfermedad, y acaba cuando esta est\u00e1 asumida o aceptada. Este es un proceso de duelo: ilusionesContinue reading \"Investigaci\u00f3n Patrones de cambio en las familias con ni\u00f1os y ni\u00f1as con cardiopat\u00edas cong\u00e9nitas\"","og_url":"https:\/\/fundaciocoravant.org\/es\/investigacion-patrones-de-cambio-en-las-familias-con-ninos-y-ninas-con-cardiopatias-congenitas\/","og_site_name":"CorAvant","article_publisher":"https:\/\/www.facebook.com\/coravantaacic","article_modified_time":"2026-05-05T13:39:50+00:00","twitter_card":"summary_large_image","twitter_site":"@coravant","twitter_misc":{"Tiempo de lectura":"2 minutos"},"schema":{"@context":"https:\/\/schema.org","@graph":[{"@type":"WebPage","@id":"https:\/\/fundaciocoravant.org\/es\/investigacion-patrones-de-cambio-en-las-familias-con-ninos-y-ninas-con-cardiopatias-congenitas\/","url":"https:\/\/fundaciocoravant.org\/es\/investigacion-patrones-de-cambio-en-las-familias-con-ninos-y-ninas-con-cardiopatias-congenitas\/","name":"Investigaci\u00f3n Patrones de cambio en las familias con ni\u00f1os y ni\u00f1as con cardiopat\u00edas cong\u00e9nitas - CorAvant","isPartOf":{"@id":"https:\/\/fundaciocoravant.org\/#website"},"datePublished":"2008-01-08T11:54:00+00:00","dateModified":"2026-05-05T13:39:50+00:00","breadcrumb":{"@id":"https:\/\/fundaciocoravant.org\/es\/investigacion-patrones-de-cambio-en-las-familias-con-ninos-y-ninas-con-cardiopatias-congenitas\/#breadcrumb"},"inLanguage":"es","potentialAction":[{"@type":"ReadAction","target":["https:\/\/fundaciocoravant.org\/es\/investigacion-patrones-de-cambio-en-las-familias-con-ninos-y-ninas-con-cardiopatias-congenitas\/"]}]},{"@type":"BreadcrumbList","@id":"https:\/\/fundaciocoravant.org\/es\/investigacion-patrones-de-cambio-en-las-familias-con-ninos-y-ninas-con-cardiopatias-congenitas\/#breadcrumb","itemListElement":[{"@type":"ListItem","position":1,"name":"Home","item":"https:\/\/fundaciocoravant.org\/es\/"},{"@type":"ListItem","position":2,"name":"Investigaci\u00f3n Patrones de cambio en las familias con ni\u00f1os y ni\u00f1as con cardiopat\u00edas cong\u00e9nitas"}]},{"@type":"WebSite","@id":"https:\/\/fundaciocoravant.org\/#website","url":"https:\/\/fundaciocoravant.org\/","name":"CorAvant","description":"Fundaci\u00f3 de joves i adults amb cardiopatia","publisher":{"@id":"https:\/\/fundaciocoravant.org\/#organization"},"potentialAction":[{"@type":"SearchAction","target":{"@type":"EntryPoint","urlTemplate":"https:\/\/fundaciocoravant.org\/?s={search_term_string}"},"query-input":{"@type":"PropertyValueSpecification","valueRequired":true,"valueName":"search_term_string"}}],"inLanguage":"es"},{"@type":"Organization","@id":"https:\/\/fundaciocoravant.org\/#organization","name":"CorAvant","url":"https:\/\/fundaciocoravant.org\/","logo":{"@type":"ImageObject","inLanguage":"es","@id":"https:\/\/fundaciocoravant.org\/#\/schema\/logo\/image\/","url":"https:\/\/fundaciocoravant.org\/wp-content\/uploads\/2025\/11\/cropped-cropped-LOGO_CORAVANT-15-anys_CASTELLANO.png","contentUrl":"https:\/\/fundaciocoravant.org\/wp-content\/uploads\/2025\/11\/cropped-cropped-LOGO_CORAVANT-15-anys_CASTELLANO.png","width":1404,"height":979,"caption":"CorAvant"},"image":{"@id":"https:\/\/fundaciocoravant.org\/#\/schema\/logo\/image\/"},"sameAs":["https:\/\/www.facebook.com\/coravantaacic","https:\/\/x.com\/coravant","https:\/\/www.instagram.com\/coravantaacic\/","https:\/\/www.youtube.com\/@CorAvantAACIC_cardiopaties","https:\/\/www.linkedin.com\/company\/fundacio-coravant\/"]}]}},"campaignId":"","_links":{"self":[{"href":"https:\/\/fundaciocoravant.org\/es\/wp-json\/wp\/v2\/pages\/2428","targetHints":{"allow":["GET"]}}],"collection":[{"href":"https:\/\/fundaciocoravant.org\/es\/wp-json\/wp\/v2\/pages"}],"about":[{"href":"https:\/\/fundaciocoravant.org\/es\/wp-json\/wp\/v2\/types\/page"}],"author":[{"embeddable":true,"href":"https:\/\/fundaciocoravant.org\/es\/wp-json\/wp\/v2\/users\/2"}],"replies":[{"embeddable":true,"href":"https:\/\/fundaciocoravant.org\/es\/wp-json\/wp\/v2\/comments?post=2428"}],"version-history":[{"count":1,"href":"https:\/\/fundaciocoravant.org\/es\/wp-json\/wp\/v2\/pages\/2428\/revisions"}],"predecessor-version":[{"id":2429,"href":"https:\/\/fundaciocoravant.org\/es\/wp-json\/wp\/v2\/pages\/2428\/revisions\/2429"}],"wp:attachment":[{"href":"https:\/\/fundaciocoravant.org\/es\/wp-json\/wp\/v2\/media?parent=2428"}],"curies":[{"name":"wp","href":"https:\/\/api.w.org\/{rel}","templated":true}]}}