{"id":276,"date":"2025-12-15T08:58:25","date_gmt":"2025-12-15T08:58:25","guid":{"rendered":"https:\/\/fundaciocoravant.org\/la-fundacio-coravant\/organizacion\/"},"modified":"2026-01-29T12:17:55","modified_gmt":"2026-01-29T12:17:55","slug":"organizacion","status":"publish","type":"page","link":"https:\/\/fundaciocoravant.org\/es\/la-fundacion-coravant\/organizacion\/","title":{"rendered":"Organizaci\u00f3n"},"content":{"rendered":"\n<p>La <strong>Fundaci\u00f3n CorAvant<\/strong> est\u00e1 compuesta por un <strong>Patronato <\/strong>y un<strong> equipo t\u00e9cnico <\/strong>propio de la entidad que cuenta tambi\u00e9n con la colaboraci\u00f3n del equipo profesional de la Asociaci\u00f3n de Cardiopat\u00edas Cong\u00e9nitas (AACIC).<\/p>\n\n\n\n<figure class=\"wp-block-image size-full\"><img loading=\"lazy\" decoding=\"async\" width=\"960\" height=\"720\" src=\"https:\/\/fundaciocoravant.org\/wp-content\/uploads\/2026\/01\/Organigrama-CorAvant-enero-2026-OK.jpg\" alt=\"Organigrama de la Fundaci\u00f3n CorAvant - enero 2026\" class=\"wp-image-1163\" srcset=\"https:\/\/fundaciocoravant.org\/wp-content\/uploads\/2026\/01\/Organigrama-CorAvant-enero-2026-OK.jpg 960w, https:\/\/fundaciocoravant.org\/wp-content\/uploads\/2026\/01\/Organigrama-CorAvant-enero-2026-OK-300x225.jpg 300w, https:\/\/fundaciocoravant.org\/wp-content\/uploads\/2026\/01\/Organigrama-CorAvant-enero-2026-OK-768x576.jpg 768w\" sizes=\"auto, (max-width: 960px) 100vw, 960px\" \/><\/figure>\n\n\n\n<div style=\"height:50px\" aria-hidden=\"true\" class=\"wp-block-spacer\"><\/div>\n\n\n\n<h2 class=\"wp-block-heading\">El Patronato de CorAvant<\/h2>\n\n\n\n<p>El Patronato es el \u00f3rgano de gobierno y de administraci\u00f3n de la Fundaci\u00f3n, la representa y gestiona y asume todas las facultades necesarias para la consecuci\u00f3n de los fines fundacionales. Est\u00e1 constituido por un m\u00ednimo de cinco miembros y un m\u00e1ximo de once. Se re\u00fane en sesi\u00f3n ordinaria al menos una vez el a\u00f1o.  <\/p>\n\n\n\n<h3 class=\"wp-block-heading\">Presidente<\/h3>\n\n\n\n<div class=\"wp-block-media-text is-stacked-on-mobile\" style=\"grid-template-columns:15% auto\"><figure class=\"wp-block-media-text__media\"><img loading=\"lazy\" decoding=\"async\" width=\"180\" height=\"270\" src=\"https:\/\/fundaciocoravant.org\/wp-content\/uploads\/2025\/12\/Carles-Prats.jpg\" alt=\"Carles Prats\" class=\"wp-image-244 size-full\"\/><\/figure><div class=\"wp-block-media-text__content\">\n<p><strong>Carles Prats Padr\u00f3s<br><\/strong>Periodista<br>Patr\u00f3n<br>Presidente de la Fundaci\u00f3n CorAvant desde junio de 2024. Anteriormente, desde enero de 2021 era vocal del patronato <\/p>\n\n\n\n<blockquote class=\"wp-block-quote is-layout-flow wp-block-quote-is-layout-flow\">\n<p>Entro a formar parte del patronato de la Fundaci\u00f3n CorAvant con la ilusi\u00f3n de poder ayudar la entidad y las familias y los ni\u00f1os con cardiopat\u00edas cong\u00e9nitas. Conf\u00edo poder aportar mis conocimientos como periodista y la experiencia personal por mi cardiopat\u00eda cong\u00e9nita.<\/p>\n<\/blockquote>\n<\/div><\/div>\n\n\n\n<div style=\"height:50px\" aria-hidden=\"true\" class=\"wp-block-spacer\"><\/div>\n\n\n\n<h3 class=\"wp-block-heading\">Secretario<\/h3>\n\n\n\n<div class=\"wp-block-media-text is-stacked-on-mobile\" style=\"grid-template-columns:15% auto\"><figure class=\"wp-block-media-text__media\"><img loading=\"lazy\" decoding=\"async\" width=\"177\" height=\"232\" src=\"https:\/\/fundaciocoravant.org\/wp-content\/uploads\/2025\/12\/Borja-Pardo.jpg\" alt=\"Borja Pardo\" class=\"wp-image-248 size-full\"\/><\/figure><div class=\"wp-block-media-text__content\">\n<p><strong>Borja Pardo Iba\u00f1ez<\/strong><br>Abogado<br>Patr\u00f3n<br>Es vocal de la Fundaci\u00f3n CorAvant desde enero de 2018<\/p>\n\n\n\n<blockquote class=\"wp-block-quote is-layout-flow wp-block-quote-is-layout-flow\">\n<p>Mi motivaci\u00f3n es colaborar de forma directa con la Fundaci\u00f3n CorAvant y ayudar a llevar a cabo sus objetivos fundacionales<\/p>\n<\/blockquote>\n<\/div><\/div>\n\n\n\n<div style=\"height:50px\" aria-hidden=\"true\" class=\"wp-block-spacer\"><\/div>\n\n\n\n<h3 class=\"wp-block-heading\">Vocales<\/h3>\n\n\n\n<div class=\"wp-block-media-text is-stacked-on-mobile\" style=\"grid-template-columns:15% auto\"><figure class=\"wp-block-media-text__media\"><img loading=\"lazy\" decoding=\"async\" width=\"216\" height=\"289\" src=\"https:\/\/fundaciocoravant.org\/wp-content\/uploads\/2026\/01\/Beatriz-Cardaba.jpeg\" alt=\"Beatriz C\u00e1rdaba\" class=\"wp-image-1158 size-full\"\/><\/figure><div class=\"wp-block-media-text__content\">\n<p><strong>Beatriz C\u00e1rdaba<\/strong><br>Farmac\u00e9utica. Trabaja en un laboratorio farmac\u00e9utico.<br>Patrona<br>Es vocal de la Fundaci\u00f3n CorAvant desde enero del 2026<\/p>\n\n\n\n<blockquote class=\"wp-block-quote is-layout-flow wp-block-quote-is-layout-flow\">\n<p>Soy presidenta de la Asociaci\u00f3n de Cardiopat\u00edas Cong\u00e9nitas (AACIC) y ahora tambi\u00e9n me quiero implicar con la  Fundaci\u00f3n CorAvant<\/p>\n<\/blockquote>\n<\/div><\/div>\n\n\n\n<div style=\"height:50px\" aria-hidden=\"true\" class=\"wp-block-spacer\"><\/div>\n\n\n\n<div class=\"wp-block-media-text is-stacked-on-mobile\" style=\"grid-template-columns:15% auto\"><figure class=\"wp-block-media-text__media\"><img loading=\"lazy\" decoding=\"async\" width=\"180\" height=\"239\" src=\"https:\/\/fundaciocoravant.org\/wp-content\/uploads\/2025\/12\/Neus-Clofent-Vilaplana.jpg\" alt=\"Neus Clofent\" class=\"wp-image-250 size-full\"\/><\/figure><div class=\"wp-block-media-text__content\">\n<p><strong>Neus Clofent Vilaplana<\/strong><br>Comercial en el sector textil<br>Patrona<br>Es vocal de la Fundaci\u00f3n CorAvant desde junio del 2015<\/p>\n\n\n\n<blockquote class=\"wp-block-quote is-layout-flow wp-block-quote-is-layout-flow\">\n<p>Me gusta formar parte de un grupo de personas que se dedican a hacer una gran labor, tanto en el \u00e1mbito familiar como social en el mundo de las cardiopat\u00edas.<\/p>\n<\/blockquote>\n<\/div><\/div>\n\n\n\n<div style=\"height:50px\" aria-hidden=\"true\" class=\"wp-block-spacer\"><\/div>\n\n\n\n<div class=\"wp-block-media-text is-stacked-on-mobile\" style=\"grid-template-columns:15% auto\"><figure class=\"wp-block-media-text__media\"><img loading=\"lazy\" decoding=\"async\" width=\"180\" height=\"205\" src=\"https:\/\/fundaciocoravant.org\/wp-content\/uploads\/2025\/12\/Carme-Hellin-Gonzalez.jpg\" alt=\"Carme Hell\u00edn\" class=\"wp-image-254 size-full\"\/><\/figure><div class=\"wp-block-media-text__content\">\n<p><strong>Carme Hell\u00edn Gonz\u00e1lez<\/strong><br>Pensionista<br>Patrona<br>Es vocal de la Fundaci\u00f3n CorAvant desde junio del 2013<\/p>\n\n\n\n<blockquote class=\"wp-block-quote is-layout-flow wp-block-quote-is-layout-flow\">\n<p>Tengo una cardiopat\u00eda cong\u00e9nita y fui presidenta de la Asociaci\u00f3n de Cardiopat\u00edas Cong\u00e9nitas (AACIC). Quiero contribuir a ayudar a la Fundaci\u00f3n CorAvant en los pr\u00f3ximos a\u00f1os.<\/p>\n<\/blockquote>\n<\/div><\/div>\n\n\n\n<div style=\"height:50px\" aria-hidden=\"true\" class=\"wp-block-spacer\"><\/div>\n\n\n\n<div class=\"wp-block-media-text is-stacked-on-mobile\" style=\"grid-template-columns:15% auto\"><figure class=\"wp-block-media-text__media\"><img decoding=\"async\" src=\"https:\/\/fundaciocoravant.org\/wp-content\/uploads\/2026\/01\/Laia-Marsal.jpg\" alt=\"Laia Marsal\" class=\"wp-image-1189 size-full\"\/><\/figure><div class=\"wp-block-media-text__content\">\n<p><strong>Laia Marsal Gonz\u00e1lez<\/strong><br>Educadora Infantil y T\u00e9cnica en Administraci\u00f3n y Documentaci\u00f3n Sanitaria<br>Patrona<br>Es vocal de la Fundaci\u00f3n&nbsp;CorAvant&nbsp;desde enero de 2026<\/p>\n\n\n\n<blockquote class=\"wp-block-quote is-layout-flow wp-block-quote-is-layout-flow\">\n<p>Mi motivaci\u00f3n para formar parte del Patronato de&nbsp;CorAvant&nbsp;nace tanto de mi experiencia personal con una cardiopat\u00eda cong\u00e9nita como de mi v\u00ednculo de toda la vida con la entidad, de la cual soy socia desde muy peque\u00f1a.&nbsp;CorAvant&nbsp;ha estado siempre un espacio de apoyo y acompa\u00f1amiento, y formar parte del Patronato representa para m\u00ed una manera de devolver todo aquello recibido y contribuir activamente a la continuidad y fortalecimiento de su proyecto.<\/p>\n<\/blockquote>\n<\/div><\/div>\n\n\n\n<div style=\"height:50px\" aria-hidden=\"true\" class=\"wp-block-spacer\"><\/div>\n\n\n\n<div class=\"wp-block-media-text is-stacked-on-mobile\" style=\"grid-template-columns:15% auto\"><figure class=\"wp-block-media-text__media\"><img loading=\"lazy\" decoding=\"async\" width=\"354\" height=\"472\" src=\"https:\/\/fundaciocoravant.org\/wp-content\/uploads\/2026\/01\/Carles-Mateo.png\" alt=\"Carles Mateo\" class=\"wp-image-1160 size-full\" srcset=\"https:\/\/fundaciocoravant.org\/wp-content\/uploads\/2026\/01\/Carles-Mateo.png 354w, https:\/\/fundaciocoravant.org\/wp-content\/uploads\/2026\/01\/Carles-Mateo-225x300.png 225w\" sizes=\"auto, (max-width: 354px) 100vw, 354px\" \/><\/figure><div class=\"wp-block-media-text__content\">\n<p><strong>Carles Mateo Puente<\/strong><br>Empleado de banca, a pesar de que ya no ejerce. Tambi\u00e9n es miembro activo de la asociaci\u00f3n Rebel\u00a0Legion\u00a0(base espa\u00f1ola) haciendo obra\u00a0ben\u00e9fico-social\u00a0con tem\u00e1tica de\u00a0Star\u00a0Wars<br>Patr\u00f3n<br>Es vocal de la Fundaci\u00f3n CorAvant desde enero del 2026<\/p>\n\n\n\n<blockquote class=\"wp-block-quote is-layout-flow wp-block-quote-is-layout-flow\">\n<p>Como enfermo cong\u00e9nito de coraz\u00f3n, formar parte del patronato es una manera de devolver a la Fundaci\u00f3n CorAvant todo lo que hace para nosotros y nuestras familias.<\/p>\n<\/blockquote>\n<\/div><\/div>\n\n\n\n<div style=\"height:50px\" aria-hidden=\"true\" class=\"wp-block-spacer\"><\/div>\n\n\n\n<h2 class=\"wp-block-heading\">Equipo<\/h2>\n\n\n\n<h3 class=\"wp-block-heading\">\u00c1rea de gesti\u00f3n y administraci\u00f3n<\/h3>\n\n\n\n<p><strong>Pau Ayabarrena<\/strong><br>Coordinadora de proyectos<br>93 458 66 53 |&nbsp;<a href=\"mailto:coravant@fundaciocoravant.org\">coravant@fundaciocoravant.org<\/a><\/p>\n\n\n\n<p><strong>Xavier Cunyat<br><\/strong>Contable (freelance)<\/p>\n\n\n\n<p><strong>Susana Garcia<\/strong><br>Captaci\u00f3n de fondos (freelance)<\/p>\n\n\n\n<p><strong>Masiel Hern\u00e1ndez<\/strong><br>Polit\u00f3loga. Administrativa<br>93 458 66 53 | <a href=\"mailto:coravant@fundaciocoravant.org\">coravant@fundaciocoravant.org<\/a><\/p>\n\n\n\n<h3 class=\"wp-block-heading\">Equipo de atenci\u00f3n directa e investigaci\u00f3n<\/h3>\n\n\n\n<p><strong>F\u00e0tima Boussaid<br><\/strong>Trabajadora social<br>93 458 66 53 |&nbsp;<a href=\"mailto:coravant@fundaciocoravant.org\">coravant@fundaciocoravant.org<\/a><\/p>\n\n\n\n<p><strong>Marina Fern\u00e1ndez<\/strong><br>Psic\u00f3loga sanitaria<br>93 458 66 53 | <a href=\"mailto:atenciodirecta@fundaciocoravant.org\">atenciodirecta@fundaciocoravant.org<\/a><\/p>\n\n\n\n<p><strong>Mireia Salvador<\/strong><br>Doctora en psicolog\u00eda y psic\u00f3loga sanitaria<br>682 740 177 | <a href=\"mailto:msalvador@fundaciocoravant.org\">msalvador@fundaciocoravant.org<\/a><\/p>\n\n\n\n<h3 class=\"wp-block-heading\">\u00c1rea de Comunicaci\u00f3n<\/h3>\n\n\n\n<p><strong>Maria Valldeneu<\/strong><br>Periodista, especializada en comunicaci\u00f3n digital<br>93 458 66 53 | <a href=\"mailto:mvalldeneu@fundaciocoravant.org\">mvalldeneu@fundaciocoravant.org<\/a><\/p>\n\n\n\n<h3 class=\"wp-block-heading\">Colaboraci\u00f3n con la Asociaci\u00f3n de Cardiopat\u00edas Cong\u00e9nitas (AACIC)<\/h3>\n\n\n\n<p>La Fundaci\u00f3n CorAvant y AACIC tienen un convenio de colaboraci\u00f3n para desarrollar y ejecutar algunos servicios y proyectos conjuntos. Es por eso que en el equipo t\u00e9cnico y de gesti\u00f3n de la Fundaci\u00f3n CorAvant se suma tambi\u00e9n el equipo de profesionales de AACIC. <\/p>\n\n\n\n<div class=\"wp-block-buttons is-layout-flex wp-block-buttons-is-layout-flex\">\n<div class=\"wp-block-button\"><a class=\"wp-block-button__link wp-element-button\" href=\"https:\/\/www.aacic.org\/es\/quienes-somos-y-que-hacemos\/organizacion\/\" target=\"_blank\" rel=\"noreferrer noopener\">Conoce la organizaci\u00f3n de AACIC<\/a><\/div>\n<\/div>\n\n\n\n<p><\/p>\n","protected":false},"excerpt":{"rendered":"<p>La Fundaci\u00f3n CorAvant est\u00e1 compuesta por un Patronato y un equipo t\u00e9cnico propio de la entidad que cuenta tambi\u00e9n con la colaboraci\u00f3n del equipo profesional de la Asociaci\u00f3n de Cardiopat\u00edas Cong\u00e9nitas (AACIC). El Patronato de CorAvant El Patronato es el \u00f3rgano de gobierno y de administraci\u00f3n de la Fundaci\u00f3n, la representa y gestiona y asume<a href=\"https:\/\/fundaciocoravant.org\/es\/la-fundacion-coravant\/organizacion\/\">Continue reading <span class=\"sr-only\">\u00abOrganizaci\u00f3n\u00bb<\/span><\/a><\/p>\n","protected":false},"author":1,"featured_media":0,"parent":181,"menu_order":0,"comment_status":"closed","ping_status":"closed","template":"","meta":{"_acf_changed":false,"give_campaign_id":0,"footnotes":""},"class_list":["post-276","page","type-page","status-publish","hentry"],"acf":[],"yoast_head":"<!-- This site is optimized with the Yoast SEO plugin v27.2 - https:\/\/yoast.com\/product\/yoast-seo-wordpress\/ -->\n<title>Organizaci\u00f3n - CorAvant<\/title>\n<meta name=\"robots\" content=\"index, follow, max-snippet:-1, max-image-preview:large, max-video-preview:-1\" \/>\n<link rel=\"canonical\" href=\"https:\/\/fundaciocoravant.org\/es\/la-fundacion-coravant\/organizacion\/\" \/>\n<meta property=\"og:locale\" content=\"es_ES\" \/>\n<meta property=\"og:type\" content=\"article\" \/>\n<meta property=\"og:title\" content=\"Organizaci\u00f3n - CorAvant\" \/>\n<meta property=\"og:description\" content=\"La Fundaci\u00f3n CorAvant est\u00e1 compuesta por un Patronato y un equipo t\u00e9cnico propio de la entidad que cuenta tambi\u00e9n con la colaboraci\u00f3n del equipo profesional de la Asociaci\u00f3n de Cardiopat\u00edas Cong\u00e9nitas (AACIC). El Patronato de CorAvant El Patronato es el \u00f3rgano de gobierno y de administraci\u00f3n de la Fundaci\u00f3n, la representa y gestiona y asumeContinue reading &quot;Organizaci\u00f3n&quot;\" \/>\n<meta property=\"og:url\" content=\"https:\/\/fundaciocoravant.org\/es\/la-fundacion-coravant\/organizacion\/\" \/>\n<meta property=\"og:site_name\" content=\"CorAvant\" \/>\n<meta property=\"article:publisher\" content=\"https:\/\/www.facebook.com\/coravantaacic\" \/>\n<meta property=\"article:modified_time\" content=\"2026-01-29T12:17:55+00:00\" \/>\n<meta property=\"og:image\" content=\"https:\/\/fundaciocoravant.org\/wp-content\/uploads\/2026\/01\/Organigrama-CorAvant-enero-2026-OK.jpg\" \/>\n\t<meta property=\"og:image:width\" content=\"960\" \/>\n\t<meta property=\"og:image:height\" content=\"720\" \/>\n\t<meta property=\"og:image:type\" content=\"image\/jpeg\" \/>\n<meta name=\"twitter:card\" content=\"summary_large_image\" \/>\n<meta name=\"twitter:site\" content=\"@coravant\" \/>\n<meta name=\"twitter:label1\" content=\"Tiempo de lectura\" \/>\n\t<meta name=\"twitter:data1\" content=\"4 minutos\" \/>\n<script type=\"application\/ld+json\" class=\"yoast-schema-graph\">{\"@context\":\"https:\/\/schema.org\",\"@graph\":[{\"@type\":\"WebPage\",\"@id\":\"https:\/\/fundaciocoravant.org\/es\/la-fundacion-coravant\/organizacion\/\",\"url\":\"https:\/\/fundaciocoravant.org\/es\/la-fundacion-coravant\/organizacion\/\",\"name\":\"Organizaci\u00f3n - CorAvant\",\"isPartOf\":{\"@id\":\"https:\/\/fundaciocoravant.org\/#website\"},\"primaryImageOfPage\":{\"@id\":\"https:\/\/fundaciocoravant.org\/es\/la-fundacion-coravant\/organizacion\/#primaryimage\"},\"image\":{\"@id\":\"https:\/\/fundaciocoravant.org\/es\/la-fundacion-coravant\/organizacion\/#primaryimage\"},\"thumbnailUrl\":\"https:\/\/fundaciocoravant.org\/wp-content\/uploads\/2026\/01\/Organigrama-CorAvant-enero-2026-OK.jpg\",\"datePublished\":\"2025-12-15T08:58:25+00:00\",\"dateModified\":\"2026-01-29T12:17:55+00:00\",\"breadcrumb\":{\"@id\":\"https:\/\/fundaciocoravant.org\/es\/la-fundacion-coravant\/organizacion\/#breadcrumb\"},\"inLanguage\":\"es\",\"potentialAction\":[{\"@type\":\"ReadAction\",\"target\":[\"https:\/\/fundaciocoravant.org\/es\/la-fundacion-coravant\/organizacion\/\"]}]},{\"@type\":\"ImageObject\",\"inLanguage\":\"es\",\"@id\":\"https:\/\/fundaciocoravant.org\/es\/la-fundacion-coravant\/organizacion\/#primaryimage\",\"url\":\"https:\/\/fundaciocoravant.org\/wp-content\/uploads\/2026\/01\/Organigrama-CorAvant-enero-2026-OK.jpg\",\"contentUrl\":\"https:\/\/fundaciocoravant.org\/wp-content\/uploads\/2026\/01\/Organigrama-CorAvant-enero-2026-OK.jpg\"},{\"@type\":\"BreadcrumbList\",\"@id\":\"https:\/\/fundaciocoravant.org\/es\/la-fundacion-coravant\/organizacion\/#breadcrumb\",\"itemListElement\":[{\"@type\":\"ListItem\",\"position\":1,\"name\":\"Home\",\"item\":\"https:\/\/fundaciocoravant.org\/es\/\"},{\"@type\":\"ListItem\",\"position\":2,\"name\":\"La Fundaci\u00f3n CorAvant\",\"item\":\"https:\/\/fundaciocoravant.org\/es\/la-fundacion-coravant\/\"},{\"@type\":\"ListItem\",\"position\":3,\"name\":\"Organizaci\u00f3n\"}]},{\"@type\":\"WebSite\",\"@id\":\"https:\/\/fundaciocoravant.org\/#website\",\"url\":\"https:\/\/fundaciocoravant.org\/\",\"name\":\"CorAvant\",\"description\":\"Fundaci\u00f3 de joves i adults amb cardiopatia\",\"publisher\":{\"@id\":\"https:\/\/fundaciocoravant.org\/#organization\"},\"potentialAction\":[{\"@type\":\"SearchAction\",\"target\":{\"@type\":\"EntryPoint\",\"urlTemplate\":\"https:\/\/fundaciocoravant.org\/?s={search_term_string}\"},\"query-input\":{\"@type\":\"PropertyValueSpecification\",\"valueRequired\":true,\"valueName\":\"search_term_string\"}}],\"inLanguage\":\"es\"},{\"@type\":\"Organization\",\"@id\":\"https:\/\/fundaciocoravant.org\/#organization\",\"name\":\"CorAvant\",\"url\":\"https:\/\/fundaciocoravant.org\/\",\"logo\":{\"@type\":\"ImageObject\",\"inLanguage\":\"es\",\"@id\":\"https:\/\/fundaciocoravant.org\/#\/schema\/logo\/image\/\",\"url\":\"https:\/\/fundaciocoravant.org\/wp-content\/uploads\/2025\/11\/cropped-cropped-LOGO_CORAVANT-15-anys_CASTELLANO.png\",\"contentUrl\":\"https:\/\/fundaciocoravant.org\/wp-content\/uploads\/2025\/11\/cropped-cropped-LOGO_CORAVANT-15-anys_CASTELLANO.png\",\"width\":1404,\"height\":979,\"caption\":\"CorAvant\"},\"image\":{\"@id\":\"https:\/\/fundaciocoravant.org\/#\/schema\/logo\/image\/\"},\"sameAs\":[\"https:\/\/www.facebook.com\/coravantaacic\",\"https:\/\/x.com\/coravant\",\"https:\/\/www.instagram.com\/coravantaacic\/\",\"https:\/\/www.youtube.com\/@CorAvantAACIC_cardiopaties\",\"https:\/\/www.linkedin.com\/company\/fundacio-coravant\/\"]}]}<\/script>\n<!-- \/ Yoast SEO plugin. -->","yoast_head_json":{"title":"Organizaci\u00f3n - CorAvant","robots":{"index":"index","follow":"follow","max-snippet":"max-snippet:-1","max-image-preview":"max-image-preview:large","max-video-preview":"max-video-preview:-1"},"canonical":"https:\/\/fundaciocoravant.org\/es\/la-fundacion-coravant\/organizacion\/","og_locale":"es_ES","og_type":"article","og_title":"Organizaci\u00f3n - CorAvant","og_description":"La Fundaci\u00f3n CorAvant est\u00e1 compuesta por un Patronato y un equipo t\u00e9cnico propio de la entidad que cuenta tambi\u00e9n con la colaboraci\u00f3n del equipo profesional de la Asociaci\u00f3n de Cardiopat\u00edas Cong\u00e9nitas (AACIC). El Patronato de CorAvant El Patronato es el \u00f3rgano de gobierno y de administraci\u00f3n de la Fundaci\u00f3n, la representa y gestiona y asumeContinue reading \"Organizaci\u00f3n\"","og_url":"https:\/\/fundaciocoravant.org\/es\/la-fundacion-coravant\/organizacion\/","og_site_name":"CorAvant","article_publisher":"https:\/\/www.facebook.com\/coravantaacic","article_modified_time":"2026-01-29T12:17:55+00:00","og_image":[{"width":960,"height":720,"url":"https:\/\/fundaciocoravant.org\/wp-content\/uploads\/2026\/01\/Organigrama-CorAvant-enero-2026-OK.jpg","type":"image\/jpeg"}],"twitter_card":"summary_large_image","twitter_site":"@coravant","twitter_misc":{"Tiempo de lectura":"4 minutos"},"schema":{"@context":"https:\/\/schema.org","@graph":[{"@type":"WebPage","@id":"https:\/\/fundaciocoravant.org\/es\/la-fundacion-coravant\/organizacion\/","url":"https:\/\/fundaciocoravant.org\/es\/la-fundacion-coravant\/organizacion\/","name":"Organizaci\u00f3n - CorAvant","isPartOf":{"@id":"https:\/\/fundaciocoravant.org\/#website"},"primaryImageOfPage":{"@id":"https:\/\/fundaciocoravant.org\/es\/la-fundacion-coravant\/organizacion\/#primaryimage"},"image":{"@id":"https:\/\/fundaciocoravant.org\/es\/la-fundacion-coravant\/organizacion\/#primaryimage"},"thumbnailUrl":"https:\/\/fundaciocoravant.org\/wp-content\/uploads\/2026\/01\/Organigrama-CorAvant-enero-2026-OK.jpg","datePublished":"2025-12-15T08:58:25+00:00","dateModified":"2026-01-29T12:17:55+00:00","breadcrumb":{"@id":"https:\/\/fundaciocoravant.org\/es\/la-fundacion-coravant\/organizacion\/#breadcrumb"},"inLanguage":"es","potentialAction":[{"@type":"ReadAction","target":["https:\/\/fundaciocoravant.org\/es\/la-fundacion-coravant\/organizacion\/"]}]},{"@type":"ImageObject","inLanguage":"es","@id":"https:\/\/fundaciocoravant.org\/es\/la-fundacion-coravant\/organizacion\/#primaryimage","url":"https:\/\/fundaciocoravant.org\/wp-content\/uploads\/2026\/01\/Organigrama-CorAvant-enero-2026-OK.jpg","contentUrl":"https:\/\/fundaciocoravant.org\/wp-content\/uploads\/2026\/01\/Organigrama-CorAvant-enero-2026-OK.jpg"},{"@type":"BreadcrumbList","@id":"https:\/\/fundaciocoravant.org\/es\/la-fundacion-coravant\/organizacion\/#breadcrumb","itemListElement":[{"@type":"ListItem","position":1,"name":"Home","item":"https:\/\/fundaciocoravant.org\/es\/"},{"@type":"ListItem","position":2,"name":"La Fundaci\u00f3n CorAvant","item":"https:\/\/fundaciocoravant.org\/es\/la-fundacion-coravant\/"},{"@type":"ListItem","position":3,"name":"Organizaci\u00f3n"}]},{"@type":"WebSite","@id":"https:\/\/fundaciocoravant.org\/#website","url":"https:\/\/fundaciocoravant.org\/","name":"CorAvant","description":"Fundaci\u00f3 de joves i adults amb cardiopatia","publisher":{"@id":"https:\/\/fundaciocoravant.org\/#organization"},"potentialAction":[{"@type":"SearchAction","target":{"@type":"EntryPoint","urlTemplate":"https:\/\/fundaciocoravant.org\/?s={search_term_string}"},"query-input":{"@type":"PropertyValueSpecification","valueRequired":true,"valueName":"search_term_string"}}],"inLanguage":"es"},{"@type":"Organization","@id":"https:\/\/fundaciocoravant.org\/#organization","name":"CorAvant","url":"https:\/\/fundaciocoravant.org\/","logo":{"@type":"ImageObject","inLanguage":"es","@id":"https:\/\/fundaciocoravant.org\/#\/schema\/logo\/image\/","url":"https:\/\/fundaciocoravant.org\/wp-content\/uploads\/2025\/11\/cropped-cropped-LOGO_CORAVANT-15-anys_CASTELLANO.png","contentUrl":"https:\/\/fundaciocoravant.org\/wp-content\/uploads\/2025\/11\/cropped-cropped-LOGO_CORAVANT-15-anys_CASTELLANO.png","width":1404,"height":979,"caption":"CorAvant"},"image":{"@id":"https:\/\/fundaciocoravant.org\/#\/schema\/logo\/image\/"},"sameAs":["https:\/\/www.facebook.com\/coravantaacic","https:\/\/x.com\/coravant","https:\/\/www.instagram.com\/coravantaacic\/","https:\/\/www.youtube.com\/@CorAvantAACIC_cardiopaties","https:\/\/www.linkedin.com\/company\/fundacio-coravant\/"]}]}},"campaignId":"","_links":{"self":[{"href":"https:\/\/fundaciocoravant.org\/es\/wp-json\/wp\/v2\/pages\/276","targetHints":{"allow":["GET"]}}],"collection":[{"href":"https:\/\/fundaciocoravant.org\/es\/wp-json\/wp\/v2\/pages"}],"about":[{"href":"https:\/\/fundaciocoravant.org\/es\/wp-json\/wp\/v2\/types\/page"}],"author":[{"embeddable":true,"href":"https:\/\/fundaciocoravant.org\/es\/wp-json\/wp\/v2\/users\/1"}],"replies":[{"embeddable":true,"href":"https:\/\/fundaciocoravant.org\/es\/wp-json\/wp\/v2\/comments?post=276"}],"version-history":[{"count":7,"href":"https:\/\/fundaciocoravant.org\/es\/wp-json\/wp\/v2\/pages\/276\/revisions"}],"predecessor-version":[{"id":1192,"href":"https:\/\/fundaciocoravant.org\/es\/wp-json\/wp\/v2\/pages\/276\/revisions\/1192"}],"up":[{"embeddable":true,"href":"https:\/\/fundaciocoravant.org\/es\/wp-json\/wp\/v2\/pages\/181"}],"wp:attachment":[{"href":"https:\/\/fundaciocoravant.org\/es\/wp-json\/wp\/v2\/media?parent=276"}],"curies":[{"name":"wp","href":"https:\/\/api.w.org\/{rel}","templated":true}]}}