{"id":286,"date":"2025-12-15T09:24:59","date_gmt":"2025-12-15T09:24:59","guid":{"rendered":"https:\/\/fundaciocoravant.org\/la-fundacio-coravant\/transparencia\/"},"modified":"2025-12-15T10:11:11","modified_gmt":"2025-12-15T10:11:11","slug":"transparencia","status":"publish","type":"page","link":"https:\/\/fundaciocoravant.org\/es\/la-fundacion-coravant\/transparencia\/","title":{"rendered":"Transparencia"},"content":{"rendered":"\n<p>La <strong>Fundaci\u00f3n CorAvant Cardiopaties<\/strong> con CIF G64925571, direcci\u00f3n de la <strong>sede central en la calle Mart\u00ed i Alsina, 22, local 1, 08031 de Barcelona<\/strong>, est\u00e1 inscrita en el <strong>Registre de Fundacions de la Direcci\u00f3 General de Dret i d\u2019Entitats Jur\u00eddiques del Departament de Just\u00edcia de la Generalitat de Catalunya con el n\u00famero 2546.<\/strong><\/p>\n\n<p>La entidad trabaja de forma coordinada con diferentes entidades que trabajan en la mejora de la calidad de vida de los j\u00f3venes y adultos con cardiopat\u00eda a nivel municipal, comarcal, y por demarcaciones.<\/p>\n\n<p>Se trabaja de forma conjunta con distintas entidades, servicios sociales y otros servicios en red, tanto p\u00fablica como privada, para ofrecer una atenci\u00f3n multidisciplinaria y a la vez poder llegar al mayor n\u00famero de personas posible.<\/p>\n\n<ul class=\"wp-block-list\">\n<li>Trabajo conjunto con diferentes <strong>instituciones <\/strong>para tratar temas relacionados con las cardiopat\u00edas cong\u00e9nitas, el \u00e1mbito social y de la salud: Centros de inserci\u00f3n laboral, puntos INCORPORA y otros servicios de la red p\u00fablica y privada del territorio catal\u00e1n.<\/li>\n\n\n\n<li>Trabajo conn las entidades siguientes del <strong>tercer sector<\/strong>: Fundaci\u00f3 Jubert Figueres, Taula del Tercer Sector, Observatori del Tercer Sector, FCVS Federaci\u00f3 catalana de voluntariat social, FEDER, Associaci\u00f3 POVAC, Especial de Treball SIFU, Federaci\u00f3 ECOM, Fundaci\u00f3 ECOM, Asociaci\u00f3n Coraz\u00f3n y Vida de Sevilla, Fundaci\u00f3n Menudos Corazones, Associaci\u00f3 de Cardiopaties cong\u00e8nites, AACIC, entre otras.<\/li>\n\n\n\n<li>Participaci\u00f3n en el <strong>Encuentro Anual y Asamblea de ECHDO (Plataforma europea de entidades de cardiopat\u00edas cong\u00e9nitas).<\/strong><\/li>\n\n\n\n<li>Trabajo en los siguientes <strong>hospitales de referencia<\/strong>. Barcelona: Hospital Infantil i de la Dona Vall d\u2019Hebron, Hospital Cl\u00ednic, Hospital de Sant Pau; Tarragona: Hospital de Santa Tecla, Hospital Joan XXII; Reus, Hospital Sant Joan; Girona, Hospital Josep Trueta; Sabadell, Hospital Parc Taul\u00ed; Tortosa, Hospital Verge de la Cinta; Lleida, Hospital Arnau de Vilanova. <\/li>\n\n\n\n<li>Convenios de colaboraci\u00f3n con distintas <strong>Universidades y equipos de investigaci\u00f3n reconocidos.<\/strong><\/li>\n<\/ul>\n\n<div style=\"height:50px\" aria-hidden=\"true\" class=\"wp-block-spacer\"><\/div>\n\n<h3 class=\"wp-block-heading\">Registros de entidades municipales<\/h3>\n\n<p><strong>Ajuntament de Terrassa<\/strong>, n\u00fam. 1530. <strong>Ajuntament de Girona<\/strong>, n\u00fam. EH3279. Ajuntament de Sabadell, n\u00fam. 1489. <strong>Ajuntament de Badalona<\/strong>, n\u00fam. 944. <strong>Ajuntament de Lleida<\/strong>, n\u00fam. 1048. <strong>Ajuntament de Tarragona<\/strong>, n\u00fam. 1093. Ajuntament de Santa Coloma de Gramenet, n\u00fam. 584. <strong>Ajuntament de Sant Quirze del Vall\u00e8s<\/strong>, n\u00fam. RAE 194\/24. Ajuntament de Rub\u00ed, n\u00fam. 498. Ajuntament de Cerdanyola del Vall\u00e8s, n\u00fam. 532. Ajuntament de l\u2019Hospitalet de Llobregat, n\u00fam. 1320.           1320.<\/p>\n\n<div style=\"height:50px\" aria-hidden=\"true\" class=\"wp-block-spacer\"><\/div>\n\n<h3 class=\"wp-block-heading\">Documentaci\u00f3 legal<\/h3>\n\n<ul class=\"wp-block-list\">\n<li><u><a href=\"http:\/\/fundaciocoravant.org\/wp-content\/uploads\/2021\/11\/Inscripcio-registre.pdf\" target=\"_blank\" rel=\"noreferrer noopener\">Inscripci\u00f3n al Registre de Fundacions<\/a><\/u><\/li>\n\n\n\n<li><u><a href=\"http:\/\/fundaciocoravant.org\/wp-content\/uploads\/2024\/06\/2024-Estatuts-Coravant-protocol-959-REGISTRATS-GENERALITAT.pdf\" target=\"_blank\" rel=\"noreferrer noopener\">Estatutos<\/a><\/u><\/li>\n\n\n\n<li><u><a href=\"http:\/\/fundaciocoravant.org\/wp-content\/uploads\/2021\/11\/CIF.pdf\" target=\"_blank\" rel=\"noreferrer noopener\">NIF<\/a><\/u><\/li>\n\n\n\n<li><u><a href=\"http:\/\/fundaciocoravant.org\/wp-content\/uploads\/2021\/11\/2020_Entitat-sense-fins-lucratius-llei-49-2002.pdf\" target=\"_blank\" rel=\"noreferrer noopener\">Entidad sin fines lucrativos<\/a><\/u><\/li>\n\n\n\n<li><u><a href=\"https:\/\/fundaciocoravant.org\/wp-content\/uploads\/2014\/12\/Doc-de-resolucio-GRUP-INTERES_CORAVANT.pdf\" target=\"_blank\" rel=\"noreferrer noopener\">Inscripci\u00f3n al Registro de grupos de inter\u00e9s de la administraci\u00f3n de la Generalitat y de su sector p\u00fablico<\/a><\/u><\/li>\n<\/ul>\n\n<div style=\"height:50px\" aria-hidden=\"true\" class=\"wp-block-spacer\"><\/div>\n\n<h3 class=\"wp-block-heading\">Plan Estrat\u00e9gico<\/h3>\n\n<p><u><a href=\"http:\/\/fundaciocoravant.org\/wp-content\/uploads\/2024\/03\/FUND_2019-2024-PLA-ESTRATEGIC.pdf\" target=\"_blank\" rel=\"noreferrer noopener\">Plan Estrat\u00e9gico 2019-2024<\/a> (prorrogado)<\/u><\/p>\n\n<div style=\"height:50px\" aria-hidden=\"true\" class=\"wp-block-spacer\"><\/div>\n\n<h3 class=\"wp-block-heading\">Plan de Igualdad<\/h3>\n\n<p><u><a href=\"https:\/\/fundaciocoravant.org\/wp-content\/uploads\/2023\/03\/PLA-IGUALTAT_AACIC-CORAVANT.pdf\">Plan de Igualdad<\/a><\/u><\/p>\n\n<div style=\"height:50px\" aria-hidden=\"true\" class=\"wp-block-spacer\"><\/div>\n\n<h3 class=\"wp-block-heading\">Convenios vigentes<\/h3>\n\n<ul class=\"wp-block-list\">\n<li>AACIC, Associaci\u00f3 de Cardiopaties Cong\u00e8nites<\/li>\n\n\n\n<li>Accent Social, SL<\/li>\n\n\n\n<li>Fundaci\u00f3 Blanquerna cooperaci\u00f3 educativa<\/li>\n\n\n\n<li>Fundaci\u00f3n Randstad<\/li>\n\n\n\n<li>Fundaci\u00f3 de gesti\u00f3 sanit\u00e0ria de l\u2019Hospital de la Santa Creu i Sant Pau<\/li>\n\n\n\n<li>Hospital Cl\u00ednic de Barcelona<\/li>\n\n\n\n<li>Hospital Universitari de Bellvitge<\/li>\n<\/ul>\n\n<div style=\"height:50px\" aria-hidden=\"true\" class=\"wp-block-spacer\"><\/div>\n\n<h3 class=\"wp-block-heading\"><strong>Consulta las <u>memorias anuales de la entidad<\/u><\/strong><\/h3>\n\n<div style=\"height:50px\" aria-hidden=\"true\" class=\"wp-block-spacer\"><\/div>\n\n<h3 class=\"wp-block-heading\">Documentaci\u00f3n 2024<\/h3>\n\n<p><u><a href=\"http:\/\/fundaciocoravant.org\/wp-content\/uploads\/2024\/03\/Pressupost-2024-CorAvant.pdf\" target=\"_blank\" rel=\"noreferrer noopener\">Presupuesto 2024<\/a><\/u><\/p>\n\n<p><u><a href=\"http:\/\/fundaciocoravant.org\/wp-content\/uploads\/2025\/10\/COMPTES-CORAVANT-2024.pdf\" target=\"_blank\" rel=\"noreferrer noopener\">Cuentas anuales 2024<\/a><\/u><\/p>\n\n<div style=\"height:50px\" aria-hidden=\"true\" class=\"wp-block-spacer\"><\/div>\n\n<h3 class=\"wp-block-heading\">Documentaci\u00f3n 2023<\/h3>\n\n<p><u><a rel=\"noreferrer noopener\" href=\"http:\/\/fundaciocoravant.org\/wp-content\/uploads\/2024\/03\/FUNDACIO-CORAVANT-PRESSUPOST-2023.pdf\" target=\"_blank\">Presupuesto 2023<\/a><\/u><\/p>\n\n<p><u><a href=\"http:\/\/fundaciocoravant.org\/wp-content\/uploads\/2025\/04\/COMPTES-ANUALS-CORAVANT23.pdf\" target=\"_blank\" rel=\"noreferrer noopener\">Cuentas anuales 2023<\/a><\/u><\/p>\n\n<div style=\"height:50px\" aria-hidden=\"true\" class=\"wp-block-spacer\"><\/div>\n\n<h3 class=\"wp-block-heading\">Documentaci\u00f3n 2022<\/h3>\n\n<p><u><a href=\"http:\/\/fundaciocoravant.org\/wp-content\/uploads\/2024\/03\/Pressupost-2022-CorAvant.pdf\" target=\"_blank\" rel=\"noreferrer noopener\">Presupuesto 2022<\/a><\/u><\/p>\n\n<p><u><a rel=\"noreferrer noopener\" href=\"http:\/\/fundaciocoravant.org\/wp-content\/uploads\/2024\/02\/COMPTES-CORAVANT-2022.pdf\" target=\"_blank\">Cuentas anuales 2022<\/a><\/u><\/p>\n\n<div style=\"height:50px\" aria-hidden=\"true\" class=\"wp-block-spacer\"><\/div>\n\n<h3 class=\"wp-block-heading\">Documentaci\u00f3n 2021<\/h3>\n\n<p><u><a href=\"http:\/\/fundaciocoravant.org\/wp-content\/uploads\/2024\/03\/Pressupost-2021-CorAvant.pdf\" target=\"_blank\" rel=\"noreferrer noopener\">Presupuesto 2021<\/a><\/u><\/p>\n\n<p><u><a rel=\"noreferrer noopener\" href=\"http:\/\/fundaciocoravant.org\/wp-content\/uploads\/2022\/08\/2021_COMPTES-ANUALS-CORAVANT.pdf\" target=\"_blank\">Cuentas anuales 2021<\/a><\/u><\/p>\n\n<div style=\"height:50px\" aria-hidden=\"true\" class=\"wp-block-spacer\"><\/div>\n\n<h3 class=\"wp-block-heading\">Documentaci\u00f3n 2020<\/h3>\n\n<p><u><a rel=\"noreferrer noopener\" href=\"http:\/\/fundaciocoravant.org\/wp-content\/uploads\/2024\/03\/CORAVANTPRESSUPOST-2020_aprovat-desembre-2019.pdf\" target=\"_blank\">Presupuesto 2020<\/a><\/u><\/p>\n\n<p><u><a rel=\"noreferrer noopener\" href=\"http:\/\/fundaciocoravant.org\/wp-content\/uploads\/2022\/08\/2020_COMPTES-ANUALS-CORAVANT_signats.pdf\" target=\"_blank\">Cuentas anuales 2020<\/a><\/u><\/p>\n\n<div style=\"height:50px\" aria-hidden=\"true\" class=\"wp-block-spacer\"><\/div>\n\n<h3 class=\"wp-block-heading\">Documentaci\u00f3n 2019<\/h3>\n\n<p><u><a href=\"http:\/\/fundaciocoravant.org\/wp-content\/uploads\/2024\/03\/Pressupost-2019-CorAvant.pdf\" target=\"_blank\" rel=\"noreferrer noopener\">Presupuesto 2019<\/a><\/u><\/p>\n\n<p><u><a rel=\"noreferrer noopener\" href=\"http:\/\/fundaciocoravant.org\/wp-content\/uploads\/2022\/08\/2019_COMPTES-ANUALS-CORAVANT_signats.pdf\" target=\"_blank\">Cuentas anuales 2019<\/a><\/u><\/p>\n","protected":false},"excerpt":{"rendered":"<p>La Fundaci\u00f3n CorAvant Cardiopaties con CIF G64925571, direcci\u00f3n de la sede central en la calle Mart\u00ed i Alsina, 22, local 1, 08031 de Barcelona, est\u00e1 inscrita en el Registre de Fundacions de la Direcci\u00f3 General de Dret i d\u2019Entitats Jur\u00eddiques del Departament de Just\u00edcia de la Generalitat de Catalunya con el n\u00famero 2546. La entidad<a href=\"https:\/\/fundaciocoravant.org\/es\/la-fundacion-coravant\/transparencia\/\">Continue reading <span class=\"sr-only\">\u00abTransparencia\u00bb<\/span><\/a><\/p>\n","protected":false},"author":1,"featured_media":0,"parent":181,"menu_order":0,"comment_status":"closed","ping_status":"closed","template":"","meta":{"_acf_changed":false,"give_campaign_id":0,"footnotes":""},"class_list":["post-286","page","type-page","status-publish","hentry"],"acf":[],"yoast_head":"<!-- This site is optimized with the Yoast SEO plugin v27.2 - https:\/\/yoast.com\/product\/yoast-seo-wordpress\/ -->\n<title>Transparencia - CorAvant<\/title>\n<meta name=\"robots\" content=\"index, follow, max-snippet:-1, max-image-preview:large, max-video-preview:-1\" \/>\n<link rel=\"canonical\" href=\"https:\/\/fundaciocoravant.org\/es\/la-fundacion-coravant\/transparencia\/\" \/>\n<meta property=\"og:locale\" content=\"es_ES\" \/>\n<meta property=\"og:type\" content=\"article\" \/>\n<meta property=\"og:title\" content=\"Transparencia - CorAvant\" \/>\n<meta property=\"og:description\" content=\"La Fundaci\u00f3n CorAvant Cardiopaties con CIF G64925571, direcci\u00f3n de la sede central en la calle Mart\u00ed i Alsina, 22, local 1, 08031 de Barcelona, est\u00e1 inscrita en el Registre de Fundacions de la Direcci\u00f3 General de Dret i d\u2019Entitats Jur\u00eddiques del Departament de Just\u00edcia de la Generalitat de Catalunya con el n\u00famero 2546. La entidadContinue reading &quot;Transparencia&quot;\" \/>\n<meta property=\"og:url\" content=\"https:\/\/fundaciocoravant.org\/es\/la-fundacion-coravant\/transparencia\/\" \/>\n<meta property=\"og:site_name\" content=\"CorAvant\" \/>\n<meta property=\"article:publisher\" content=\"https:\/\/www.facebook.com\/coravantaacic\" \/>\n<meta property=\"article:modified_time\" content=\"2025-12-15T10:11:11+00:00\" \/>\n<meta name=\"twitter:card\" content=\"summary_large_image\" \/>\n<meta name=\"twitter:site\" content=\"@coravant\" \/>\n<meta name=\"twitter:label1\" content=\"Tiempo de lectura\" \/>\n\t<meta name=\"twitter:data1\" content=\"3 minutos\" \/>\n<script type=\"application\/ld+json\" class=\"yoast-schema-graph\">{\"@context\":\"https:\/\/schema.org\",\"@graph\":[{\"@type\":\"WebPage\",\"@id\":\"https:\/\/fundaciocoravant.org\/es\/la-fundacion-coravant\/transparencia\/\",\"url\":\"https:\/\/fundaciocoravant.org\/es\/la-fundacion-coravant\/transparencia\/\",\"name\":\"Transparencia - CorAvant\",\"isPartOf\":{\"@id\":\"https:\/\/fundaciocoravant.org\/#website\"},\"datePublished\":\"2025-12-15T09:24:59+00:00\",\"dateModified\":\"2025-12-15T10:11:11+00:00\",\"breadcrumb\":{\"@id\":\"https:\/\/fundaciocoravant.org\/es\/la-fundacion-coravant\/transparencia\/#breadcrumb\"},\"inLanguage\":\"es\",\"potentialAction\":[{\"@type\":\"ReadAction\",\"target\":[\"https:\/\/fundaciocoravant.org\/es\/la-fundacion-coravant\/transparencia\/\"]}]},{\"@type\":\"BreadcrumbList\",\"@id\":\"https:\/\/fundaciocoravant.org\/es\/la-fundacion-coravant\/transparencia\/#breadcrumb\",\"itemListElement\":[{\"@type\":\"ListItem\",\"position\":1,\"name\":\"Home\",\"item\":\"https:\/\/fundaciocoravant.org\/es\/\"},{\"@type\":\"ListItem\",\"position\":2,\"name\":\"La Fundaci\u00f3n CorAvant\",\"item\":\"https:\/\/fundaciocoravant.org\/es\/la-fundacion-coravant\/\"},{\"@type\":\"ListItem\",\"position\":3,\"name\":\"Transparencia\"}]},{\"@type\":\"WebSite\",\"@id\":\"https:\/\/fundaciocoravant.org\/#website\",\"url\":\"https:\/\/fundaciocoravant.org\/\",\"name\":\"CorAvant\",\"description\":\"Fundaci\u00f3 de joves i adults amb cardiopatia\",\"publisher\":{\"@id\":\"https:\/\/fundaciocoravant.org\/#organization\"},\"potentialAction\":[{\"@type\":\"SearchAction\",\"target\":{\"@type\":\"EntryPoint\",\"urlTemplate\":\"https:\/\/fundaciocoravant.org\/?s={search_term_string}\"},\"query-input\":{\"@type\":\"PropertyValueSpecification\",\"valueRequired\":true,\"valueName\":\"search_term_string\"}}],\"inLanguage\":\"es\"},{\"@type\":\"Organization\",\"@id\":\"https:\/\/fundaciocoravant.org\/#organization\",\"name\":\"CorAvant\",\"url\":\"https:\/\/fundaciocoravant.org\/\",\"logo\":{\"@type\":\"ImageObject\",\"inLanguage\":\"es\",\"@id\":\"https:\/\/fundaciocoravant.org\/#\/schema\/logo\/image\/\",\"url\":\"https:\/\/fundaciocoravant.org\/wp-content\/uploads\/2025\/11\/cropped-cropped-LOGO_CORAVANT-15-anys_CASTELLANO.png\",\"contentUrl\":\"https:\/\/fundaciocoravant.org\/wp-content\/uploads\/2025\/11\/cropped-cropped-LOGO_CORAVANT-15-anys_CASTELLANO.png\",\"width\":1404,\"height\":979,\"caption\":\"CorAvant\"},\"image\":{\"@id\":\"https:\/\/fundaciocoravant.org\/#\/schema\/logo\/image\/\"},\"sameAs\":[\"https:\/\/www.facebook.com\/coravantaacic\",\"https:\/\/x.com\/coravant\",\"https:\/\/www.instagram.com\/coravantaacic\/\",\"https:\/\/www.youtube.com\/@CorAvantAACIC_cardiopaties\",\"https:\/\/www.linkedin.com\/company\/fundacio-coravant\/\"]}]}<\/script>\n<!-- \/ Yoast SEO plugin. -->","yoast_head_json":{"title":"Transparencia - CorAvant","robots":{"index":"index","follow":"follow","max-snippet":"max-snippet:-1","max-image-preview":"max-image-preview:large","max-video-preview":"max-video-preview:-1"},"canonical":"https:\/\/fundaciocoravant.org\/es\/la-fundacion-coravant\/transparencia\/","og_locale":"es_ES","og_type":"article","og_title":"Transparencia - CorAvant","og_description":"La Fundaci\u00f3n CorAvant Cardiopaties con CIF G64925571, direcci\u00f3n de la sede central en la calle Mart\u00ed i Alsina, 22, local 1, 08031 de Barcelona, est\u00e1 inscrita en el Registre de Fundacions de la Direcci\u00f3 General de Dret i d\u2019Entitats Jur\u00eddiques del Departament de Just\u00edcia de la Generalitat de Catalunya con el n\u00famero 2546. La entidadContinue reading \"Transparencia\"","og_url":"https:\/\/fundaciocoravant.org\/es\/la-fundacion-coravant\/transparencia\/","og_site_name":"CorAvant","article_publisher":"https:\/\/www.facebook.com\/coravantaacic","article_modified_time":"2025-12-15T10:11:11+00:00","twitter_card":"summary_large_image","twitter_site":"@coravant","twitter_misc":{"Tiempo de lectura":"3 minutos"},"schema":{"@context":"https:\/\/schema.org","@graph":[{"@type":"WebPage","@id":"https:\/\/fundaciocoravant.org\/es\/la-fundacion-coravant\/transparencia\/","url":"https:\/\/fundaciocoravant.org\/es\/la-fundacion-coravant\/transparencia\/","name":"Transparencia - CorAvant","isPartOf":{"@id":"https:\/\/fundaciocoravant.org\/#website"},"datePublished":"2025-12-15T09:24:59+00:00","dateModified":"2025-12-15T10:11:11+00:00","breadcrumb":{"@id":"https:\/\/fundaciocoravant.org\/es\/la-fundacion-coravant\/transparencia\/#breadcrumb"},"inLanguage":"es","potentialAction":[{"@type":"ReadAction","target":["https:\/\/fundaciocoravant.org\/es\/la-fundacion-coravant\/transparencia\/"]}]},{"@type":"BreadcrumbList","@id":"https:\/\/fundaciocoravant.org\/es\/la-fundacion-coravant\/transparencia\/#breadcrumb","itemListElement":[{"@type":"ListItem","position":1,"name":"Home","item":"https:\/\/fundaciocoravant.org\/es\/"},{"@type":"ListItem","position":2,"name":"La Fundaci\u00f3n CorAvant","item":"https:\/\/fundaciocoravant.org\/es\/la-fundacion-coravant\/"},{"@type":"ListItem","position":3,"name":"Transparencia"}]},{"@type":"WebSite","@id":"https:\/\/fundaciocoravant.org\/#website","url":"https:\/\/fundaciocoravant.org\/","name":"CorAvant","description":"Fundaci\u00f3 de joves i adults amb cardiopatia","publisher":{"@id":"https:\/\/fundaciocoravant.org\/#organization"},"potentialAction":[{"@type":"SearchAction","target":{"@type":"EntryPoint","urlTemplate":"https:\/\/fundaciocoravant.org\/?s={search_term_string}"},"query-input":{"@type":"PropertyValueSpecification","valueRequired":true,"valueName":"search_term_string"}}],"inLanguage":"es"},{"@type":"Organization","@id":"https:\/\/fundaciocoravant.org\/#organization","name":"CorAvant","url":"https:\/\/fundaciocoravant.org\/","logo":{"@type":"ImageObject","inLanguage":"es","@id":"https:\/\/fundaciocoravant.org\/#\/schema\/logo\/image\/","url":"https:\/\/fundaciocoravant.org\/wp-content\/uploads\/2025\/11\/cropped-cropped-LOGO_CORAVANT-15-anys_CASTELLANO.png","contentUrl":"https:\/\/fundaciocoravant.org\/wp-content\/uploads\/2025\/11\/cropped-cropped-LOGO_CORAVANT-15-anys_CASTELLANO.png","width":1404,"height":979,"caption":"CorAvant"},"image":{"@id":"https:\/\/fundaciocoravant.org\/#\/schema\/logo\/image\/"},"sameAs":["https:\/\/www.facebook.com\/coravantaacic","https:\/\/x.com\/coravant","https:\/\/www.instagram.com\/coravantaacic\/","https:\/\/www.youtube.com\/@CorAvantAACIC_cardiopaties","https:\/\/www.linkedin.com\/company\/fundacio-coravant\/"]}]}},"campaignId":"","_links":{"self":[{"href":"https:\/\/fundaciocoravant.org\/es\/wp-json\/wp\/v2\/pages\/286","targetHints":{"allow":["GET"]}}],"collection":[{"href":"https:\/\/fundaciocoravant.org\/es\/wp-json\/wp\/v2\/pages"}],"about":[{"href":"https:\/\/fundaciocoravant.org\/es\/wp-json\/wp\/v2\/types\/page"}],"author":[{"embeddable":true,"href":"https:\/\/fundaciocoravant.org\/es\/wp-json\/wp\/v2\/users\/1"}],"replies":[{"embeddable":true,"href":"https:\/\/fundaciocoravant.org\/es\/wp-json\/wp\/v2\/comments?post=286"}],"version-history":[{"count":1,"href":"https:\/\/fundaciocoravant.org\/es\/wp-json\/wp\/v2\/pages\/286\/revisions"}],"predecessor-version":[{"id":287,"href":"https:\/\/fundaciocoravant.org\/es\/wp-json\/wp\/v2\/pages\/286\/revisions\/287"}],"up":[{"embeddable":true,"href":"https:\/\/fundaciocoravant.org\/es\/wp-json\/wp\/v2\/pages\/181"}],"wp:attachment":[{"href":"https:\/\/fundaciocoravant.org\/es\/wp-json\/wp\/v2\/media?parent=286"}],"curies":[{"name":"wp","href":"https:\/\/api.w.org\/{rel}","templated":true}]}}