{"id":390,"date":"2025-12-15T14:44:21","date_gmt":"2025-12-15T14:44:21","guid":{"rendered":"https:\/\/fundaciocoravant.org\/collabora\/haz-una-donacion-a-la-fundacion-coravant\/"},"modified":"2025-12-16T08:55:48","modified_gmt":"2025-12-16T08:55:48","slug":"haz-una-donacion-a-la-fundacion-coravant","status":"publish","type":"page","link":"https:\/\/fundaciocoravant.org\/es\/colabora\/haz-una-donacion-a-la-fundacion-coravant\/","title":{"rendered":"Haz una donaci\u00f3n a la Fundaci\u00f3n CorAvant"},"content":{"rendered":"\n<p>Tu donaci\u00f3n financiar\u00e1 los proyectos y servicios de atenci\u00f3n, apoyo y acompa\u00f1amiento a los j\u00f3venes y personas adultas que viven con una cardiopat\u00eda y a sus familias.<\/p>\n\n\n\n<h3 class=\"wp-block-heading\">Bizum: la manera m\u00e1s sencilla y r\u00e1pida<\/h3>\n\n\n\n<p>Dentro de la aplicaci\u00f3n, busca la opci\u00f3n de hacer un donativo o aportar a una causa solidaria y despu\u00e9s introduce el <strong>c\u00f3digo de la Fundaci\u00f3n CorAvant: 00802<\/strong><\/p>\n\n\n\n<p><strong>Env\u00edanos tus datos personales<\/strong> (nombre y apellidos, DNI, n\u00famero de tel\u00e9fono m\u00f3vil y correo electr\u00f3nico) por WhatsApp al 617 325 681 o por correo electr\u00f3nico a <a href=\"mailto:coravant@fundaciocoravant.org\">coravant@fundaciocoravant.org<\/a><\/p>\n\n\n\n<h3 class=\"wp-block-heading\">Transferencia bancaria: la forma tradicional<\/h3>\n\n\n\n<ul class=\"wp-block-list\">\n<li><strong>BBVA: ES42 0182 7301 7902 0020 1965<\/strong><\/li>\n\n\n\n<li><strong>La Caixa: ES15 2100 0812 1102 0075 6055<\/strong><\/li>\n<\/ul>\n\n\n\n<p><strong>Concepto: DONACION + NOMBRE Y APELLIDOS<\/strong><\/p>\n\n\n\n<p>Rellena el formulario y d\u00e9janos tus datos:<\/p>\n\n\n\n<div class=\"wp-block-contact-form-7-contact-form-selector\">\n<div class=\"wpcf7 no-js\" id=\"wpcf7-f376-o1\" lang=\"ca\" dir=\"ltr\" data-wpcf7-id=\"376\">\n<div class=\"screen-reader-response\"><p role=\"status\" aria-live=\"polite\" aria-atomic=\"true\"><\/p> <ul><\/ul><\/div>\n<form action=\"\/es\/wp-json\/wp\/v2\/pages\/390#wpcf7-f376-o1\" method=\"post\" class=\"wpcf7-form init\" aria-label=\"Formulari de contacte\" novalidate=\"novalidate\" data-status=\"init\">\n<fieldset class=\"hidden-fields-container\"><input type=\"hidden\" name=\"_wpcf7\" value=\"376\" \/><input type=\"hidden\" name=\"_wpcf7_version\" value=\"6.1.5\" \/><input type=\"hidden\" name=\"_wpcf7_locale\" value=\"ca\" \/><input type=\"hidden\" name=\"_wpcf7_unit_tag\" value=\"wpcf7-f376-o1\" \/><input type=\"hidden\" name=\"_wpcf7_container_post\" value=\"0\" \/><input type=\"hidden\" name=\"_wpcf7_posted_data_hash\" value=\"\" \/><input type=\"hidden\" name=\"_wpcf7_recaptcha_response\" value=\"\" \/>\n<\/fieldset>\n<p>Nombre y apellidos*\n<\/p>\n<p><span class=\"wpcf7-form-control-wrap\" data-name=\"text-520\"><input size=\"40\" maxlength=\"400\" class=\"wpcf7-form-control wpcf7-text wpcf7-validates-as-required\" aria-required=\"true\" aria-invalid=\"false\" value=\"\" type=\"text\" name=\"text-520\" \/><\/span>\n<\/p>\n<p>Direcci\u00f3n*\n<\/p>\n<p><span class=\"wpcf7-form-control-wrap\" data-name=\"text-21\"><input size=\"40\" maxlength=\"400\" class=\"wpcf7-form-control wpcf7-text wpcf7-validates-as-required\" aria-required=\"true\" aria-invalid=\"false\" value=\"\" type=\"text\" name=\"text-21\" \/><\/span>\n<\/p>\n<p>C\u00f3digo postal*\n<\/p>\n<p><span class=\"wpcf7-form-control-wrap\" data-name=\"text-497\"><input size=\"40\" maxlength=\"400\" class=\"wpcf7-form-control wpcf7-text wpcf7-validates-as-required\" aria-required=\"true\" aria-invalid=\"false\" value=\"\" type=\"text\" name=\"text-497\" \/><\/span>\n<\/p>\n<p>Poblaci\u00f3n*\n<\/p>\n<p><span class=\"wpcf7-form-control-wrap\" data-name=\"text-50\"><input size=\"40\" maxlength=\"400\" class=\"wpcf7-form-control wpcf7-text wpcf7-validates-as-required\" aria-required=\"true\" aria-invalid=\"false\" value=\"\" type=\"text\" name=\"text-50\" \/><\/span>\n<\/p>\n<p>N\u00famero de tel\u00e9fono*\n<\/p>\n<p><span class=\"wpcf7-form-control-wrap\" data-name=\"tel-539\"><input size=\"40\" maxlength=\"400\" class=\"wpcf7-form-control wpcf7-tel wpcf7-validates-as-required wpcf7-text wpcf7-validates-as-tel\" aria-required=\"true\" aria-invalid=\"false\" value=\"\" type=\"tel\" name=\"tel-539\" \/><\/span>\n<\/p>\n<p>Correo electr\u00f3nico*\n<\/p>\n<p><span class=\"wpcf7-form-control-wrap\" data-name=\"email-602\"><input size=\"40\" maxlength=\"400\" class=\"wpcf7-form-control wpcf7-email wpcf7-validates-as-required wpcf7-text wpcf7-validates-as-email\" aria-required=\"true\" aria-invalid=\"false\" value=\"\" type=\"email\" name=\"email-602\" \/><\/span>\n<\/p>\n<p>DNI*\n<\/p>\n<p><span class=\"wpcf7-form-control-wrap\" data-name=\"text-664\"><input size=\"40\" maxlength=\"400\" class=\"wpcf7-form-control wpcf7-text wpcf7-validates-as-required\" aria-required=\"true\" aria-invalid=\"false\" value=\"\" type=\"text\" name=\"text-664\" \/><\/span>\n<\/p>\n<p>N\u00famero de cuenta (en caso de que quieras que te pasemos el recibo a tu cuenta)\n<\/p>\n<p><span class=\"wpcf7-form-control-wrap\" data-name=\"text-438\"><input size=\"40\" maxlength=\"400\" class=\"wpcf7-form-control wpcf7-text\" aria-invalid=\"false\" value=\"\" type=\"text\" name=\"text-438\" \/><\/span>\n<\/p>\n<p>Especifica la cantidad que quieres aportar*\n<\/p>\n<p><span class=\"wpcf7-form-control-wrap\" data-name=\"checkbox-490\"><span class=\"wpcf7-form-control wpcf7-checkbox wpcf7-validates-as-required wpcf7-exclusive-checkbox\"><span class=\"wpcf7-list-item first\"><label><span class=\"wpcf7-list-item-label\">5 \u20ac<\/span><input type=\"checkbox\" name=\"checkbox-490\" value=\"5 \u20ac\" \/><\/label><\/span><span class=\"wpcf7-list-item\"><label><span class=\"wpcf7-list-item-label\">15 \u20ac<\/span><input type=\"checkbox\" name=\"checkbox-490\" value=\"15 \u20ac\" \/><\/label><\/span><span class=\"wpcf7-list-item\"><label><span class=\"wpcf7-list-item-label\">25 \u20ac<\/span><input type=\"checkbox\" name=\"checkbox-490\" value=\"25 \u20ac\" \/><\/label><\/span><span class=\"wpcf7-list-item\"><label><span class=\"wpcf7-list-item-label\">50 \u20ac<\/span><input type=\"checkbox\" name=\"checkbox-490\" value=\"50 \u20ac\" \/><\/label><\/span><span class=\"wpcf7-list-item\"><label><span class=\"wpcf7-list-item-label\">100 \u20ac<\/span><input type=\"checkbox\" name=\"checkbox-490\" value=\"100 \u20ac\" \/><\/label><\/span><span class=\"wpcf7-list-item\"><label><span class=\"wpcf7-list-item-label\">150 \u20ac<\/span><input type=\"checkbox\" name=\"checkbox-490\" value=\"150 \u20ac\" \/><\/label><\/span><span class=\"wpcf7-list-item last\"><label><span class=\"wpcf7-list-item-label\">Otras cantidades<\/span><input type=\"checkbox\" name=\"checkbox-490\" value=\"Otras cantidades\" \/><\/label><\/span><\/span><\/span>\n<\/p>\n<p>Si has seleccionado Otras cantidades, indica el importe de tu donaci\u00f3n\n<\/p>\n<p><span class=\"wpcf7-form-control-wrap\" data-name=\"text-97\"><input size=\"40\" maxlength=\"400\" class=\"wpcf7-form-control wpcf7-text\" aria-invalid=\"false\" value=\"\" type=\"text\" name=\"text-97\" \/><\/span>\n<\/p>\n<p>\u00bfQuieres el certificado de donaci\u00f3n?*\n<\/p>\n<p><span class=\"wpcf7-form-control-wrap\" data-name=\"checkbox-266\"><span class=\"wpcf7-form-control wpcf7-checkbox wpcf7-validates-as-required wpcf7-exclusive-checkbox\"><span class=\"wpcf7-list-item first\"><label><span class=\"wpcf7-list-item-label\">S\u00ed<\/span><input type=\"checkbox\" name=\"checkbox-266\" value=\"S\u00ed\" \/><\/label><\/span><span class=\"wpcf7-list-item last\"><label><span class=\"wpcf7-list-item-label\">No<\/span><input type=\"checkbox\" name=\"checkbox-266\" value=\"No\" \/><\/label><\/span><\/span><\/span>\n<\/p>\n<p>\u00bfQuieres recibir informaci\u00f3n de todo lo qu\u00e9 hacemos?*\n<\/p>\n<p><span class=\"wpcf7-form-control-wrap\" data-name=\"checkbox-629\"><span class=\"wpcf7-form-control wpcf7-checkbox wpcf7-validates-as-required wpcf7-exclusive-checkbox\"><span class=\"wpcf7-list-item first\"><label><input type=\"checkbox\" name=\"checkbox-629\" value=\"S\u00ed, tengo un hijo\/a con cardiopat\u00eda\" \/><span class=\"wpcf7-list-item-label\">S\u00ed, tengo un hijo\/a con cardiopat\u00eda<\/span><\/label><\/span><span class=\"wpcf7-list-item\"><label><input type=\"checkbox\" name=\"checkbox-629\" value=\"S\u00ed, tengo un\/a familiar con cardiopat\u00eda\" \/><span class=\"wpcf7-list-item-label\">S\u00ed, tengo un\/a familiar con cardiopat\u00eda<\/span><\/label><\/span><span class=\"wpcf7-list-item\"><label><input type=\"checkbox\" name=\"checkbox-629\" value=\"S\u00ed, tengo una cardiopat\u00eda\" \/><span class=\"wpcf7-list-item-label\">S\u00ed, tengo una cardiopat\u00eda<\/span><\/label><\/span><span class=\"wpcf7-list-item\"><label><input type=\"checkbox\" name=\"checkbox-629\" value=\"S\u00ed, porqu\u00e9...\" \/><span class=\"wpcf7-list-item-label\">S\u00ed, porqu\u00e9...<\/span><\/label><\/span><span class=\"wpcf7-list-item last\"><label><input type=\"checkbox\" name=\"checkbox-629\" value=\"No\" \/><span class=\"wpcf7-list-item-label\">No<\/span><\/label><\/span><\/span><\/span>\n<\/p>\n<p>Si has indicado \"S\u00ed, porqu\u00e9...\" cu\u00e9ntanos el motivo para poderte enviar la informaci\u00f3n que m\u00e1s se adapte a tus intereses:<br \/>\n<span class=\"wpcf7-form-control-wrap\" data-name=\"text-634\"><input size=\"40\" maxlength=\"400\" class=\"wpcf7-form-control wpcf7-text\" aria-invalid=\"false\" value=\"\" type=\"text\" name=\"text-634\" \/><\/span>\n<\/p>\n<p>*campos obligatorios\n<\/p>\n<p><input class=\"wpcf7-form-control wpcf7-submit has-spinner\" type=\"submit\" value=\"Enviar\" \/><br \/>\n<small>Este sitio est\u00e1 protegido por reCAPTCHA y se aplican la <a href=\"https:\/\/policies.google.com\/privacy\">pol\u00edtica de privacidad<\/a> y <a href=\"https:\/\/policies.google.com\/terms\">t\u00e9rminos del servicio<\/a> de Google.<\/small><br \/>\n<small>De conformidad con lo establecido al Reglamento Europeo 2016\/679 del Parlamento Europeo y la Ley Org\u00e1nica 3\/2018 de Protecci\u00f3n de Datos Personales y Garant\u00eda de Derechos Digitales, te informamos que los datos incorporados en este formulario quedan incorporadas a los sistemas de informaci\u00f3n propiedad de la Fundaci\u00f3n CorAvant, responsable del tratamiento. <\/small><br \/>\n<small>En cualquier momento puedes ejercer los derechos de supresi\u00f3n, acceso, limitaci\u00f3n, oposici\u00f3n, portabilidad, rectificaci\u00f3n y revocaci\u00f3n del consentimiento a trav\u00e9s de la direcci\u00f3n de correo electr\u00f3nico coravant@fundaciocoravant.org<\/small><br \/>\n<small>Para m\u00e1s informaci\u00f3n sobre el tratamiento de tus datos personales <a href=\" https:\/\/fundaciocoravant.org\/es\/politica-de-privacidad\/\">consulta nuestra pol\u00edtica de privacidad en el siguiente enlace<\/a><\/small>\n<\/p><div class=\"wpcf7-response-output\" aria-hidden=\"true\"><\/div>\n<\/form>\n<\/div>\n<\/div>\n\n\n\n<div style=\"height:50px\" aria-hidden=\"true\" class=\"wp-block-spacer\"><\/div>\n\n\n\n<h2 class=\"wp-block-heading\">\u00a1Donar te cuesta poco y nos ayuda mucho!<\/h2>\n\n\n\n<p>El <a href=\"https:\/\/www.boe.es\/boe\/dias\/2023\/12\/20\/pdfs\/BOE-A-2023-25758.pdf\" target=\"_blank\" rel=\"noreferrer noopener\">RDL 6\/2023<\/a> ha ampliado los porcentajes de deducci\u00f3n que se aplican a las donaciones a las entidades sin fines lucrativos, reconocidos en la <a href=\"https:\/\/www.boe.es\/buscar\/act.php?lang=ca&amp;id=BOE-A-2002-25039&amp;tn=1&amp;p=\" target=\"_blank\" rel=\"noreferrer noopener\">Ley 49\/2002<\/a>. A partir de ahora, las nuevas condiciones son: <\/p>\n\n\n\n<h3 class=\"wp-block-heading\">Si el donante es una persona f\u00edsica<\/h3>\n\n\n\n<p><strong>Donar 250 \u20ac al a\u00f1o, te cuesta s\u00f3lo 50 \u20ac, ya que puedes desgravarte el 80 % (200 \u20ac)<\/strong><\/p>\n\n\n\n<figure class=\"wp-block-table\"><table class=\"has-fixed-layout\"><tbody><tr><td class=\"has-text-align-left\" data-align=\"left\"><strong>Base de la deducci\u00f3n<\/strong><\/td><td class=\"has-text-align-left\" data-align=\"left\"><strong>% de la deducci\u00f3n<\/strong><\/td><\/tr><tr><td class=\"has-text-align-left\" data-align=\"left\">Hasta 250 \u20ac<\/td><td class=\"has-text-align-left\" data-align=\"left\">80 %<\/td><\/tr><tr><td class=\"has-text-align-left\" data-align=\"left\">A partir de 250 \u20ac<\/td><td class=\"has-text-align-left\" data-align=\"left\">40 %<\/td><\/tr><tr><td class=\"has-text-align-left\" data-align=\"left\">A partir de 250 \u20ac y si durante los dos \u00faltimos a\u00f1os ha hecho una donaci\u00f3n a la misma entidad y con el mismo importe (como m\u00ednimo)<\/td><td class=\"has-text-align-left\" data-align=\"left\">45 %<\/td><\/tr><\/tbody><\/table><\/figure>\n\n\n\n<h3 class=\"wp-block-heading\">Si el donante es una persona jur\u00eddica<\/h3>\n\n\n\n<ul class=\"wp-block-list\">\n<li>El porcentaje de la <strong>deducci\u00f3n es del 40 %; y se amplia al 50 %<\/strong> si en los \u00faltimos dos a\u00f1os has hecho una donaci\u00f3n a la misma entidad y con el mismo importe (como m\u00ednimo)<\/li>\n<\/ul>\n\n\n\n<div style=\"height:50px\" aria-hidden=\"true\" class=\"wp-block-spacer\"><\/div>\n\n\n\n<h2 class=\"wp-block-heading\">\u00bfPor qu\u00e9 necesitamos tus datos?<\/h2>\n\n\n\n<p>Nuestra entidad est\u00e1 acogida a la <strong>Ley 49\/2002, de 23 de diciembre, de r\u00e9gimen fiscal de las entidades sin fines lucrativos y de los incentivos fiscales de mecenazgo<\/strong>; y cuando recibimos una donaci\u00f3n tenemos que expedir un certificado para que la aportaci\u00f3n sea desgravable y presentarlo a la Agencia Tributaria a trav\u00e9s del modelo 182 (declaraci\u00f3n informativa de donativos, donaciones y aportaciones recibidas).<\/p>\n\n\n\n<p>Es por eso que necesitamos tus datos.<\/p>\n\n\n\n<p>Y, si quieres, <strong>t\u00fa tambi\u00e9n puedes beneficiarte de las ventajas fiscales de tu donaci\u00f3n y desgrav\u00e1rtela a la declaraci\u00f3n de la renta <\/strong>del a\u00f1o que viene con el certificado de donaci\u00f3n. Si lo quieres, solo nos lo tienes que indicar. <\/p>\n","protected":false},"excerpt":{"rendered":"<p>Tu donaci\u00f3n financiar\u00e1 los proyectos y servicios de atenci\u00f3n, apoyo y acompa\u00f1amiento a los j\u00f3venes y personas adultas que viven con una cardiopat\u00eda y a sus familias. Bizum: la manera m\u00e1s sencilla y r\u00e1pida Dentro de la aplicaci\u00f3n, busca la opci\u00f3n de hacer un donativo o aportar a una causa solidaria y despu\u00e9s introduce el<a href=\"https:\/\/fundaciocoravant.org\/es\/colabora\/haz-una-donacion-a-la-fundacion-coravant\/\">Continue reading <span class=\"sr-only\">\u00abHaz una donaci\u00f3n a la Fundaci\u00f3n CorAvant\u00bb<\/span><\/a><\/p>\n","protected":false},"author":1,"featured_media":0,"parent":184,"menu_order":0,"comment_status":"closed","ping_status":"closed","template":"","meta":{"_acf_changed":false,"give_campaign_id":0,"footnotes":""},"class_list":["post-390","page","type-page","status-publish","hentry"],"acf":[],"yoast_head":"<!-- This site is optimized with the Yoast SEO plugin v27.2 - https:\/\/yoast.com\/product\/yoast-seo-wordpress\/ -->\n<title>Haz una donaci\u00f3n a la Fundaci\u00f3n CorAvant - CorAvant<\/title>\n<meta name=\"robots\" content=\"index, follow, max-snippet:-1, max-image-preview:large, max-video-preview:-1\" \/>\n<link rel=\"canonical\" href=\"https:\/\/fundaciocoravant.org\/es\/colabora\/haz-una-donacion-a-la-fundacion-coravant\/\" \/>\n<meta property=\"og:locale\" content=\"es_ES\" \/>\n<meta property=\"og:type\" content=\"article\" \/>\n<meta property=\"og:title\" content=\"Haz una donaci\u00f3n a la Fundaci\u00f3n CorAvant - CorAvant\" \/>\n<meta property=\"og:description\" content=\"Tu donaci\u00f3n financiar\u00e1 los proyectos y servicios de atenci\u00f3n, apoyo y acompa\u00f1amiento a los j\u00f3venes y personas adultas que viven con una cardiopat\u00eda y a sus familias. Bizum: la manera m\u00e1s sencilla y r\u00e1pida Dentro de la aplicaci\u00f3n, busca la opci\u00f3n de hacer un donativo o aportar a una causa solidaria y despu\u00e9s introduce elContinue reading &quot;Haz una donaci\u00f3n a la Fundaci\u00f3n CorAvant&quot;\" \/>\n<meta property=\"og:url\" content=\"https:\/\/fundaciocoravant.org\/es\/colabora\/haz-una-donacion-a-la-fundacion-coravant\/\" \/>\n<meta property=\"og:site_name\" content=\"CorAvant\" \/>\n<meta property=\"article:publisher\" content=\"https:\/\/www.facebook.com\/coravantaacic\" \/>\n<meta property=\"article:modified_time\" content=\"2025-12-16T08:55:48+00:00\" \/>\n<meta name=\"twitter:card\" content=\"summary_large_image\" \/>\n<meta name=\"twitter:site\" content=\"@coravant\" \/>\n<meta name=\"twitter:label1\" content=\"Tiempo de lectura\" \/>\n\t<meta name=\"twitter:data1\" content=\"3 minutos\" \/>\n<script type=\"application\/ld+json\" class=\"yoast-schema-graph\">{\"@context\":\"https:\/\/schema.org\",\"@graph\":[{\"@type\":\"WebPage\",\"@id\":\"https:\/\/fundaciocoravant.org\/es\/colabora\/haz-una-donacion-a-la-fundacion-coravant\/\",\"url\":\"https:\/\/fundaciocoravant.org\/es\/colabora\/haz-una-donacion-a-la-fundacion-coravant\/\",\"name\":\"Haz una donaci\u00f3n a la Fundaci\u00f3n CorAvant - CorAvant\",\"isPartOf\":{\"@id\":\"https:\/\/fundaciocoravant.org\/#website\"},\"datePublished\":\"2025-12-15T14:44:21+00:00\",\"dateModified\":\"2025-12-16T08:55:48+00:00\",\"breadcrumb\":{\"@id\":\"https:\/\/fundaciocoravant.org\/es\/colabora\/haz-una-donacion-a-la-fundacion-coravant\/#breadcrumb\"},\"inLanguage\":\"es\",\"potentialAction\":[{\"@type\":\"ReadAction\",\"target\":[\"https:\/\/fundaciocoravant.org\/es\/colabora\/haz-una-donacion-a-la-fundacion-coravant\/\"]}]},{\"@type\":\"BreadcrumbList\",\"@id\":\"https:\/\/fundaciocoravant.org\/es\/colabora\/haz-una-donacion-a-la-fundacion-coravant\/#breadcrumb\",\"itemListElement\":[{\"@type\":\"ListItem\",\"position\":1,\"name\":\"Home\",\"item\":\"https:\/\/fundaciocoravant.org\/es\/\"},{\"@type\":\"ListItem\",\"position\":2,\"name\":\"Colabora\",\"item\":\"https:\/\/fundaciocoravant.org\/es\/colabora\/\"},{\"@type\":\"ListItem\",\"position\":3,\"name\":\"Haz una donaci\u00f3n a la Fundaci\u00f3n CorAvant\"}]},{\"@type\":\"WebSite\",\"@id\":\"https:\/\/fundaciocoravant.org\/#website\",\"url\":\"https:\/\/fundaciocoravant.org\/\",\"name\":\"CorAvant\",\"description\":\"Fundaci\u00f3 de joves i adults amb cardiopatia\",\"publisher\":{\"@id\":\"https:\/\/fundaciocoravant.org\/#organization\"},\"potentialAction\":[{\"@type\":\"SearchAction\",\"target\":{\"@type\":\"EntryPoint\",\"urlTemplate\":\"https:\/\/fundaciocoravant.org\/?s={search_term_string}\"},\"query-input\":{\"@type\":\"PropertyValueSpecification\",\"valueRequired\":true,\"valueName\":\"search_term_string\"}}],\"inLanguage\":\"es\"},{\"@type\":\"Organization\",\"@id\":\"https:\/\/fundaciocoravant.org\/#organization\",\"name\":\"CorAvant\",\"url\":\"https:\/\/fundaciocoravant.org\/\",\"logo\":{\"@type\":\"ImageObject\",\"inLanguage\":\"es\",\"@id\":\"https:\/\/fundaciocoravant.org\/#\/schema\/logo\/image\/\",\"url\":\"https:\/\/fundaciocoravant.org\/wp-content\/uploads\/2025\/11\/cropped-cropped-LOGO_CORAVANT-15-anys_CASTELLANO.png\",\"contentUrl\":\"https:\/\/fundaciocoravant.org\/wp-content\/uploads\/2025\/11\/cropped-cropped-LOGO_CORAVANT-15-anys_CASTELLANO.png\",\"width\":1404,\"height\":979,\"caption\":\"CorAvant\"},\"image\":{\"@id\":\"https:\/\/fundaciocoravant.org\/#\/schema\/logo\/image\/\"},\"sameAs\":[\"https:\/\/www.facebook.com\/coravantaacic\",\"https:\/\/x.com\/coravant\",\"https:\/\/www.instagram.com\/coravantaacic\/\",\"https:\/\/www.youtube.com\/@CorAvantAACIC_cardiopaties\",\"https:\/\/www.linkedin.com\/company\/fundacio-coravant\/\"]}]}<\/script>\n<!-- \/ Yoast SEO plugin. -->","yoast_head_json":{"title":"Haz una donaci\u00f3n a la Fundaci\u00f3n CorAvant - CorAvant","robots":{"index":"index","follow":"follow","max-snippet":"max-snippet:-1","max-image-preview":"max-image-preview:large","max-video-preview":"max-video-preview:-1"},"canonical":"https:\/\/fundaciocoravant.org\/es\/colabora\/haz-una-donacion-a-la-fundacion-coravant\/","og_locale":"es_ES","og_type":"article","og_title":"Haz una donaci\u00f3n a la Fundaci\u00f3n CorAvant - CorAvant","og_description":"Tu donaci\u00f3n financiar\u00e1 los proyectos y servicios de atenci\u00f3n, apoyo y acompa\u00f1amiento a los j\u00f3venes y personas adultas que viven con una cardiopat\u00eda y a sus familias. Bizum: la manera m\u00e1s sencilla y r\u00e1pida Dentro de la aplicaci\u00f3n, busca la opci\u00f3n de hacer un donativo o aportar a una causa solidaria y despu\u00e9s introduce elContinue reading \"Haz una donaci\u00f3n a la Fundaci\u00f3n CorAvant\"","og_url":"https:\/\/fundaciocoravant.org\/es\/colabora\/haz-una-donacion-a-la-fundacion-coravant\/","og_site_name":"CorAvant","article_publisher":"https:\/\/www.facebook.com\/coravantaacic","article_modified_time":"2025-12-16T08:55:48+00:00","twitter_card":"summary_large_image","twitter_site":"@coravant","twitter_misc":{"Tiempo de lectura":"3 minutos"},"schema":{"@context":"https:\/\/schema.org","@graph":[{"@type":"WebPage","@id":"https:\/\/fundaciocoravant.org\/es\/colabora\/haz-una-donacion-a-la-fundacion-coravant\/","url":"https:\/\/fundaciocoravant.org\/es\/colabora\/haz-una-donacion-a-la-fundacion-coravant\/","name":"Haz una donaci\u00f3n a la Fundaci\u00f3n CorAvant - CorAvant","isPartOf":{"@id":"https:\/\/fundaciocoravant.org\/#website"},"datePublished":"2025-12-15T14:44:21+00:00","dateModified":"2025-12-16T08:55:48+00:00","breadcrumb":{"@id":"https:\/\/fundaciocoravant.org\/es\/colabora\/haz-una-donacion-a-la-fundacion-coravant\/#breadcrumb"},"inLanguage":"es","potentialAction":[{"@type":"ReadAction","target":["https:\/\/fundaciocoravant.org\/es\/colabora\/haz-una-donacion-a-la-fundacion-coravant\/"]}]},{"@type":"BreadcrumbList","@id":"https:\/\/fundaciocoravant.org\/es\/colabora\/haz-una-donacion-a-la-fundacion-coravant\/#breadcrumb","itemListElement":[{"@type":"ListItem","position":1,"name":"Home","item":"https:\/\/fundaciocoravant.org\/es\/"},{"@type":"ListItem","position":2,"name":"Colabora","item":"https:\/\/fundaciocoravant.org\/es\/colabora\/"},{"@type":"ListItem","position":3,"name":"Haz una donaci\u00f3n a la Fundaci\u00f3n CorAvant"}]},{"@type":"WebSite","@id":"https:\/\/fundaciocoravant.org\/#website","url":"https:\/\/fundaciocoravant.org\/","name":"CorAvant","description":"Fundaci\u00f3 de joves i adults amb cardiopatia","publisher":{"@id":"https:\/\/fundaciocoravant.org\/#organization"},"potentialAction":[{"@type":"SearchAction","target":{"@type":"EntryPoint","urlTemplate":"https:\/\/fundaciocoravant.org\/?s={search_term_string}"},"query-input":{"@type":"PropertyValueSpecification","valueRequired":true,"valueName":"search_term_string"}}],"inLanguage":"es"},{"@type":"Organization","@id":"https:\/\/fundaciocoravant.org\/#organization","name":"CorAvant","url":"https:\/\/fundaciocoravant.org\/","logo":{"@type":"ImageObject","inLanguage":"es","@id":"https:\/\/fundaciocoravant.org\/#\/schema\/logo\/image\/","url":"https:\/\/fundaciocoravant.org\/wp-content\/uploads\/2025\/11\/cropped-cropped-LOGO_CORAVANT-15-anys_CASTELLANO.png","contentUrl":"https:\/\/fundaciocoravant.org\/wp-content\/uploads\/2025\/11\/cropped-cropped-LOGO_CORAVANT-15-anys_CASTELLANO.png","width":1404,"height":979,"caption":"CorAvant"},"image":{"@id":"https:\/\/fundaciocoravant.org\/#\/schema\/logo\/image\/"},"sameAs":["https:\/\/www.facebook.com\/coravantaacic","https:\/\/x.com\/coravant","https:\/\/www.instagram.com\/coravantaacic\/","https:\/\/www.youtube.com\/@CorAvantAACIC_cardiopaties","https:\/\/www.linkedin.com\/company\/fundacio-coravant\/"]}]}},"campaignId":"","_links":{"self":[{"href":"https:\/\/fundaciocoravant.org\/es\/wp-json\/wp\/v2\/pages\/390","targetHints":{"allow":["GET"]}}],"collection":[{"href":"https:\/\/fundaciocoravant.org\/es\/wp-json\/wp\/v2\/pages"}],"about":[{"href":"https:\/\/fundaciocoravant.org\/es\/wp-json\/wp\/v2\/types\/page"}],"author":[{"embeddable":true,"href":"https:\/\/fundaciocoravant.org\/es\/wp-json\/wp\/v2\/users\/1"}],"replies":[{"embeddable":true,"href":"https:\/\/fundaciocoravant.org\/es\/wp-json\/wp\/v2\/comments?post=390"}],"version-history":[{"count":3,"href":"https:\/\/fundaciocoravant.org\/es\/wp-json\/wp\/v2\/pages\/390\/revisions"}],"predecessor-version":[{"id":470,"href":"https:\/\/fundaciocoravant.org\/es\/wp-json\/wp\/v2\/pages\/390\/revisions\/470"}],"up":[{"embeddable":true,"href":"https:\/\/fundaciocoravant.org\/es\/wp-json\/wp\/v2\/pages\/184"}],"wp:attachment":[{"href":"https:\/\/fundaciocoravant.org\/es\/wp-json\/wp\/v2\/media?parent=390"}],"curies":[{"name":"wp","href":"https:\/\/api.w.org\/{rel}","templated":true}]}}