{"id":399,"date":"2025-12-15T15:02:31","date_gmt":"2025-12-15T15:02:31","guid":{"rendered":"https:\/\/fundaciocoravant.org\/te-gustaria-estar-al-dia-de-todo-lo-que-hacemos-en-la-fundacion-coravant\/"},"modified":"2025-12-15T15:04:50","modified_gmt":"2025-12-15T15:04:50","slug":"te-gustaria-estar-al-dia-de-todo-lo-que-hacemos-en-la-fundacion-coravant","status":"publish","type":"page","link":"https:\/\/fundaciocoravant.org\/es\/te-gustaria-estar-al-dia-de-todo-lo-que-hacemos-en-la-fundacion-coravant\/","title":{"rendered":"\u00bfTe gustar\u00eda estar al d\u00eda de todo lo que hacemos en la Fundaci\u00f3n Coravant?"},"content":{"rendered":"\n<p>CorAvant es la fundaci\u00f3n de las personas j\u00f3venes y adultas con cardiopat\u00eda u otras patolog\u00edas del coraz\u00f3n. Si tienes m\u00e1s de 18 a\u00f1os y tienes ganas de estar informado sobre las actividades que hacemos y los servicios que te podemos ofrecer, \u00a1d\u00e9janos tus datos!<\/p>\n\n<div class=\"wp-block-contact-form-7-contact-form-selector\">\n<div class=\"wpcf7 no-js\" id=\"wpcf7-f379-o1\" lang=\"ca\" dir=\"ltr\" data-wpcf7-id=\"379\">\n<div class=\"screen-reader-response\"><p role=\"status\" aria-live=\"polite\" aria-atomic=\"true\"><\/p> <ul><\/ul><\/div>\n<form action=\"\/es\/wp-json\/wp\/v2\/pages\/399#wpcf7-f379-o1\" method=\"post\" class=\"wpcf7-form init\" aria-label=\"Formulari de contacte\" novalidate=\"novalidate\" data-status=\"init\">\n<fieldset class=\"hidden-fields-container\"><input type=\"hidden\" name=\"_wpcf7\" value=\"379\" \/><input type=\"hidden\" name=\"_wpcf7_version\" value=\"6.1.5\" \/><input type=\"hidden\" name=\"_wpcf7_locale\" value=\"ca\" \/><input type=\"hidden\" name=\"_wpcf7_unit_tag\" value=\"wpcf7-f379-o1\" \/><input type=\"hidden\" name=\"_wpcf7_container_post\" value=\"0\" \/><input type=\"hidden\" name=\"_wpcf7_posted_data_hash\" value=\"\" \/><input type=\"hidden\" name=\"_wpcf7_recaptcha_response\" value=\"\" \/>\n<\/fieldset>\n<p>Nom*\n<\/p>\n<p><span class=\"wpcf7-form-control-wrap\" data-name=\"text-23\"><input size=\"40\" maxlength=\"400\" class=\"wpcf7-form-control wpcf7-text wpcf7-validates-as-required\" aria-required=\"true\" aria-invalid=\"false\" value=\"\" type=\"text\" name=\"text-23\" \/><\/span>\n<\/p>\n<p>Cognoms*\n<\/p>\n<p><span class=\"wpcf7-form-control-wrap\" data-name=\"text-126\"><input size=\"40\" maxlength=\"400\" class=\"wpcf7-form-control wpcf7-text wpcf7-validates-as-required\" aria-required=\"true\" aria-invalid=\"false\" value=\"\" type=\"text\" name=\"text-126\" \/><\/span>\n<\/p>\n<p>Correu electr\u00f2nic*\n<\/p>\n<p><span class=\"wpcf7-form-control-wrap\" data-name=\"email-556\"><input size=\"40\" maxlength=\"400\" class=\"wpcf7-form-control wpcf7-email wpcf7-validates-as-required wpcf7-text wpcf7-validates-as-email\" aria-required=\"true\" aria-invalid=\"false\" value=\"\" type=\"email\" name=\"email-556\" \/><\/span>\n<\/p>\n<p>N\u00famero de tel\u00e8fon\n<\/p>\n<p><span class=\"wpcf7-form-control-wrap\" data-name=\"tel-893\"><input size=\"40\" maxlength=\"400\" class=\"wpcf7-form-control wpcf7-tel wpcf7-text wpcf7-validates-as-tel\" aria-invalid=\"false\" value=\"\" type=\"tel\" name=\"tel-893\" \/><\/span>\n<\/p>\n<p>Poblaci\u00f3*: <span class=\"wpcf7-form-control-wrap\" data-name=\"text-901\"><input size=\"40\" maxlength=\"400\" class=\"wpcf7-form-control wpcf7-text wpcf7-validates-as-required\" aria-required=\"true\" aria-invalid=\"false\" value=\"\" type=\"text\" name=\"text-901\" \/><\/span>\n<\/p>\n<p>Volem enviar-te la informaci\u00f3 que m\u00e9s s'adequi als teus interessos. Indica'ns qui ets:<br \/>\n<span class=\"wpcf7-form-control-wrap\" data-name=\"checkbox-148\"><span class=\"wpcf7-form-control wpcf7-checkbox wpcf7-validates-as-required wpcf7-exclusive-checkbox\"><span class=\"wpcf7-list-item first\"><label><input type=\"checkbox\" name=\"checkbox-148\" value=\"Tinc un\/a fill\/a amb cardiopatia\" \/><span class=\"wpcf7-list-item-label\">Tinc un\/a fill\/a amb cardiopatia<\/span><\/label><\/span><span class=\"wpcf7-list-item\"><label><input type=\"checkbox\" name=\"checkbox-148\" value=\"Tinc un\/a familiar amb cardiopatia\" \/><span class=\"wpcf7-list-item-label\">Tinc un\/a familiar amb cardiopatia<\/span><\/label><\/span><span class=\"wpcf7-list-item\"><label><input type=\"checkbox\" name=\"checkbox-148\" value=\"Tinc una cardiopatia\" \/><span class=\"wpcf7-list-item-label\">Tinc una cardiopatia<\/span><\/label><\/span><span class=\"wpcf7-list-item last\"><label><input type=\"checkbox\" name=\"checkbox-148\" value=\"Altres\" \/><span class=\"wpcf7-list-item-label\">Altres<\/span><\/label><\/span><\/span><\/span>\n<\/p>\n<p>Si has indicat \"Altres\", explica'ns una mica qui ets per tal de veure quina informaci\u00f3 voldries rebre: <span class=\"wpcf7-form-control-wrap\" data-name=\"text-701\"><input size=\"40\" maxlength=\"400\" class=\"wpcf7-form-control wpcf7-text\" aria-invalid=\"false\" value=\"\" type=\"text\" name=\"text-701\" \/><\/span>\n<\/p>\n<p>Com ens has conegut? (pots seleccionar m\u00e9s d'una opci\u00f3)*<br \/>\n<span class=\"wpcf7-form-control-wrap\" data-name=\"checkbox-450\"><span class=\"wpcf7-form-control wpcf7-checkbox wpcf7-validates-as-required\"><span class=\"wpcf7-list-item first\"><label><input type=\"checkbox\" name=\"checkbox-450[]\" value=\"Internet\" \/><span class=\"wpcf7-list-item-label\">Internet<\/span><\/label><\/span><span class=\"wpcf7-list-item\"><label><input type=\"checkbox\" name=\"checkbox-450[]\" value=\"Xarxes socials\" \/><span class=\"wpcf7-list-item-label\">Xarxes socials<\/span><\/label><\/span><span class=\"wpcf7-list-item\"><label><input type=\"checkbox\" name=\"checkbox-450[]\" value=\"Equip m\u00e8dic\" \/><span class=\"wpcf7-list-item-label\">Equip m\u00e8dic<\/span><\/label><\/span><span class=\"wpcf7-list-item\"><label><input type=\"checkbox\" name=\"checkbox-450[]\" value=\"Amistats\" \/><span class=\"wpcf7-list-item-label\">Amistats<\/span><\/label><\/span><span class=\"wpcf7-list-item last\"><label><input type=\"checkbox\" name=\"checkbox-450[]\" value=\"Altres\" \/><span class=\"wpcf7-list-item-label\">Altres<\/span><\/label><\/span><\/span><\/span>\n<\/p>\n<p>Si has indicat \"Altres\", explica'ns com ens has conegut: <span class=\"wpcf7-form-control-wrap\" data-name=\"text-222\"><input size=\"40\" maxlength=\"400\" class=\"wpcf7-form-control wpcf7-text\" aria-invalid=\"false\" value=\"\" type=\"text\" name=\"text-222\" \/><\/span>\n<\/p>\n<p>Idioma*: <span class=\"wpcf7-form-control-wrap\" data-name=\"radio-550\"><span class=\"wpcf7-form-control wpcf7-radio\"><span class=\"wpcf7-list-item first\"><label><span class=\"wpcf7-list-item-label\">Catal\u00e0<\/span><input type=\"radio\" name=\"radio-550\" value=\"Catal\u00e0\" checked=\"checked\" \/><\/label><\/span><span class=\"wpcf7-list-item last\"><label><span class=\"wpcf7-list-item-label\">Castell\u00e0<\/span><input type=\"radio\" name=\"radio-550\" value=\"Castell\u00e0\" \/><\/label><\/span><\/span><\/span>\n<\/p>\n<p>*camps obligatoris\n<\/p>\n<p><input class=\"wpcf7-form-control wpcf7-submit has-spinner\" type=\"submit\" value=\"Enviar\" \/><br \/>\n<small>Aquest lloc est\u00e0 protegit per reCAPTCHA i s'apliquen la <a href=\"https:\/\/policies.google.com\/privacy\">pol\u00edtica de privadesa<\/a> i <a href=\"https:\/\/policies.google.com\/terms\">termes del servei<\/a> de Google.<\/small><br \/>\n<small>De conformitat amb el que s'estableix al Reglament Europeu 2016\/679 del Parlament Europeu i la Llei Org\u00e0nica 3\/2018 de Protecci\u00f3 de Dades Personals i Garantia de Drets Digitals, t'informem que les dades incorporades en aquest formulari queden incorporades als sistemes d'informaci\u00f3 propietat de la Fundaci\u00f3 CorAvant, responsable del tractament. <\/small><br \/>\n<small>En qualsevol moment pots exercir els drets de supressi\u00f3, acc\u00e9s, limitaci\u00f3, oposici\u00f3, portabilitat, rectificaci\u00f3 i revocaci\u00f3 del consentiment a trav\u00e9s de l'adre\u00e7a de correu electr\u00f2nic a coravant@fundaciocoravant.org<\/small><br \/>\n<small>Per a m\u00e9s informaci\u00f3 sobre el tractament de les teves dades personals <a href=\" https:\/\/fundaciocoravant.org\/ca\/politica-de-privacitat\/\">consulta la nostra pol\u00edtica de privacitat en el seg\u00fcent enlla\u00e7<\/a><\/small>\n<\/p><div class=\"wpcf7-response-output\" aria-hidden=\"true\"><\/div>\n<\/form>\n<\/div>\n<\/div>\n\n<p><strong>Recuerda revisar todas las bandejas de entrada de tu correo: correo no deseado, promociones y social. Y aseg\u00farate de tener nuestro correo en favoritos para no perderte ninguna de nuestras informaciones.<\/strong><\/p>\n","protected":false},"excerpt":{"rendered":"<p>CorAvant es la fundaci\u00f3n de las personas j\u00f3venes y adultas con cardiopat\u00eda u otras patolog\u00edas del coraz\u00f3n. Si tienes m\u00e1s de 18 a\u00f1os y tienes ganas de estar informado sobre las actividades que hacemos y los servicios que te podemos ofrecer, \u00a1d\u00e9janos tus datos! Recuerda revisar todas las bandejas de entrada de tu correo: correo<a href=\"https:\/\/fundaciocoravant.org\/es\/te-gustaria-estar-al-dia-de-todo-lo-que-hacemos-en-la-fundacion-coravant\/\">Continue reading <span class=\"sr-only\">\u00ab\u00bfTe gustar\u00eda estar al d\u00eda de todo lo que hacemos en la Fundaci\u00f3n Coravant?\u00bb<\/span><\/a><\/p>\n","protected":false},"author":1,"featured_media":0,"parent":0,"menu_order":0,"comment_status":"closed","ping_status":"closed","template":"","meta":{"_acf_changed":false,"give_campaign_id":0,"footnotes":""},"class_list":["post-399","page","type-page","status-publish","hentry"],"acf":[],"yoast_head":"<!-- This site is optimized with the Yoast SEO plugin v27.2 - https:\/\/yoast.com\/product\/yoast-seo-wordpress\/ -->\n<title>\u00bfTe gustar\u00eda estar al d\u00eda de todo lo que hacemos en la Fundaci\u00f3n Coravant? - CorAvant<\/title>\n<meta name=\"robots\" content=\"index, follow, max-snippet:-1, max-image-preview:large, max-video-preview:-1\" \/>\n<link rel=\"canonical\" href=\"https:\/\/fundaciocoravant.org\/es\/te-gustaria-estar-al-dia-de-todo-lo-que-hacemos-en-la-fundacion-coravant\/\" \/>\n<meta property=\"og:locale\" content=\"es_ES\" \/>\n<meta property=\"og:type\" content=\"article\" \/>\n<meta property=\"og:title\" content=\"\u00bfTe gustar\u00eda estar al d\u00eda de todo lo que hacemos en la Fundaci\u00f3n Coravant? - CorAvant\" \/>\n<meta property=\"og:description\" content=\"CorAvant es la fundaci\u00f3n de las personas j\u00f3venes y adultas con cardiopat\u00eda u otras patolog\u00edas del coraz\u00f3n. Si tienes m\u00e1s de 18 a\u00f1os y tienes ganas de estar informado sobre las actividades que hacemos y los servicios que te podemos ofrecer, \u00a1d\u00e9janos tus datos! Recuerda revisar todas las bandejas de entrada de tu correo: correoContinue reading &quot;\u00bfTe gustar\u00eda estar al d\u00eda de todo lo que hacemos en la Fundaci\u00f3n Coravant?&quot;\" \/>\n<meta property=\"og:url\" content=\"https:\/\/fundaciocoravant.org\/es\/te-gustaria-estar-al-dia-de-todo-lo-que-hacemos-en-la-fundacion-coravant\/\" \/>\n<meta property=\"og:site_name\" content=\"CorAvant\" \/>\n<meta property=\"article:publisher\" content=\"https:\/\/www.facebook.com\/coravantaacic\" \/>\n<meta property=\"article:modified_time\" content=\"2025-12-15T15:04:50+00:00\" \/>\n<meta name=\"twitter:card\" content=\"summary_large_image\" \/>\n<meta name=\"twitter:site\" content=\"@coravant\" \/>\n<script type=\"application\/ld+json\" class=\"yoast-schema-graph\">{\"@context\":\"https:\/\/schema.org\",\"@graph\":[{\"@type\":\"WebPage\",\"@id\":\"https:\/\/fundaciocoravant.org\/es\/te-gustaria-estar-al-dia-de-todo-lo-que-hacemos-en-la-fundacion-coravant\/\",\"url\":\"https:\/\/fundaciocoravant.org\/es\/te-gustaria-estar-al-dia-de-todo-lo-que-hacemos-en-la-fundacion-coravant\/\",\"name\":\"\u00bfTe gustar\u00eda estar al d\u00eda de todo lo que hacemos en la Fundaci\u00f3n Coravant? - CorAvant\",\"isPartOf\":{\"@id\":\"https:\/\/fundaciocoravant.org\/#website\"},\"datePublished\":\"2025-12-15T15:02:31+00:00\",\"dateModified\":\"2025-12-15T15:04:50+00:00\",\"breadcrumb\":{\"@id\":\"https:\/\/fundaciocoravant.org\/es\/te-gustaria-estar-al-dia-de-todo-lo-que-hacemos-en-la-fundacion-coravant\/#breadcrumb\"},\"inLanguage\":\"es\",\"potentialAction\":[{\"@type\":\"ReadAction\",\"target\":[\"https:\/\/fundaciocoravant.org\/es\/te-gustaria-estar-al-dia-de-todo-lo-que-hacemos-en-la-fundacion-coravant\/\"]}]},{\"@type\":\"BreadcrumbList\",\"@id\":\"https:\/\/fundaciocoravant.org\/es\/te-gustaria-estar-al-dia-de-todo-lo-que-hacemos-en-la-fundacion-coravant\/#breadcrumb\",\"itemListElement\":[{\"@type\":\"ListItem\",\"position\":1,\"name\":\"Home\",\"item\":\"https:\/\/fundaciocoravant.org\/es\/\"},{\"@type\":\"ListItem\",\"position\":2,\"name\":\"\u00bfTe gustar\u00eda estar al d\u00eda de todo lo que hacemos en la Fundaci\u00f3n Coravant?\"}]},{\"@type\":\"WebSite\",\"@id\":\"https:\/\/fundaciocoravant.org\/#website\",\"url\":\"https:\/\/fundaciocoravant.org\/\",\"name\":\"CorAvant\",\"description\":\"Fundaci\u00f3 de joves i adults amb cardiopatia\",\"publisher\":{\"@id\":\"https:\/\/fundaciocoravant.org\/#organization\"},\"potentialAction\":[{\"@type\":\"SearchAction\",\"target\":{\"@type\":\"EntryPoint\",\"urlTemplate\":\"https:\/\/fundaciocoravant.org\/?s={search_term_string}\"},\"query-input\":{\"@type\":\"PropertyValueSpecification\",\"valueRequired\":true,\"valueName\":\"search_term_string\"}}],\"inLanguage\":\"es\"},{\"@type\":\"Organization\",\"@id\":\"https:\/\/fundaciocoravant.org\/#organization\",\"name\":\"CorAvant\",\"url\":\"https:\/\/fundaciocoravant.org\/\",\"logo\":{\"@type\":\"ImageObject\",\"inLanguage\":\"es\",\"@id\":\"https:\/\/fundaciocoravant.org\/#\/schema\/logo\/image\/\",\"url\":\"https:\/\/fundaciocoravant.org\/wp-content\/uploads\/2025\/11\/cropped-cropped-LOGO_CORAVANT-15-anys_CASTELLANO.png\",\"contentUrl\":\"https:\/\/fundaciocoravant.org\/wp-content\/uploads\/2025\/11\/cropped-cropped-LOGO_CORAVANT-15-anys_CASTELLANO.png\",\"width\":1404,\"height\":979,\"caption\":\"CorAvant\"},\"image\":{\"@id\":\"https:\/\/fundaciocoravant.org\/#\/schema\/logo\/image\/\"},\"sameAs\":[\"https:\/\/www.facebook.com\/coravantaacic\",\"https:\/\/x.com\/coravant\",\"https:\/\/www.instagram.com\/coravantaacic\/\",\"https:\/\/www.youtube.com\/@CorAvantAACIC_cardiopaties\",\"https:\/\/www.linkedin.com\/company\/fundacio-coravant\/\"]}]}<\/script>\n<!-- \/ Yoast SEO plugin. -->","yoast_head_json":{"title":"\u00bfTe gustar\u00eda estar al d\u00eda de todo lo que hacemos en la Fundaci\u00f3n Coravant? - CorAvant","robots":{"index":"index","follow":"follow","max-snippet":"max-snippet:-1","max-image-preview":"max-image-preview:large","max-video-preview":"max-video-preview:-1"},"canonical":"https:\/\/fundaciocoravant.org\/es\/te-gustaria-estar-al-dia-de-todo-lo-que-hacemos-en-la-fundacion-coravant\/","og_locale":"es_ES","og_type":"article","og_title":"\u00bfTe gustar\u00eda estar al d\u00eda de todo lo que hacemos en la Fundaci\u00f3n Coravant? - CorAvant","og_description":"CorAvant es la fundaci\u00f3n de las personas j\u00f3venes y adultas con cardiopat\u00eda u otras patolog\u00edas del coraz\u00f3n. Si tienes m\u00e1s de 18 a\u00f1os y tienes ganas de estar informado sobre las actividades que hacemos y los servicios que te podemos ofrecer, \u00a1d\u00e9janos tus datos! Recuerda revisar todas las bandejas de entrada de tu correo: correoContinue reading \"\u00bfTe gustar\u00eda estar al d\u00eda de todo lo que hacemos en la Fundaci\u00f3n Coravant?\"","og_url":"https:\/\/fundaciocoravant.org\/es\/te-gustaria-estar-al-dia-de-todo-lo-que-hacemos-en-la-fundacion-coravant\/","og_site_name":"CorAvant","article_publisher":"https:\/\/www.facebook.com\/coravantaacic","article_modified_time":"2025-12-15T15:04:50+00:00","twitter_card":"summary_large_image","twitter_site":"@coravant","schema":{"@context":"https:\/\/schema.org","@graph":[{"@type":"WebPage","@id":"https:\/\/fundaciocoravant.org\/es\/te-gustaria-estar-al-dia-de-todo-lo-que-hacemos-en-la-fundacion-coravant\/","url":"https:\/\/fundaciocoravant.org\/es\/te-gustaria-estar-al-dia-de-todo-lo-que-hacemos-en-la-fundacion-coravant\/","name":"\u00bfTe gustar\u00eda estar al d\u00eda de todo lo que hacemos en la Fundaci\u00f3n Coravant? - CorAvant","isPartOf":{"@id":"https:\/\/fundaciocoravant.org\/#website"},"datePublished":"2025-12-15T15:02:31+00:00","dateModified":"2025-12-15T15:04:50+00:00","breadcrumb":{"@id":"https:\/\/fundaciocoravant.org\/es\/te-gustaria-estar-al-dia-de-todo-lo-que-hacemos-en-la-fundacion-coravant\/#breadcrumb"},"inLanguage":"es","potentialAction":[{"@type":"ReadAction","target":["https:\/\/fundaciocoravant.org\/es\/te-gustaria-estar-al-dia-de-todo-lo-que-hacemos-en-la-fundacion-coravant\/"]}]},{"@type":"BreadcrumbList","@id":"https:\/\/fundaciocoravant.org\/es\/te-gustaria-estar-al-dia-de-todo-lo-que-hacemos-en-la-fundacion-coravant\/#breadcrumb","itemListElement":[{"@type":"ListItem","position":1,"name":"Home","item":"https:\/\/fundaciocoravant.org\/es\/"},{"@type":"ListItem","position":2,"name":"\u00bfTe gustar\u00eda estar al d\u00eda de todo lo que hacemos en la Fundaci\u00f3n Coravant?"}]},{"@type":"WebSite","@id":"https:\/\/fundaciocoravant.org\/#website","url":"https:\/\/fundaciocoravant.org\/","name":"CorAvant","description":"Fundaci\u00f3 de joves i adults amb cardiopatia","publisher":{"@id":"https:\/\/fundaciocoravant.org\/#organization"},"potentialAction":[{"@type":"SearchAction","target":{"@type":"EntryPoint","urlTemplate":"https:\/\/fundaciocoravant.org\/?s={search_term_string}"},"query-input":{"@type":"PropertyValueSpecification","valueRequired":true,"valueName":"search_term_string"}}],"inLanguage":"es"},{"@type":"Organization","@id":"https:\/\/fundaciocoravant.org\/#organization","name":"CorAvant","url":"https:\/\/fundaciocoravant.org\/","logo":{"@type":"ImageObject","inLanguage":"es","@id":"https:\/\/fundaciocoravant.org\/#\/schema\/logo\/image\/","url":"https:\/\/fundaciocoravant.org\/wp-content\/uploads\/2025\/11\/cropped-cropped-LOGO_CORAVANT-15-anys_CASTELLANO.png","contentUrl":"https:\/\/fundaciocoravant.org\/wp-content\/uploads\/2025\/11\/cropped-cropped-LOGO_CORAVANT-15-anys_CASTELLANO.png","width":1404,"height":979,"caption":"CorAvant"},"image":{"@id":"https:\/\/fundaciocoravant.org\/#\/schema\/logo\/image\/"},"sameAs":["https:\/\/www.facebook.com\/coravantaacic","https:\/\/x.com\/coravant","https:\/\/www.instagram.com\/coravantaacic\/","https:\/\/www.youtube.com\/@CorAvantAACIC_cardiopaties","https:\/\/www.linkedin.com\/company\/fundacio-coravant\/"]}]}},"campaignId":"","_links":{"self":[{"href":"https:\/\/fundaciocoravant.org\/es\/wp-json\/wp\/v2\/pages\/399","targetHints":{"allow":["GET"]}}],"collection":[{"href":"https:\/\/fundaciocoravant.org\/es\/wp-json\/wp\/v2\/pages"}],"about":[{"href":"https:\/\/fundaciocoravant.org\/es\/wp-json\/wp\/v2\/types\/page"}],"author":[{"embeddable":true,"href":"https:\/\/fundaciocoravant.org\/es\/wp-json\/wp\/v2\/users\/1"}],"replies":[{"embeddable":true,"href":"https:\/\/fundaciocoravant.org\/es\/wp-json\/wp\/v2\/comments?post=399"}],"version-history":[{"count":1,"href":"https:\/\/fundaciocoravant.org\/es\/wp-json\/wp\/v2\/pages\/399\/revisions"}],"predecessor-version":[{"id":400,"href":"https:\/\/fundaciocoravant.org\/es\/wp-json\/wp\/v2\/pages\/399\/revisions\/400"}],"wp:attachment":[{"href":"https:\/\/fundaciocoravant.org\/es\/wp-json\/wp\/v2\/media?parent=399"}],"curies":[{"name":"wp","href":"https:\/\/api.w.org\/{rel}","templated":true}]}}