{"id":404,"date":"2025-12-15T15:07:02","date_gmt":"2025-12-15T15:07:02","guid":{"rendered":"https:\/\/fundaciocoravant.org\/collabora\/hazte-socio-o-socia-de-coravant\/"},"modified":"2025-12-19T09:12:31","modified_gmt":"2025-12-19T09:12:31","slug":"hazte-socio-o-socia-de-coravant","status":"publish","type":"page","link":"https:\/\/fundaciocoravant.org\/es\/colabora\/hazte-socio-o-socia-de-coravant\/","title":{"rendered":"Hazte socio o socia de CorAvant"},"content":{"rendered":"\n<p>\u00danete a CorAvant y contribuye directamente a mejorar la calidad de vida de los j\u00f3venes y adultos que tienen una cardiopat\u00eda y la de sus familias.<\/p>\n\n\n\n<p>Adem\u00e1s de <strong>beneficiarte de las desgravaciones fiscales<\/strong>, si te asocias a CorAvant con la cuota m\u00ednima recomendada, puedes disfrutar de distintas <strong>ventajas<\/strong>:<\/p>\n\n\n\n<ul class=\"wp-block-list\">\n<li>Descuento al servicio de terapia psicol\u00f3gica.<\/li>\n\n\n\n<li>Acceso gratuito a grupos de padres y madres, infantiles y j\u00f3venes.<\/li>\n\n\n\n<li>Tarifas especiales en las actividades de pago que organizamos: Gran Fiesta del Coraz\u00f3n en el parque de atracciones Tibidabo, talleres, conferencias, charlas\u2026<\/li>\n\n\n\n<li>Primera sesi\u00f3n gratuita de asesoramiento legal por temas de discapacidad, dependencia, incapacidad laboral\u2026 a trav\u00e9s del<a href=\"https:\/\/www.cronda.coop\/\" target=\"_blank\" rel=\"noreferrer noopener\"> Colectivo Ronda.<\/a><\/li>\n\n\n\n<li>Ventajas fiscales: la cuota de asociado es deducible en la declaraci\u00f3n del IRPF.<\/li>\n<\/ul>\n\n\n\n<p>*El Patronato del 8 de junio de 2023 aprob\u00f3 fijar la cuota m\u00ednima recomendada a 57 \u20ac anuals.<\/p>\n\n\n\n<div class=\"wp-block-contact-form-7-contact-form-selector\">\n<div class=\"wpcf7 no-js\" id=\"wpcf7-f378-o1\" lang=\"ca\" dir=\"ltr\" data-wpcf7-id=\"378\">\n<div class=\"screen-reader-response\"><p role=\"status\" aria-live=\"polite\" aria-atomic=\"true\"><\/p> <ul><\/ul><\/div>\n<form action=\"\/es\/wp-json\/wp\/v2\/pages\/404#wpcf7-f378-o1\" method=\"post\" class=\"wpcf7-form init\" aria-label=\"Formulari de contacte\" novalidate=\"novalidate\" data-status=\"init\">\n<fieldset class=\"hidden-fields-container\"><input type=\"hidden\" name=\"_wpcf7\" value=\"378\" \/><input type=\"hidden\" name=\"_wpcf7_version\" value=\"6.1.5\" \/><input type=\"hidden\" name=\"_wpcf7_locale\" value=\"ca\" \/><input type=\"hidden\" name=\"_wpcf7_unit_tag\" value=\"wpcf7-f378-o1\" \/><input type=\"hidden\" name=\"_wpcf7_container_post\" value=\"0\" \/><input type=\"hidden\" name=\"_wpcf7_posted_data_hash\" value=\"\" \/><input type=\"hidden\" name=\"_wpcf7_recaptcha_response\" value=\"\" \/>\n<\/fieldset>\n<p>Nombre y apellidos*\n<\/p>\n<p><span class=\"wpcf7-form-control-wrap\" data-name=\"text-97\"><input size=\"40\" maxlength=\"400\" class=\"wpcf7-form-control wpcf7-text wpcf7-validates-as-required\" aria-required=\"true\" aria-invalid=\"false\" value=\"\" type=\"text\" name=\"text-97\" \/><\/span>\n<\/p>\n<p>Direcci\u00f3n*\n<\/p>\n<p><span class=\"wpcf7-form-control-wrap\" data-name=\"text-340\"><input size=\"40\" maxlength=\"400\" class=\"wpcf7-form-control wpcf7-text wpcf7-validates-as-required\" aria-required=\"true\" aria-invalid=\"false\" value=\"\" type=\"text\" name=\"text-340\" \/><\/span>\n<\/p>\n<p>C\u00f3digo postal*\n<\/p>\n<p><span class=\"wpcf7-form-control-wrap\" data-name=\"text-786\"><input size=\"40\" maxlength=\"400\" class=\"wpcf7-form-control wpcf7-text wpcf7-validates-as-required\" aria-required=\"true\" aria-invalid=\"false\" value=\"\" type=\"text\" name=\"text-786\" \/><\/span>\n<\/p>\n<p>Poblaci\u00f3n*\n<\/p>\n<p><span class=\"wpcf7-form-control-wrap\" data-name=\"text-611\"><input size=\"40\" maxlength=\"400\" class=\"wpcf7-form-control wpcf7-text wpcf7-validates-as-required\" aria-required=\"true\" aria-invalid=\"false\" value=\"\" type=\"text\" name=\"text-611\" \/><\/span>\n<\/p>\n<p>N\u00famero de tel\u00e9fono*\n<\/p>\n<p><span class=\"wpcf7-form-control-wrap\" data-name=\"tel-453\"><input size=\"40\" maxlength=\"400\" class=\"wpcf7-form-control wpcf7-tel wpcf7-validates-as-required wpcf7-text wpcf7-validates-as-tel\" aria-required=\"true\" aria-invalid=\"false\" value=\"\" type=\"tel\" name=\"tel-453\" \/><\/span>\n<\/p>\n<p>Correo electr\u00f3nico*\n<\/p>\n<p><span class=\"wpcf7-form-control-wrap\" data-name=\"email-911\"><input size=\"40\" maxlength=\"400\" class=\"wpcf7-form-control wpcf7-email wpcf7-validates-as-required wpcf7-text wpcf7-validates-as-email\" aria-required=\"true\" aria-invalid=\"false\" value=\"\" type=\"email\" name=\"email-911\" \/><\/span>\n<\/p>\n<p>DNI*\n<\/p>\n<p><span class=\"wpcf7-form-control-wrap\" data-name=\"text-366\"><input size=\"40\" maxlength=\"400\" class=\"wpcf7-form-control wpcf7-text wpcf7-validates-as-required\" aria-required=\"true\" aria-invalid=\"false\" value=\"\" type=\"text\" name=\"text-366\" \/><\/span>\n<\/p>\n<p><b>Para poder acceder a las ventajas de ser socio o socia de CorAvant, el Patronato del 8 de junio de 2023 aprob\u00f3 fijar la cuota m\u00ednima recomendada a 57 \u20ac anuales.<\/b>\n<\/p>\n<p>Selecciona la cantidad que quieres aportar*\n<\/p>\n<p><span class=\"wpcf7-form-control-wrap\" data-name=\"checkbox-275\"><span class=\"wpcf7-form-control wpcf7-checkbox wpcf7-validates-as-required wpcf7-exclusive-checkbox\"><span class=\"wpcf7-list-item first\"><label><span class=\"wpcf7-list-item-label\">Cuota m\u00ednima recomendada de 57 \u20ac<\/span><input type=\"checkbox\" name=\"checkbox-275\" value=\"Cuota m\u00ednima recomendada de 57 \u20ac\" \/><\/label><\/span><span class=\"wpcf7-list-item last\"><label><span class=\"wpcf7-list-item-label\">Otras cantidades<\/span><input type=\"checkbox\" name=\"checkbox-275\" value=\"Otras cantidades\" \/><\/label><\/span><\/span><\/span>\n<\/p>\n<p>Si has indicado Otras cantidades, especif\u00edcala*\n<\/p>\n<p><span class=\"wpcf7-form-control-wrap\" data-name=\"text-249\"><input size=\"40\" maxlength=\"400\" class=\"wpcf7-form-control wpcf7-text\" aria-invalid=\"false\" value=\"\" type=\"text\" name=\"text-249\" \/><\/span>\n<\/p>\n<p>Selecciona la periodicidad*\n<\/p>\n<p><span class=\"wpcf7-form-control-wrap\" data-name=\"checkbox-231\"><span class=\"wpcf7-form-control wpcf7-checkbox wpcf7-validates-as-required wpcf7-exclusive-checkbox\"><span class=\"wpcf7-list-item first\"><label><span class=\"wpcf7-list-item-label\">Mensual<\/span><input type=\"checkbox\" name=\"checkbox-231\" value=\"Mensual\" \/><\/label><\/span><span class=\"wpcf7-list-item\"><label><span class=\"wpcf7-list-item-label\">Trimestral<\/span><input type=\"checkbox\" name=\"checkbox-231\" value=\"Trimestral\" \/><\/label><\/span><span class=\"wpcf7-list-item\"><label><span class=\"wpcf7-list-item-label\">Semestral<\/span><input type=\"checkbox\" name=\"checkbox-231\" value=\"Semestral\" \/><\/label><\/span><span class=\"wpcf7-list-item last\"><label><span class=\"wpcf7-list-item-label\">Anual<\/span><input type=\"checkbox\" name=\"checkbox-231\" value=\"Anual\" \/><\/label><\/span><\/span><\/span>\n<\/p>\n<p>Titular de la cuenta*\n<\/p>\n<p><span class=\"wpcf7-form-control-wrap\" data-name=\"text-345\"><input size=\"40\" maxlength=\"400\" class=\"wpcf7-form-control wpcf7-text wpcf7-validates-as-required\" aria-required=\"true\" aria-invalid=\"false\" value=\"\" type=\"text\" name=\"text-345\" \/><\/span>\n<\/p>\n<p>N\u00famero de la cuenta (IBAN-Entidad-Oficina-DC-N\u00famero de cuenta)*\n<\/p>\n<p><span class=\"wpcf7-form-control-wrap\" data-name=\"text-110\"><input size=\"40\" maxlength=\"400\" class=\"wpcf7-form-control wpcf7-text wpcf7-validates-as-required\" aria-required=\"true\" aria-invalid=\"false\" value=\"\" type=\"text\" name=\"text-110\" \/><\/span>\n<\/p>\n<p>\u00bfQuieres recibir informaci\u00f3n de todo lo qu\u00e9 hacemos?*\n<\/p>\n<p><span class=\"wpcf7-form-control-wrap\" data-name=\"checkbox-207\"><span class=\"wpcf7-form-control wpcf7-checkbox wpcf7-validates-as-required wpcf7-exclusive-checkbox\"><span class=\"wpcf7-list-item first\"><label><input type=\"checkbox\" name=\"checkbox-207\" value=\"S\u00ed, tengo un\/a hijo\/a con cardiopat\u00eda\" \/><span class=\"wpcf7-list-item-label\">S\u00ed, tengo un\/a hijo\/a con cardiopat\u00eda<\/span><\/label><\/span><span class=\"wpcf7-list-item\"><label><input type=\"checkbox\" name=\"checkbox-207\" value=\"S\u00ed, tengo un\/a familiar con cardiopat\u00eda\" \/><span class=\"wpcf7-list-item-label\">S\u00ed, tengo un\/a familiar con cardiopat\u00eda<\/span><\/label><\/span><span class=\"wpcf7-list-item\"><label><input type=\"checkbox\" name=\"checkbox-207\" value=\"S\u00ed, tengo una cardiopat\u00eda\" \/><span class=\"wpcf7-list-item-label\">S\u00ed, tengo una cardiopat\u00eda<\/span><\/label><\/span><span class=\"wpcf7-list-item\"><label><input type=\"checkbox\" name=\"checkbox-207\" value=\"S\u00ed, porqu\u00e9...\" \/><span class=\"wpcf7-list-item-label\">S\u00ed, porqu\u00e9...<\/span><\/label><\/span><span class=\"wpcf7-list-item last\"><label><input type=\"checkbox\" name=\"checkbox-207\" value=\"No\" \/><span class=\"wpcf7-list-item-label\">No<\/span><\/label><\/span><\/span><\/span>\n<\/p>\n<p>Si has indicado \"S\u00ed, porqu\u00e9...\" cu\u00e9ntanos el motivo para poderte enviar la informaci\u00f3n que m\u00e1s se adapte a tus intereses:<br \/>\n<span class=\"wpcf7-form-control-wrap\" data-name=\"text-404\"><input size=\"40\" maxlength=\"400\" class=\"wpcf7-form-control wpcf7-text\" aria-invalid=\"false\" value=\"\" type=\"text\" name=\"text-404\" \/><\/span>\n<\/p>\n<p>Consentimiento al tratamiento de los datos personales*\n<\/p>\n<p><span class=\"wpcf7-form-control-wrap\" data-name=\"acceptance-948\"><span class=\"wpcf7-form-control wpcf7-acceptance\"><span class=\"wpcf7-list-item\"><label><input type=\"checkbox\" name=\"acceptance-948\" value=\"1\" aria-invalid=\"false\" \/><span class=\"wpcf7-list-item-label\">He le\u00eddo y entiendo la <a href=\"https:\/\/fundaciocoravant.org\/es\/politica-de-privacidad\/\"><u>pol\u00edtica de privacidad<\/u><\/a> y autorizo expresamente la Fundaci\u00f3n CorAvant al tratamiento de mis datos personales, incluidos los datos de salud, exclusivamente para la gesti\u00f3n de la entrevista de apoyo, la atenci\u00f3n y\/o mi condici\u00f3n de socio\/a, de acuerdo con el Reglamento (UE) 2016\/679 y la Ley Org\u00e1nica 3\/2018. As\u00ed mismo, he sido informado\/da que puedo retirar este consentimiento en cualquier momento, sin que esto afecte la licitud del tratamiento previo.<\/span><\/label><\/span><\/span><\/span>\n<\/p>\n<p>*campos obligatorios\n<\/p>\n<p><input class=\"wpcf7-form-control wpcf7-submit has-spinner\" type=\"submit\" value=\"Enviar\" \/><br \/>\n<small>Este sitio est\u00e1 protegido por reCAPTCHA y se aplican la <a href=\"https:\/\/policies.google.com\/privacy\">pol\u00edtica de privacidad<\/a> y <a href=\"https:\/\/policies.google.com\/terms\">t\u00e9rminos del servicio<\/a> de Google.<\/small><br \/>\n<small>De conformidad con lo establecido al Reglamento Europeo 2016\/679 del Parlamento Europeo y la Ley Org\u00e1nica 3\/2018 de Protecci\u00f3n de Datos Personales y Garant\u00eda de Derechos Digitales, te informamos que los datos incorporados en este formulario quedan incorporadas a los sistemas de informaci\u00f3n propiedad de la Fundaci\u00f3n CorAvant, responsable del tratamiento. <\/small><br \/>\n<small>En cualquier momento puedes ejercer los derechos de supresi\u00f3n, acceso, limitaci\u00f3n, oposici\u00f3n, portabilidad, rectificaci\u00f3n y revocaci\u00f3n del consentimiento a trav\u00e9s de la direcci\u00f3n de correo electr\u00f3nico coravant@fundaciocoravant.org<\/small><br \/>\n<small>Para m\u00e1s informaci\u00f3n sobre el tratamiento de tus datos personales <a href=\" https:\/\/fundaciocoravant.org\/es\/politica-de-privacidad\/\">consulta nuestra pol\u00edtica de privacidad en el siguiente enlace<\/a><\/small>\n<\/p><div class=\"wpcf7-response-output\" aria-hidden=\"true\"><\/div>\n<\/form>\n<\/div>\n<\/div>\n","protected":false},"excerpt":{"rendered":"<p>\u00danete a CorAvant y contribuye directamente a mejorar la calidad de vida de los j\u00f3venes y adultos que tienen una cardiopat\u00eda y la de sus familias. Adem\u00e1s de beneficiarte de las desgravaciones fiscales, si te asocias a CorAvant con la cuota m\u00ednima recomendada, puedes disfrutar de distintas ventajas: *El Patronato del 8 de junio de<a href=\"https:\/\/fundaciocoravant.org\/es\/colabora\/hazte-socio-o-socia-de-coravant\/\">Continue reading <span class=\"sr-only\">\u00abHazte socio o socia de CorAvant\u00bb<\/span><\/a><\/p>\n","protected":false},"author":1,"featured_media":0,"parent":184,"menu_order":0,"comment_status":"closed","ping_status":"closed","template":"","meta":{"_acf_changed":false,"give_campaign_id":0,"footnotes":""},"class_list":["post-404","page","type-page","status-publish","hentry"],"acf":[],"yoast_head":"<!-- This site is optimized with the Yoast SEO plugin v27.2 - https:\/\/yoast.com\/product\/yoast-seo-wordpress\/ -->\n<title>Hazte socio o socia de CorAvant - CorAvant<\/title>\n<meta name=\"robots\" content=\"index, follow, max-snippet:-1, max-image-preview:large, max-video-preview:-1\" \/>\n<link rel=\"canonical\" href=\"https:\/\/fundaciocoravant.org\/es\/colabora\/hazte-socio-o-socia-de-coravant\/\" \/>\n<meta property=\"og:locale\" content=\"es_ES\" \/>\n<meta property=\"og:type\" content=\"article\" \/>\n<meta property=\"og:title\" content=\"Hazte socio o socia de CorAvant - CorAvant\" \/>\n<meta property=\"og:description\" content=\"\u00danete a CorAvant y contribuye directamente a mejorar la calidad de vida de los j\u00f3venes y adultos que tienen una cardiopat\u00eda y la de sus familias. Adem\u00e1s de beneficiarte de las desgravaciones fiscales, si te asocias a CorAvant con la cuota m\u00ednima recomendada, puedes disfrutar de distintas ventajas: *El Patronato del 8 de junio deContinue reading &quot;Hazte socio o socia de CorAvant&quot;\" \/>\n<meta property=\"og:url\" content=\"https:\/\/fundaciocoravant.org\/es\/colabora\/hazte-socio-o-socia-de-coravant\/\" \/>\n<meta property=\"og:site_name\" content=\"CorAvant\" \/>\n<meta property=\"article:publisher\" content=\"https:\/\/www.facebook.com\/coravantaacic\" \/>\n<meta property=\"article:modified_time\" content=\"2025-12-19T09:12:31+00:00\" \/>\n<meta name=\"twitter:card\" content=\"summary_large_image\" \/>\n<meta name=\"twitter:site\" content=\"@coravant\" \/>\n<meta name=\"twitter:label1\" content=\"Tiempo de lectura\" \/>\n\t<meta name=\"twitter:data1\" content=\"1 minuto\" \/>\n<script type=\"application\/ld+json\" class=\"yoast-schema-graph\">{\"@context\":\"https:\/\/schema.org\",\"@graph\":[{\"@type\":\"WebPage\",\"@id\":\"https:\/\/fundaciocoravant.org\/es\/colabora\/hazte-socio-o-socia-de-coravant\/\",\"url\":\"https:\/\/fundaciocoravant.org\/es\/colabora\/hazte-socio-o-socia-de-coravant\/\",\"name\":\"Hazte socio o socia de CorAvant - CorAvant\",\"isPartOf\":{\"@id\":\"https:\/\/fundaciocoravant.org\/#website\"},\"datePublished\":\"2025-12-15T15:07:02+00:00\",\"dateModified\":\"2025-12-19T09:12:31+00:00\",\"breadcrumb\":{\"@id\":\"https:\/\/fundaciocoravant.org\/es\/colabora\/hazte-socio-o-socia-de-coravant\/#breadcrumb\"},\"inLanguage\":\"es\",\"potentialAction\":[{\"@type\":\"ReadAction\",\"target\":[\"https:\/\/fundaciocoravant.org\/es\/colabora\/hazte-socio-o-socia-de-coravant\/\"]}]},{\"@type\":\"BreadcrumbList\",\"@id\":\"https:\/\/fundaciocoravant.org\/es\/colabora\/hazte-socio-o-socia-de-coravant\/#breadcrumb\",\"itemListElement\":[{\"@type\":\"ListItem\",\"position\":1,\"name\":\"Home\",\"item\":\"https:\/\/fundaciocoravant.org\/es\/\"},{\"@type\":\"ListItem\",\"position\":2,\"name\":\"Colabora\",\"item\":\"https:\/\/fundaciocoravant.org\/es\/colabora\/\"},{\"@type\":\"ListItem\",\"position\":3,\"name\":\"Hazte socio o socia de CorAvant\"}]},{\"@type\":\"WebSite\",\"@id\":\"https:\/\/fundaciocoravant.org\/#website\",\"url\":\"https:\/\/fundaciocoravant.org\/\",\"name\":\"CorAvant\",\"description\":\"Fundaci\u00f3 de joves i adults amb cardiopatia\",\"publisher\":{\"@id\":\"https:\/\/fundaciocoravant.org\/#organization\"},\"potentialAction\":[{\"@type\":\"SearchAction\",\"target\":{\"@type\":\"EntryPoint\",\"urlTemplate\":\"https:\/\/fundaciocoravant.org\/?s={search_term_string}\"},\"query-input\":{\"@type\":\"PropertyValueSpecification\",\"valueRequired\":true,\"valueName\":\"search_term_string\"}}],\"inLanguage\":\"es\"},{\"@type\":\"Organization\",\"@id\":\"https:\/\/fundaciocoravant.org\/#organization\",\"name\":\"CorAvant\",\"url\":\"https:\/\/fundaciocoravant.org\/\",\"logo\":{\"@type\":\"ImageObject\",\"inLanguage\":\"es\",\"@id\":\"https:\/\/fundaciocoravant.org\/#\/schema\/logo\/image\/\",\"url\":\"https:\/\/fundaciocoravant.org\/wp-content\/uploads\/2025\/11\/cropped-cropped-LOGO_CORAVANT-15-anys_CASTELLANO.png\",\"contentUrl\":\"https:\/\/fundaciocoravant.org\/wp-content\/uploads\/2025\/11\/cropped-cropped-LOGO_CORAVANT-15-anys_CASTELLANO.png\",\"width\":1404,\"height\":979,\"caption\":\"CorAvant\"},\"image\":{\"@id\":\"https:\/\/fundaciocoravant.org\/#\/schema\/logo\/image\/\"},\"sameAs\":[\"https:\/\/www.facebook.com\/coravantaacic\",\"https:\/\/x.com\/coravant\",\"https:\/\/www.instagram.com\/coravantaacic\/\",\"https:\/\/www.youtube.com\/@CorAvantAACIC_cardiopaties\",\"https:\/\/www.linkedin.com\/company\/fundacio-coravant\/\"]}]}<\/script>\n<!-- \/ Yoast SEO plugin. -->","yoast_head_json":{"title":"Hazte socio o socia de CorAvant - CorAvant","robots":{"index":"index","follow":"follow","max-snippet":"max-snippet:-1","max-image-preview":"max-image-preview:large","max-video-preview":"max-video-preview:-1"},"canonical":"https:\/\/fundaciocoravant.org\/es\/colabora\/hazte-socio-o-socia-de-coravant\/","og_locale":"es_ES","og_type":"article","og_title":"Hazte socio o socia de CorAvant - CorAvant","og_description":"\u00danete a CorAvant y contribuye directamente a mejorar la calidad de vida de los j\u00f3venes y adultos que tienen una cardiopat\u00eda y la de sus familias. Adem\u00e1s de beneficiarte de las desgravaciones fiscales, si te asocias a CorAvant con la cuota m\u00ednima recomendada, puedes disfrutar de distintas ventajas: *El Patronato del 8 de junio deContinue reading \"Hazte socio o socia de CorAvant\"","og_url":"https:\/\/fundaciocoravant.org\/es\/colabora\/hazte-socio-o-socia-de-coravant\/","og_site_name":"CorAvant","article_publisher":"https:\/\/www.facebook.com\/coravantaacic","article_modified_time":"2025-12-19T09:12:31+00:00","twitter_card":"summary_large_image","twitter_site":"@coravant","twitter_misc":{"Tiempo de lectura":"1 minuto"},"schema":{"@context":"https:\/\/schema.org","@graph":[{"@type":"WebPage","@id":"https:\/\/fundaciocoravant.org\/es\/colabora\/hazte-socio-o-socia-de-coravant\/","url":"https:\/\/fundaciocoravant.org\/es\/colabora\/hazte-socio-o-socia-de-coravant\/","name":"Hazte socio o socia de CorAvant - CorAvant","isPartOf":{"@id":"https:\/\/fundaciocoravant.org\/#website"},"datePublished":"2025-12-15T15:07:02+00:00","dateModified":"2025-12-19T09:12:31+00:00","breadcrumb":{"@id":"https:\/\/fundaciocoravant.org\/es\/colabora\/hazte-socio-o-socia-de-coravant\/#breadcrumb"},"inLanguage":"es","potentialAction":[{"@type":"ReadAction","target":["https:\/\/fundaciocoravant.org\/es\/colabora\/hazte-socio-o-socia-de-coravant\/"]}]},{"@type":"BreadcrumbList","@id":"https:\/\/fundaciocoravant.org\/es\/colabora\/hazte-socio-o-socia-de-coravant\/#breadcrumb","itemListElement":[{"@type":"ListItem","position":1,"name":"Home","item":"https:\/\/fundaciocoravant.org\/es\/"},{"@type":"ListItem","position":2,"name":"Colabora","item":"https:\/\/fundaciocoravant.org\/es\/colabora\/"},{"@type":"ListItem","position":3,"name":"Hazte socio o socia de CorAvant"}]},{"@type":"WebSite","@id":"https:\/\/fundaciocoravant.org\/#website","url":"https:\/\/fundaciocoravant.org\/","name":"CorAvant","description":"Fundaci\u00f3 de joves i adults amb cardiopatia","publisher":{"@id":"https:\/\/fundaciocoravant.org\/#organization"},"potentialAction":[{"@type":"SearchAction","target":{"@type":"EntryPoint","urlTemplate":"https:\/\/fundaciocoravant.org\/?s={search_term_string}"},"query-input":{"@type":"PropertyValueSpecification","valueRequired":true,"valueName":"search_term_string"}}],"inLanguage":"es"},{"@type":"Organization","@id":"https:\/\/fundaciocoravant.org\/#organization","name":"CorAvant","url":"https:\/\/fundaciocoravant.org\/","logo":{"@type":"ImageObject","inLanguage":"es","@id":"https:\/\/fundaciocoravant.org\/#\/schema\/logo\/image\/","url":"https:\/\/fundaciocoravant.org\/wp-content\/uploads\/2025\/11\/cropped-cropped-LOGO_CORAVANT-15-anys_CASTELLANO.png","contentUrl":"https:\/\/fundaciocoravant.org\/wp-content\/uploads\/2025\/11\/cropped-cropped-LOGO_CORAVANT-15-anys_CASTELLANO.png","width":1404,"height":979,"caption":"CorAvant"},"image":{"@id":"https:\/\/fundaciocoravant.org\/#\/schema\/logo\/image\/"},"sameAs":["https:\/\/www.facebook.com\/coravantaacic","https:\/\/x.com\/coravant","https:\/\/www.instagram.com\/coravantaacic\/","https:\/\/www.youtube.com\/@CorAvantAACIC_cardiopaties","https:\/\/www.linkedin.com\/company\/fundacio-coravant\/"]}]}},"campaignId":"","_links":{"self":[{"href":"https:\/\/fundaciocoravant.org\/es\/wp-json\/wp\/v2\/pages\/404","targetHints":{"allow":["GET"]}}],"collection":[{"href":"https:\/\/fundaciocoravant.org\/es\/wp-json\/wp\/v2\/pages"}],"about":[{"href":"https:\/\/fundaciocoravant.org\/es\/wp-json\/wp\/v2\/types\/page"}],"author":[{"embeddable":true,"href":"https:\/\/fundaciocoravant.org\/es\/wp-json\/wp\/v2\/users\/1"}],"replies":[{"embeddable":true,"href":"https:\/\/fundaciocoravant.org\/es\/wp-json\/wp\/v2\/comments?post=404"}],"version-history":[{"count":2,"href":"https:\/\/fundaciocoravant.org\/es\/wp-json\/wp\/v2\/pages\/404\/revisions"}],"predecessor-version":[{"id":836,"href":"https:\/\/fundaciocoravant.org\/es\/wp-json\/wp\/v2\/pages\/404\/revisions\/836"}],"up":[{"embeddable":true,"href":"https:\/\/fundaciocoravant.org\/es\/wp-json\/wp\/v2\/pages\/184"}],"wp:attachment":[{"href":"https:\/\/fundaciocoravant.org\/es\/wp-json\/wp\/v2\/media?parent=404"}],"curies":[{"name":"wp","href":"https:\/\/api.w.org\/{rel}","templated":true}]}}