{"id":856,"date":"2025-12-31T11:01:53","date_gmt":"2025-12-31T11:01:53","guid":{"rendered":"https:\/\/fundaciocoravant.org\/autorizacion-de-recogida-de-datos-y-consentimiento-de-informacion-modelo-familias\/"},"modified":"2026-01-08T13:41:24","modified_gmt":"2026-01-08T13:41:24","slug":"autorizacion-de-recogida-de-datos-y-consentimiento-de-informacion-modelo-familias","status":"publish","type":"page","link":"https:\/\/fundaciocoravant.org\/es\/autorizacion-de-recogida-de-datos-y-consentimiento-de-informacion-modelo-familias\/","title":{"rendered":"Autorizaci\u00f3n de recogida de datos y consentimiento de informaci\u00f3n \u2013 Modelo familias"},"content":{"rendered":"\n<div class=\"wp-block-contact-form-7-contact-form-selector\">\n<div class=\"wpcf7 no-js\" id=\"wpcf7-f848-o1\" lang=\"ca\" dir=\"ltr\" data-wpcf7-id=\"848\">\n<div class=\"screen-reader-response\"><p role=\"status\" aria-live=\"polite\" aria-atomic=\"true\"><\/p> <ul><\/ul><\/div>\n<form action=\"\/es\/wp-json\/wp\/v2\/pages\/856#wpcf7-f848-o1\" method=\"post\" class=\"wpcf7-form init\" aria-label=\"Formulari de contacte\" novalidate=\"novalidate\" data-status=\"init\">\n<fieldset class=\"hidden-fields-container\"><input type=\"hidden\" name=\"_wpcf7\" value=\"848\" \/><input type=\"hidden\" name=\"_wpcf7_version\" value=\"6.1.5\" \/><input type=\"hidden\" name=\"_wpcf7_locale\" value=\"ca\" \/><input type=\"hidden\" name=\"_wpcf7_unit_tag\" value=\"wpcf7-f848-o1\" \/><input type=\"hidden\" name=\"_wpcf7_container_post\" value=\"0\" \/><input type=\"hidden\" name=\"_wpcf7_posted_data_hash\" value=\"\" \/><input type=\"hidden\" name=\"_wpcf7_recaptcha_response\" value=\"\" \/>\n<\/fieldset>\n<p>Nombre y apellidos*\n<\/p>\n<p><span class=\"wpcf7-form-control-wrap\" data-name=\"text-840\"><input size=\"40\" maxlength=\"400\" class=\"wpcf7-form-control wpcf7-text wpcf7-validates-as-required\" aria-required=\"true\" aria-invalid=\"false\" value=\"\" type=\"text\" name=\"text-840\" \/><\/span>\n<\/p>\n<p>Parentesco (padre, madre, tutor...)*\n<\/p>\n<p><span class=\"wpcf7-form-control-wrap\" data-name=\"text-696\"><input size=\"40\" maxlength=\"400\" class=\"wpcf7-form-control wpcf7-text wpcf7-validates-as-required\" aria-required=\"true\" aria-invalid=\"false\" value=\"\" type=\"text\" name=\"text-696\" \/><\/span>\n<\/p>\n<p>DNI*\n<\/p>\n<p><span class=\"wpcf7-form-control-wrap\" data-name=\"text-461\"><input size=\"40\" maxlength=\"400\" class=\"wpcf7-form-control wpcf7-text wpcf7-validates-as-required\" aria-required=\"true\" aria-invalid=\"false\" value=\"\" type=\"text\" name=\"text-461\" \/><\/span>\n<\/p>\n<p>Fecha de nacimiento (dd\/mm\/aaaa)*\n<\/p>\n<p><span class=\"wpcf7-form-control-wrap\" data-name=\"date-57\"><input class=\"wpcf7-form-control wpcf7-date wpcf7-validates-as-required wpcf7-validates-as-date\" aria-required=\"true\" aria-invalid=\"false\" value=\"\" type=\"date\" name=\"date-57\" \/><\/span>\n<\/p>\n<p>Direcci\u00f3n*\n<\/p>\n<p><span class=\"wpcf7-form-control-wrap\" data-name=\"text-704\"><input size=\"40\" maxlength=\"400\" class=\"wpcf7-form-control wpcf7-text wpcf7-validates-as-required\" aria-required=\"true\" aria-invalid=\"false\" value=\"\" type=\"text\" name=\"text-704\" \/><\/span>\n<\/p>\n<p>C\u00f3digo postal*\n<\/p>\n<p><span class=\"wpcf7-form-control-wrap\" data-name=\"text-295\"><input size=\"40\" maxlength=\"400\" class=\"wpcf7-form-control wpcf7-text wpcf7-validates-as-required\" aria-required=\"true\" aria-invalid=\"false\" value=\"\" type=\"text\" name=\"text-295\" \/><\/span>\n<\/p>\n<p>Poblaci\u00f3n*\n<\/p>\n<p><span class=\"wpcf7-form-control-wrap\" data-name=\"text-790\"><input size=\"40\" maxlength=\"400\" class=\"wpcf7-form-control wpcf7-text wpcf7-validates-as-required\" aria-required=\"true\" aria-invalid=\"false\" value=\"\" type=\"text\" name=\"text-790\" \/><\/span>\n<\/p>\n<p>N\u00famero de tel\u00e9fono*\n<\/p>\n<p><span class=\"wpcf7-form-control-wrap\" data-name=\"tel-173\"><input size=\"40\" maxlength=\"400\" class=\"wpcf7-form-control wpcf7-tel wpcf7-validates-as-required wpcf7-text wpcf7-validates-as-tel\" aria-required=\"true\" aria-invalid=\"false\" value=\"\" type=\"tel\" name=\"tel-173\" \/><\/span>\n<\/p>\n<p>Correo electr\u00f3nico*\n<\/p>\n<p><span class=\"wpcf7-form-control-wrap\" data-name=\"email-155\"><input size=\"40\" maxlength=\"400\" class=\"wpcf7-form-control wpcf7-email wpcf7-validates-as-required wpcf7-text wpcf7-validates-as-email\" aria-required=\"true\" aria-invalid=\"false\" value=\"\" type=\"email\" name=\"email-155\" \/><\/span>\n<\/p>\n<p>\u00bfQuieres que te mantengamos informado\/a mediante nuestros canales de comunicaci\u00f3n?*\n<\/p>\n<p><span class=\"wpcf7-form-control-wrap\" data-name=\"checkbox-342\"><span class=\"wpcf7-form-control wpcf7-checkbox wpcf7-validates-as-required wpcf7-exclusive-checkbox\"><span class=\"wpcf7-list-item first\"><label><input type=\"checkbox\" name=\"checkbox-342\" value=\"S\u00ed\" \/><span class=\"wpcf7-list-item-label\">S\u00ed<\/span><\/label><\/span><span class=\"wpcf7-list-item last\"><label><input type=\"checkbox\" name=\"checkbox-342\" value=\"No\" \/><span class=\"wpcf7-list-item-label\">No<\/span><\/label><\/span><\/span><\/span>\n<\/p>\n<p>Idioma*\n<\/p>\n<p><span class=\"wpcf7-form-control-wrap\" data-name=\"checkbox-552\"><span class=\"wpcf7-form-control wpcf7-checkbox wpcf7-validates-as-required wpcf7-exclusive-checkbox\"><span class=\"wpcf7-list-item first\"><label><input type=\"checkbox\" name=\"checkbox-552\" value=\"Castellano\" \/><span class=\"wpcf7-list-item-label\">Castellano<\/span><\/label><\/span><span class=\"wpcf7-list-item last\"><label><input type=\"checkbox\" name=\"checkbox-552\" value=\"Catal\u00e0\" \/><span class=\"wpcf7-list-item-label\">Catal\u00e0<\/span><\/label><\/span><\/span><\/span>\n<\/p>\n<p>\u00bfC\u00f3mo nos has conocido?*\n<\/p>\n<p><span class=\"wpcf7-form-control-wrap\" data-name=\"checkbox-131\"><span class=\"wpcf7-form-control wpcf7-checkbox wpcf7-validates-as-required wpcf7-exclusive-checkbox\"><span class=\"wpcf7-list-item first\"><label><input type=\"checkbox\" name=\"checkbox-131\" value=\"Internet\" \/><span class=\"wpcf7-list-item-label\">Internet<\/span><\/label><\/span><span class=\"wpcf7-list-item\"><label><input type=\"checkbox\" name=\"checkbox-131\" value=\"Redes sociales\" \/><span class=\"wpcf7-list-item-label\">Redes sociales<\/span><\/label><\/span><span class=\"wpcf7-list-item\"><label><input type=\"checkbox\" name=\"checkbox-131\" value=\"Equipo m\u00e9dico\" \/><span class=\"wpcf7-list-item-label\">Equipo m\u00e9dico<\/span><\/label><\/span><span class=\"wpcf7-list-item\"><label><input type=\"checkbox\" name=\"checkbox-131\" value=\"Amistades\" \/><span class=\"wpcf7-list-item-label\">Amistades<\/span><\/label><\/span><span class=\"wpcf7-list-item last\"><label><input type=\"checkbox\" name=\"checkbox-131\" value=\"Otros\" \/><span class=\"wpcf7-list-item-label\">Otros<\/span><\/label><\/span><\/span><\/span>\n<\/p>\n<p>Si has indicado \"Otros\", cu\u00e9ntanos como nos has conocido:\n<\/p>\n<p><span class=\"wpcf7-form-control-wrap\" data-name=\"text-626\"><input size=\"40\" maxlength=\"400\" class=\"wpcf7-form-control wpcf7-text\" aria-invalid=\"false\" value=\"\" type=\"text\" name=\"text-626\" \/><\/span>\n<\/p>\n<p>Nombre y apellidos del ni\u00f1o\/a*\n<\/p>\n<p><span class=\"wpcf7-form-control-wrap\" data-name=\"text-870\"><input size=\"40\" maxlength=\"400\" class=\"wpcf7-form-control wpcf7-text wpcf7-validates-as-required\" aria-required=\"true\" aria-invalid=\"false\" value=\"\" type=\"text\" name=\"text-870\" \/><\/span>\n<\/p>\n<p>DNI del ni\u00f1o\/a (en caso de tenerlo)\n<\/p>\n<p><span class=\"wpcf7-form-control-wrap\" data-name=\"text-7\"><input size=\"40\" maxlength=\"400\" class=\"wpcf7-form-control wpcf7-text\" aria-invalid=\"false\" value=\"\" type=\"text\" name=\"text-7\" \/><\/span>\n<\/p>\n<p>Fecha de nacimiento del ni\u00f1o\/a (dd\/mm\/aaaa)*\n<\/p>\n<p><span class=\"wpcf7-form-control-wrap\" data-name=\"date-710\"><input class=\"wpcf7-form-control wpcf7-date wpcf7-validates-as-required wpcf7-validates-as-date\" aria-required=\"true\" aria-invalid=\"false\" value=\"\" type=\"date\" name=\"date-710\" \/><\/span>\n<\/p>\n<p>Direcci\u00f3n del ni\u00f1o\/a (en caso que sea distinta)*\n<\/p>\n<p><span class=\"wpcf7-form-control-wrap\" data-name=\"text-455\"><input size=\"40\" maxlength=\"400\" class=\"wpcf7-form-control wpcf7-text\" aria-invalid=\"false\" value=\"\" type=\"text\" name=\"text-455\" \/><\/span>\n<\/p>\n<p>Consentimiento al tratamiento de los datos personales*\n<\/p>\n<p><span class=\"wpcf7-form-control-wrap\" data-name=\"acceptance-948\"><span class=\"wpcf7-form-control wpcf7-acceptance\"><span class=\"wpcf7-list-item\"><label><input type=\"checkbox\" name=\"acceptance-948\" value=\"1\" aria-invalid=\"false\" \/><span class=\"wpcf7-list-item-label\">He le\u00eddo y entiendo la <a href=\"https:\/\/fundaciocoravant.org\/es\/politica-de-privacidad\/\"><u>pol\u00edtica de privacidad<\/u><\/a> y autorizo expresamente la Fundaci\u00f3n CorAvant al tratamiento de mis datos personales, incluidos los datos de salud, exclusivamente para la gesti\u00f3n de la entrevista de apoyo, la atenci\u00f3n y\/o mi condici\u00f3n de socio\/a, de acuerdo con el Reglamento (UE) 2016\/679 y la Ley Org\u00e1nica 3\/2018. As\u00ed mismo, he sido informado\/da que puedo retirar este consentimiento en cualquier momento, sin que esto afecte la licitud del tratamiento previo.<\/span><\/label><\/span><\/span><\/span>\n<\/p>\n<p>*campos obligatorios\n<\/p>\n<p><input class=\"wpcf7-form-control wpcf7-submit has-spinner\" type=\"submit\" value=\"Enviar\" \/><br \/>\n<small>Este sitio est\u00e1 protegido por reCAPTCHA y se aplican la <a href=\"https:\/\/policies.google.com\/privacy\">pol\u00edtica de privacidad<\/a> y <a href=\"https:\/\/policies.google.com\/terms\">t\u00e9rminos del servicio<\/a> de Google.<\/small><br \/>\n<small>De conformidad con lo establecido al Reglamento Europeo 2016\/679 del Parlamento Europeo y la Ley Org\u00e1nica 3\/2018 de Protecci\u00f3n de Datos Personales y Garant\u00eda de Derechos Digitales, te informamos que los datos incorporados en este formulario quedan incorporadas a los sistemas de informaci\u00f3n propiedad de la Fundaci\u00f3n CorAvant, responsable del tratamiento. <\/small><br \/>\n<small>En cualquier momento puedes ejercer los derechos de supresi\u00f3n, acceso, limitaci\u00f3n, oposici\u00f3n, portabilidad, rectificaci\u00f3n y revocaci\u00f3n del consentimiento a trav\u00e9s de la direcci\u00f3n de correo electr\u00f3nico coravant@fundaciocoravant.org<\/small><br \/>\n<small>Para m\u00e1s informaci\u00f3n sobre el tratamiento de tus datos personales <a href=\" https:\/\/fundaciocoravant.org\/es\/politica-de-privacidad\/\">consulta nuestra pol\u00edtica de privacidad en el siguiente enlace<\/a><\/small>\n<\/p><div class=\"wpcf7-response-output\" aria-hidden=\"true\"><\/div>\n<\/form>\n<\/div>\n<\/div>\n","protected":false},"excerpt":{"rendered":"","protected":false},"author":1,"featured_media":0,"parent":0,"menu_order":0,"comment_status":"closed","ping_status":"closed","template":"","meta":{"_acf_changed":false,"give_campaign_id":0,"footnotes":""},"class_list":["post-856","page","type-page","status-publish","hentry"],"acf":[],"yoast_head":"<!-- This site is optimized with the Yoast SEO plugin v27.2 - https:\/\/yoast.com\/product\/yoast-seo-wordpress\/ -->\n<title>Autorizaci\u00f3n de recogida de datos y consentimiento de informaci\u00f3n \u2013 Modelo familias - CorAvant<\/title>\n<meta name=\"robots\" content=\"index, follow, max-snippet:-1, max-image-preview:large, max-video-preview:-1\" \/>\n<link rel=\"canonical\" href=\"https:\/\/fundaciocoravant.org\/es\/autorizacion-de-recogida-de-datos-y-consentimiento-de-informacion-modelo-familias\/\" \/>\n<meta property=\"og:locale\" content=\"es_ES\" \/>\n<meta property=\"og:type\" content=\"article\" \/>\n<meta property=\"og:title\" content=\"Autorizaci\u00f3n de recogida de datos y consentimiento de informaci\u00f3n \u2013 Modelo familias - CorAvant\" \/>\n<meta property=\"og:url\" content=\"https:\/\/fundaciocoravant.org\/es\/autorizacion-de-recogida-de-datos-y-consentimiento-de-informacion-modelo-familias\/\" \/>\n<meta property=\"og:site_name\" content=\"CorAvant\" \/>\n<meta property=\"article:publisher\" content=\"https:\/\/www.facebook.com\/coravantaacic\" \/>\n<meta property=\"article:modified_time\" content=\"2026-01-08T13:41:24+00:00\" \/>\n<meta name=\"twitter:card\" content=\"summary_large_image\" \/>\n<meta name=\"twitter:site\" content=\"@coravant\" \/>\n<meta name=\"twitter:label1\" content=\"Tiempo de lectura\" \/>\n\t<meta name=\"twitter:data1\" content=\"1 minuto\" \/>\n<script type=\"application\/ld+json\" class=\"yoast-schema-graph\">{\"@context\":\"https:\/\/schema.org\",\"@graph\":[{\"@type\":\"WebPage\",\"@id\":\"https:\/\/fundaciocoravant.org\/es\/autorizacion-de-recogida-de-datos-y-consentimiento-de-informacion-modelo-familias\/\",\"url\":\"https:\/\/fundaciocoravant.org\/es\/autorizacion-de-recogida-de-datos-y-consentimiento-de-informacion-modelo-familias\/\",\"name\":\"Autorizaci\u00f3n de recogida de datos y consentimiento de informaci\u00f3n \u2013 Modelo familias - CorAvant\",\"isPartOf\":{\"@id\":\"https:\/\/fundaciocoravant.org\/#website\"},\"datePublished\":\"2025-12-31T11:01:53+00:00\",\"dateModified\":\"2026-01-08T13:41:24+00:00\",\"breadcrumb\":{\"@id\":\"https:\/\/fundaciocoravant.org\/es\/autorizacion-de-recogida-de-datos-y-consentimiento-de-informacion-modelo-familias\/#breadcrumb\"},\"inLanguage\":\"es\",\"potentialAction\":[{\"@type\":\"ReadAction\",\"target\":[\"https:\/\/fundaciocoravant.org\/es\/autorizacion-de-recogida-de-datos-y-consentimiento-de-informacion-modelo-familias\/\"]}]},{\"@type\":\"BreadcrumbList\",\"@id\":\"https:\/\/fundaciocoravant.org\/es\/autorizacion-de-recogida-de-datos-y-consentimiento-de-informacion-modelo-familias\/#breadcrumb\",\"itemListElement\":[{\"@type\":\"ListItem\",\"position\":1,\"name\":\"Home\",\"item\":\"https:\/\/fundaciocoravant.org\/es\/\"},{\"@type\":\"ListItem\",\"position\":2,\"name\":\"Autorizaci\u00f3n de recogida de datos y consentimiento de informaci\u00f3n \u2013 Modelo familias\"}]},{\"@type\":\"WebSite\",\"@id\":\"https:\/\/fundaciocoravant.org\/#website\",\"url\":\"https:\/\/fundaciocoravant.org\/\",\"name\":\"CorAvant\",\"description\":\"Fundaci\u00f3 de joves i adults amb cardiopatia\",\"publisher\":{\"@id\":\"https:\/\/fundaciocoravant.org\/#organization\"},\"potentialAction\":[{\"@type\":\"SearchAction\",\"target\":{\"@type\":\"EntryPoint\",\"urlTemplate\":\"https:\/\/fundaciocoravant.org\/?s={search_term_string}\"},\"query-input\":{\"@type\":\"PropertyValueSpecification\",\"valueRequired\":true,\"valueName\":\"search_term_string\"}}],\"inLanguage\":\"es\"},{\"@type\":\"Organization\",\"@id\":\"https:\/\/fundaciocoravant.org\/#organization\",\"name\":\"CorAvant\",\"url\":\"https:\/\/fundaciocoravant.org\/\",\"logo\":{\"@type\":\"ImageObject\",\"inLanguage\":\"es\",\"@id\":\"https:\/\/fundaciocoravant.org\/#\/schema\/logo\/image\/\",\"url\":\"https:\/\/fundaciocoravant.org\/wp-content\/uploads\/2025\/11\/cropped-cropped-LOGO_CORAVANT-15-anys_CASTELLANO.png\",\"contentUrl\":\"https:\/\/fundaciocoravant.org\/wp-content\/uploads\/2025\/11\/cropped-cropped-LOGO_CORAVANT-15-anys_CASTELLANO.png\",\"width\":1404,\"height\":979,\"caption\":\"CorAvant\"},\"image\":{\"@id\":\"https:\/\/fundaciocoravant.org\/#\/schema\/logo\/image\/\"},\"sameAs\":[\"https:\/\/www.facebook.com\/coravantaacic\",\"https:\/\/x.com\/coravant\",\"https:\/\/www.instagram.com\/coravantaacic\/\",\"https:\/\/www.youtube.com\/@CorAvantAACIC_cardiopaties\",\"https:\/\/www.linkedin.com\/company\/fundacio-coravant\/\"]}]}<\/script>\n<!-- \/ Yoast SEO plugin. -->","yoast_head_json":{"title":"Autorizaci\u00f3n de recogida de datos y consentimiento de informaci\u00f3n \u2013 Modelo familias - CorAvant","robots":{"index":"index","follow":"follow","max-snippet":"max-snippet:-1","max-image-preview":"max-image-preview:large","max-video-preview":"max-video-preview:-1"},"canonical":"https:\/\/fundaciocoravant.org\/es\/autorizacion-de-recogida-de-datos-y-consentimiento-de-informacion-modelo-familias\/","og_locale":"es_ES","og_type":"article","og_title":"Autorizaci\u00f3n de recogida de datos y consentimiento de informaci\u00f3n \u2013 Modelo familias - CorAvant","og_url":"https:\/\/fundaciocoravant.org\/es\/autorizacion-de-recogida-de-datos-y-consentimiento-de-informacion-modelo-familias\/","og_site_name":"CorAvant","article_publisher":"https:\/\/www.facebook.com\/coravantaacic","article_modified_time":"2026-01-08T13:41:24+00:00","twitter_card":"summary_large_image","twitter_site":"@coravant","twitter_misc":{"Tiempo de lectura":"1 minuto"},"schema":{"@context":"https:\/\/schema.org","@graph":[{"@type":"WebPage","@id":"https:\/\/fundaciocoravant.org\/es\/autorizacion-de-recogida-de-datos-y-consentimiento-de-informacion-modelo-familias\/","url":"https:\/\/fundaciocoravant.org\/es\/autorizacion-de-recogida-de-datos-y-consentimiento-de-informacion-modelo-familias\/","name":"Autorizaci\u00f3n de recogida de datos y consentimiento de informaci\u00f3n \u2013 Modelo familias - CorAvant","isPartOf":{"@id":"https:\/\/fundaciocoravant.org\/#website"},"datePublished":"2025-12-31T11:01:53+00:00","dateModified":"2026-01-08T13:41:24+00:00","breadcrumb":{"@id":"https:\/\/fundaciocoravant.org\/es\/autorizacion-de-recogida-de-datos-y-consentimiento-de-informacion-modelo-familias\/#breadcrumb"},"inLanguage":"es","potentialAction":[{"@type":"ReadAction","target":["https:\/\/fundaciocoravant.org\/es\/autorizacion-de-recogida-de-datos-y-consentimiento-de-informacion-modelo-familias\/"]}]},{"@type":"BreadcrumbList","@id":"https:\/\/fundaciocoravant.org\/es\/autorizacion-de-recogida-de-datos-y-consentimiento-de-informacion-modelo-familias\/#breadcrumb","itemListElement":[{"@type":"ListItem","position":1,"name":"Home","item":"https:\/\/fundaciocoravant.org\/es\/"},{"@type":"ListItem","position":2,"name":"Autorizaci\u00f3n de recogida de datos y consentimiento de informaci\u00f3n \u2013 Modelo familias"}]},{"@type":"WebSite","@id":"https:\/\/fundaciocoravant.org\/#website","url":"https:\/\/fundaciocoravant.org\/","name":"CorAvant","description":"Fundaci\u00f3 de joves i adults amb cardiopatia","publisher":{"@id":"https:\/\/fundaciocoravant.org\/#organization"},"potentialAction":[{"@type":"SearchAction","target":{"@type":"EntryPoint","urlTemplate":"https:\/\/fundaciocoravant.org\/?s={search_term_string}"},"query-input":{"@type":"PropertyValueSpecification","valueRequired":true,"valueName":"search_term_string"}}],"inLanguage":"es"},{"@type":"Organization","@id":"https:\/\/fundaciocoravant.org\/#organization","name":"CorAvant","url":"https:\/\/fundaciocoravant.org\/","logo":{"@type":"ImageObject","inLanguage":"es","@id":"https:\/\/fundaciocoravant.org\/#\/schema\/logo\/image\/","url":"https:\/\/fundaciocoravant.org\/wp-content\/uploads\/2025\/11\/cropped-cropped-LOGO_CORAVANT-15-anys_CASTELLANO.png","contentUrl":"https:\/\/fundaciocoravant.org\/wp-content\/uploads\/2025\/11\/cropped-cropped-LOGO_CORAVANT-15-anys_CASTELLANO.png","width":1404,"height":979,"caption":"CorAvant"},"image":{"@id":"https:\/\/fundaciocoravant.org\/#\/schema\/logo\/image\/"},"sameAs":["https:\/\/www.facebook.com\/coravantaacic","https:\/\/x.com\/coravant","https:\/\/www.instagram.com\/coravantaacic\/","https:\/\/www.youtube.com\/@CorAvantAACIC_cardiopaties","https:\/\/www.linkedin.com\/company\/fundacio-coravant\/"]}]}},"campaignId":"","_links":{"self":[{"href":"https:\/\/fundaciocoravant.org\/es\/wp-json\/wp\/v2\/pages\/856","targetHints":{"allow":["GET"]}}],"collection":[{"href":"https:\/\/fundaciocoravant.org\/es\/wp-json\/wp\/v2\/pages"}],"about":[{"href":"https:\/\/fundaciocoravant.org\/es\/wp-json\/wp\/v2\/types\/page"}],"author":[{"embeddable":true,"href":"https:\/\/fundaciocoravant.org\/es\/wp-json\/wp\/v2\/users\/1"}],"replies":[{"embeddable":true,"href":"https:\/\/fundaciocoravant.org\/es\/wp-json\/wp\/v2\/comments?post=856"}],"version-history":[{"count":3,"href":"https:\/\/fundaciocoravant.org\/es\/wp-json\/wp\/v2\/pages\/856\/revisions"}],"predecessor-version":[{"id":860,"href":"https:\/\/fundaciocoravant.org\/es\/wp-json\/wp\/v2\/pages\/856\/revisions\/860"}],"wp:attachment":[{"href":"https:\/\/fundaciocoravant.org\/es\/wp-json\/wp\/v2\/media?parent=856"}],"curies":[{"name":"wp","href":"https:\/\/api.w.org\/{rel}","templated":true}]}}